{"id":7346,"date":"2023-04-19T11:12:16","date_gmt":"2023-04-19T09:12:16","guid":{"rendered":"https:\/\/www.campingsuhiberry.com\/vacances-camping-pays-basque\/carte-du-pays-basque-francais\/"},"modified":"2026-02-09T11:34:48","modified_gmt":"2026-02-09T10:34:48","slug":"kaart-van-frans-baskenland","status":"publish","type":"page","link":"https:\/\/www.campingsuhiberry.com\/nl\/vakantie-in-het-baskenland\/kaart-van-frans-baskenland\/","title":{"rendered":"Kaart van Frans Baskenland"},"content":{"rendered":"<section id=\"ls-section-block_f27ed27ad4229f706386461fb82e2805\" class=\"ls-section \" >\r\n        <div class=\"container \">\r\n        \n\n<h1 class=\"ls__heading wp-block-heading has-text-align-center\">Kaart van Frans Baskenland<\/h1>\n\n\n\n<p class=\"ls-paragraph\">Omringd door majestueuze bergen en de schitterende Atlantische Oceaan biedt het Franse Baskenland adembenemende landschappen op een oppervlakte van 3.000 vierkante kilometer. Met zijn drie historische provincies \u2013 Labourd, Soule en Neder-Navarra \u2013 biedt deze regio talloze mogelijkheden voor avontuur, of u nu houdt van watersporten of bergwandelingen. Laat u verleiden door deze bijzondere bestemming, maar ook door het Spaanse Baskenland!<\/p>\n\n\n\n<p class=\"ls-paragraph\">Bent u op zoek naar inspiratie voor uw volgende vakantie op onze <a href=\"\/nl\/\">camping in het Baskenland<\/a>? Hieronder vindt u een kleine geografische gids van het FranseBaskenland (in blauw op de kaart).<\/p>\n\n\n\n<figure class=\"wp-block-image size-full is-style-default center-img\"><img decoding=\"async\" width=\"735\" height=\"669\" src=\"https:\/\/www.campingsuhiberry.com\/wp-content\/uploads\/2022\/01\/carte-pays-basque.jpg\" alt=\"\" class=\"wp-image-5859\" srcset=\"https:\/\/www.campingsuhiberry.com\/wp-content\/uploads\/2022\/01\/carte-pays-basque.jpg 735w, https:\/\/www.campingsuhiberry.com\/wp-content\/uploads\/2022\/01\/carte-pays-basque-300x273.jpg 300w, https:\/\/www.campingsuhiberry.com\/wp-content\/uploads\/2022\/01\/carte-pays-basque-150x137.jpg 150w\" sizes=\"(max-width: 735px) 100vw, 735px\" \/><\/figure>\n\n\n\n<h2 class=\"ls__heading wp-block-heading\">Labourd, provincie van het Baskenland<\/h2>\n\n\n\n<p class=\"ls-paragraph\">Labourd, een regio van het Franse Baskenland, is een indrukwekkend gebied met bekende badplaatsen zoals Bayonne, Biarritz, Anglet, Bidart en vele andere. De kustlijn strekt zich uit over meer dan vijftig kilometer en biedt tal van activiteiten zoals zeilen en spectaculaire natuurgebieden om te ontdekken. De pure schoonheid van dit deel van het Baskenland heeft het wereldwijd beroemd gemaakt bij bezoekers!<\/p>\n\n\n\n<p class=\"ls-paragraph\">De schilderachtige uitzichten over de baai van Biarritz zullen u betoveren, maar vergeet zeker ook niet de vele charmante dorpen in het binnenland. Van Espelette met zijn beroemde peper tot Ascain, Sare of Ainhoa: deze kleine steden liggen verscholen tussen glooiende heuvels en weelderig groen. Bewonder zeker de typische Baskische huizen met hun rode en groene accenten, h\u00e9t symbool van deze charmante regio.<\/p>\n\n\n\n<figure class=\"wp-block-image size-full is-resized\"><img decoding=\"async\" width=\"992\" height=\"350\" src=\"https:\/\/www.campingsuhiberry.com\/wp-content\/uploads\/2023\/04\/pays-basque-francais.jpg\" alt=\"Frans Baskenland\" class=\"wp-image-5882\" style=\"width:1411px;height:498px\" srcset=\"https:\/\/www.campingsuhiberry.com\/wp-content\/uploads\/2023\/04\/pays-basque-francais.jpg 992w, https:\/\/www.campingsuhiberry.com\/wp-content\/uploads\/2023\/04\/pays-basque-francais-300x106.jpg 300w, https:\/\/www.campingsuhiberry.com\/wp-content\/uploads\/2023\/04\/pays-basque-francais-150x53.jpg 150w, https:\/\/www.campingsuhiberry.com\/wp-content\/uploads\/2023\/04\/pays-basque-francais-768x271.jpg 768w\" sizes=\"(max-width: 992px) 100vw, 992px\" \/><\/figure>\n\n\n\n<p class=\"ls-paragraph\">In het Baskenland worden al uw smaakpapillen verwend met lokale gastronomische specialiteiten, zoals de heerlijke Bayonneham. Bovendien kwam cacao via deze havens Europa binnen, en vandaag kunt u musea en chocolaterie\u00ebn bezoeken in Biarritz en Bayonne! <\/p>\n\n\n\n<p class=\"ls-paragraph\">Daarnaast is surfen hier bijzonder populair en heeft het bijgedragen aan de internationale bekendheid van de regio dankzij zijn beroemde surfspots, wat Labourd tot een ideale bestemming maakt voor een kampeervakantie.<\/p>\n\n\n\n<h2 class=\"ls__heading wp-block-heading\">De provincie Neder-Navarra<\/h2>\n\n\n\n<p class=\"ls-paragraph\">De provincie Neder-Navarra ligt tussen Labourd en Soule en wordt gekenmerkt door bergen rond Saint-Jean-Pied-de-Port, de hoofdstad, en groene valleien tussen Labastide-Clairence en Saint-Palais. <\/p>\n\n\n\n<p class=\"ls-paragraph\">Het is een overwegend landelijke regio, bezaaid met rustige, charmante en authentieke dorpjes. Om de volledige diversiteit, fauna en flora en de prachtige panorama\u2019s te ontdekken, wordt aangeraden de streek te voet te verkennen. De wijngaard van Iroul\u00e9guy, een belangrijke pijler van de Baskische gastronomie, wordt in terrassen verbouwd rond het dorp Saint-\u00c9tienne-de-Ba\u00efgorry en strekt zich uit over 27 gemeenten. Een van de hoogtepunten van deze regio is de aanwezigheid van het kleine Baskische paard, de Pottok, dat u tijdens wandelingen op het platteland kunt tegenkomen.    <\/p>\n\n\n\n<figure class=\"wp-block-image size-full is-resized\"><img decoding=\"async\" width=\"992\" height=\"350\" src=\"https:\/\/www.campingsuhiberry.com\/wp-content\/uploads\/2023\/04\/province-basse-navarre.jpg\" alt=\"province basse navarre\" class=\"wp-image-5874\" style=\"width:1411px;height:498px\" srcset=\"https:\/\/www.campingsuhiberry.com\/wp-content\/uploads\/2023\/04\/province-basse-navarre.jpg 992w, https:\/\/www.campingsuhiberry.com\/wp-content\/uploads\/2023\/04\/province-basse-navarre-300x106.jpg 300w, https:\/\/www.campingsuhiberry.com\/wp-content\/uploads\/2023\/04\/province-basse-navarre-150x53.jpg 150w, https:\/\/www.campingsuhiberry.com\/wp-content\/uploads\/2023\/04\/province-basse-navarre-768x271.jpg 768w\" sizes=\"(max-width: 992px) 100vw, 992px\" \/><\/figure>\n\n\n\n<p class=\"ls-paragraph\">De Pottok, symbool van het Baskenland, leeft in halfvrijheid. Bij een bezoek aan de grotten van Isturitz en Oxocelhaya, twee uitzonderlijke beschermde historische monumenten in de regio, ontdekt u sporen uit de prehistorie met talrijke gebruiksvoorwerpen en rijke rotstekeningen op de wanden. Deze sites bieden bezoekers een onvergetelijke reis door de geschiedenis!  <\/p>\n\n\n\n<h2 class=\"ls__heading wp-block-heading\">De provincie Soule<\/h2>\n\n\n\n<p class=\"ls-paragraph\">Soule, gelegen in het westelijke deel van het Franse Baskenland, bestaat uit twee unieke gebieden: de heuvels rond Maul\u00e9on-Licharre in het noorden en de bergen rond Tardets-Sorholus in het zuiden. Haar uitgestrekte bossen, canyons en kloven maken deze streek bijzonder aantrekkelijk voor liefhebbers van bergwandelingen.<\/p>\n\n\n\n<p class=\"ls-paragraph\">Soule koestert haar tradities en viert deze met levendige festivals en voorstellingen met traditionele zang en dans. Het is een ideale bestemming om de AOC-kaas Ossau-Iraty te ontdekken, maar ook de bakermat van de beroemde Baskische espadrille (80 % van de Franse espadrilles wordt in Maul\u00e9on geproduceerd). De weiden van Soule vormen een onvergetelijke ervaring voor bezoekers! <\/p>\n\n\n\n<figure class=\"wp-block-embed is-type-video is-provider-youtube wp-block-embed-youtube wp-embed-aspect-16-9 wp-has-aspect-ratio\"><div class=\"wp-block-embed__wrapper\">\n<iframe loading=\"lazy\" title=\"LES R\u00c9GIONS BASQUES EXPLIQU\u00c9ES\" width=\"500\" height=\"281\" src=\"https:\/\/www.youtube.com\/embed\/dtJBJwCVXrc?feature=oembed\" frameborder=\"0\" allow=\"accelerometer; autoplay; clipboard-write; encrypted-media; gyroscope; picture-in-picture; web-share\" referrerpolicy=\"strict-origin-when-cross-origin\" allowfullscreen><\/iframe>\n<\/div><\/figure>\n\n\n\n<p class=\"ls-paragraph\">Het Franse Baskenland is een ware schatkamer van ontdekkingen en tradities. Labourd, Neder-Navarra en Soule bieden elk hun eigen landschappen en interesses: stranden, bergpanorama\u2019s of gastronomische ervaringen. Wat uw voorkeur ook is, u vindt het hier en ze wachten erop om beleefd te worden!  <\/p>\n\n\n\n<p class=\"ls-paragraph\">Van de emblematische steden Bayonne, Biarritz en Saint-Jean-Pied-de-Port tot de <a href=\"https:\/\/www.campingsuhiberry.com\/nl\/geen-onderdeel-van-een-categorie\/top-5-van-de-mooiste-dorpen-in-het-baskenland\/\">pittoreske dorpjes<\/a>: het Baskenland biedt een schijnbaar eindeloos aanbod aan culturele bezienswaardigheden. Of u nu Baskische specialiteiten wilt proeven zoals de smaakvolle Bayonneham of de traditionele Ossau-Iraty-kaas, deze dynamische regio heeft voor ieder wat wils.<\/p>\n\n\n\n<p class=\"ls-paragraph\">Het Franse Baskenland is een absolute aanrader voor wie op zoek is naar pure authenticiteit gecombineerd met levendige ervaringen.<\/p>\n\n\r\n    <\/div>\r\n<\/section>","protected":false},"excerpt":{"rendered":"","protected":false},"author":2,"featured_media":7348,"parent":7330,"menu_order":0,"comment_status":"closed","ping_status":"closed","template":"","meta":{"_acf_changed":false,"footnotes":""},"sujet":[],"class_list":["post-7346","page","type-page","status-publish","has-post-thumbnail","hentry"],"acf":[],"yoast_head":"<!-- This site is optimized with the Yoast SEO plugin v23.4 - https:\/\/yoast.com\/wordpress\/plugins\/seo\/ -->\n<title>Kaart van Frans Baskenland: 3 provincies \u2013 Neder-Navarra, Labourd en Soule<\/title>\n<meta name=\"description\" content=\"Plant u een vakantie in het Franse Baskenland? Ontdek meer over de geschiedenis en de provincies!\" \/>\n<meta name=\"robots\" content=\"index, follow, max-snippet:-1, max-image-preview:large, max-video-preview:-1\" \/>\n<link rel=\"canonical\" href=\"https:\/\/www.campingsuhiberry.com\/nl\/vakantie-in-het-baskenland\/kaart-van-frans-baskenland\/\" \/>\n<meta property=\"og:locale\" content=\"nl_NL\" \/>\n<meta property=\"og:type\" content=\"article\" \/>\n<meta property=\"og:title\" content=\"Kaart van Frans Baskenland: 3 provincies \u2013 Neder-Navarra, Labourd en Soule\" \/>\n<meta property=\"og:description\" content=\"Plant u een vakantie in het Franse Baskenland? Ontdek meer over de geschiedenis en de provincies!\" \/>\n<meta property=\"og:url\" content=\"https:\/\/www.campingsuhiberry.com\/nl\/vakantie-in-het-baskenland\/kaart-van-frans-baskenland\/\" \/>\n<meta property=\"og:site_name\" content=\"Camping Suhiberry\" \/>\n<meta property=\"article:modified_time\" content=\"2026-02-09T10:34:48+00:00\" \/>\n<meta property=\"og:image\" content=\"https:\/\/www.campingsuhiberry.com\/wp-content\/uploads\/2023\/04\/carte-pays-basque-francais.jpg\" \/>\n\t<meta property=\"og:image:width\" content=\"1903\" \/>\n\t<meta property=\"og:image:height\" content=\"565\" \/>\n\t<meta property=\"og:image:type\" content=\"image\/jpeg\" \/>\n<meta name=\"twitter:card\" content=\"summary_large_image\" \/>\n<meta name=\"twitter:label1\" content=\"Geschatte leestijd\" \/>\n\t<meta name=\"twitter:data1\" content=\"5 minuten\" \/>\n<!-- \/ Yoast SEO plugin. -->","yoast_head_json":{"title":"Kaart van Frans Baskenland: 3 provincies \u2013 Neder-Navarra, Labourd en Soule","description":"Plant u een vakantie in het Franse Baskenland? Ontdek meer over de geschiedenis en de provincies!","robots":{"index":"index","follow":"follow","max-snippet":"max-snippet:-1","max-image-preview":"max-image-preview:large","max-video-preview":"max-video-preview:-1"},"canonical":"https:\/\/www.campingsuhiberry.com\/nl\/vakantie-in-het-baskenland\/kaart-van-frans-baskenland\/","og_locale":"nl_NL","og_type":"article","og_title":"Kaart van Frans Baskenland: 3 provincies \u2013 Neder-Navarra, Labourd en Soule","og_description":"Plant u een vakantie in het Franse Baskenland? Ontdek meer over de geschiedenis en de provincies!","og_url":"https:\/\/www.campingsuhiberry.com\/nl\/vakantie-in-het-baskenland\/kaart-van-frans-baskenland\/","og_site_name":"Camping Suhiberry","article_modified_time":"2026-02-09T10:34:48+00:00","og_image":[{"width":1903,"height":565,"url":"https:\/\/www.campingsuhiberry.com\/wp-content\/uploads\/2023\/04\/carte-pays-basque-francais.jpg","type":"image\/jpeg"}],"twitter_card":"summary_large_image","twitter_misc":{"Geschatte leestijd":"5 minuten"},"schema":{"@context":"https:\/\/schema.org","@graph":[{"@type":"WebPage","@id":"https:\/\/www.campingsuhiberry.com\/nl\/vakantie-in-het-baskenland\/kaart-van-frans-baskenland\/","url":"https:\/\/www.campingsuhiberry.com\/nl\/vakantie-in-het-baskenland\/kaart-van-frans-baskenland\/","name":"Kaart van Frans Baskenland: 3 provincies \u2013 Neder-Navarra, Labourd en Soule","isPartOf":{"@id":"https:\/\/www.campingsuhiberry.com\/nl\/#website"},"primaryImageOfPage":{"@id":"https:\/\/www.campingsuhiberry.com\/nl\/vakantie-in-het-baskenland\/kaart-van-frans-baskenland\/#primaryimage"},"image":{"@id":"https:\/\/www.campingsuhiberry.com\/nl\/vakantie-in-het-baskenland\/kaart-van-frans-baskenland\/#primaryimage"},"thumbnailUrl":"https:\/\/www.campingsuhiberry.com\/wp-content\/uploads\/2023\/04\/carte-pays-basque-francais.jpg","datePublished":"2023-04-19T09:12:16+00:00","dateModified":"2026-02-09T10:34:48+00:00","description":"Plant u een vakantie in het Franse Baskenland? Ontdek meer over de geschiedenis en de provincies!","breadcrumb":{"@id":"https:\/\/www.campingsuhiberry.com\/nl\/vakantie-in-het-baskenland\/kaart-van-frans-baskenland\/#breadcrumb"},"inLanguage":"nl-NL","potentialAction":[{"@type":"ReadAction","target":["https:\/\/www.campingsuhiberry.com\/nl\/vakantie-in-het-baskenland\/kaart-van-frans-baskenland\/"]}]},{"@type":"ImageObject","inLanguage":"nl-NL","@id":"https:\/\/www.campingsuhiberry.com\/nl\/vakantie-in-het-baskenland\/kaart-van-frans-baskenland\/#primaryimage","url":"https:\/\/www.campingsuhiberry.com\/wp-content\/uploads\/2023\/04\/carte-pays-basque-francais.jpg","contentUrl":"https:\/\/www.campingsuhiberry.com\/wp-content\/uploads\/2023\/04\/carte-pays-basque-francais.jpg","width":1903,"height":565},{"@type":"BreadcrumbList","@id":"https:\/\/www.campingsuhiberry.com\/nl\/vakantie-in-het-baskenland\/kaart-van-frans-baskenland\/#breadcrumb","itemListElement":[{"@type":"ListItem","position":1,"name":"Camping Baskenland","item":"https:\/\/www.campingsuhiberry.com\/nl\/"},{"@type":"ListItem","position":2,"name":"Toerisme in het Baskenland","item":"https:\/\/www.campingsuhiberry.com\/nl\/vakantie-in-het-baskenland\/"},{"@type":"ListItem","position":3,"name":"Kaart van Frans Baskenland"}]},{"@type":"WebSite","@id":"https:\/\/www.campingsuhiberry.com\/nl\/#website","url":"https:\/\/www.campingsuhiberry.com\/nl\/","name":"Camping Suhiberry","description":"","publisher":{"@id":"https:\/\/www.campingsuhiberry.com\/nl\/#organization"},"potentialAction":[{"@type":"SearchAction","target":{"@type":"EntryPoint","urlTemplate":"https:\/\/www.campingsuhiberry.com\/nl\/?s={search_term_string}"},"query-input":{"@type":"PropertyValueSpecification","valueRequired":true,"valueName":"search_term_string"}}],"inLanguage":"nl-NL"},{"@type":"Organization","@id":"https:\/\/www.campingsuhiberry.com\/nl\/#organization","name":"Camping Suhiberry","url":"https:\/\/www.campingsuhiberry.com\/nl\/","logo":{"@type":"ImageObject","inLanguage":"nl-NL","@id":"https:\/\/www.campingsuhiberry.com\/nl\/#\/schema\/logo\/image\/","url":"https:\/\/www.campingsuhiberry.com\/wp-content\/uploads\/2022\/02\/26EF22B2-D6C4-4E69-88A8-12AE8EB90411.jpg","contentUrl":"https:\/\/www.campingsuhiberry.com\/wp-content\/uploads\/2022\/02\/26EF22B2-D6C4-4E69-88A8-12AE8EB90411.jpg","width":600,"height":400,"caption":"Camping Suhiberry"},"image":{"@id":"https:\/\/www.campingsuhiberry.com\/nl\/#\/schema\/logo\/image\/"}}]}},"_links":{"self":[{"href":"https:\/\/www.campingsuhiberry.com\/nl\/wp-json\/wp\/v2\/pages\/7346","targetHints":{"allow":["GET"]}}],"collection":[{"href":"https:\/\/www.campingsuhiberry.com\/nl\/wp-json\/wp\/v2\/pages"}],"about":[{"href":"https:\/\/www.campingsuhiberry.com\/nl\/wp-json\/wp\/v2\/types\/page"}],"author":[{"embeddable":true,"href":"https:\/\/www.campingsuhiberry.com\/nl\/wp-json\/wp\/v2\/users\/2"}],"replies":[{"embeddable":true,"href":"https:\/\/www.campingsuhiberry.com\/nl\/wp-json\/wp\/v2\/comments?post=7346"}],"version-history":[{"count":5,"href":"https:\/\/www.campingsuhiberry.com\/nl\/wp-json\/wp\/v2\/pages\/7346\/revisions"}],"predecessor-version":[{"id":7585,"href":"https:\/\/www.campingsuhiberry.com\/nl\/wp-json\/wp\/v2\/pages\/7346\/revisions\/7585"}],"up":[{"embeddable":true,"href":"https:\/\/www.campingsuhiberry.com\/nl\/wp-json\/wp\/v2\/pages\/7330"}],"wp:featuredmedia":[{"embeddable":true,"href":"https:\/\/www.campingsuhiberry.com\/nl\/wp-json\/wp\/v2\/media\/7348"}],"wp:attachment":[{"href":"https:\/\/www.campingsuhiberry.com\/nl\/wp-json\/wp\/v2\/media?parent=7346"}],"wp:term":[{"taxonomy":"sujet","embeddable":true,"href":"https:\/\/www.campingsuhiberry.com\/nl\/wp-json\/wp\/v2\/sujet?post=7346"}],"curies":[{"name":"wp","href":"https:\/\/api.w.org\/{rel}","templated":true}]}}