{"id":7322,"date":"2022-01-27T14:09:17","date_gmt":"2022-01-27T13:09:17","guid":{"rendered":"https:\/\/www.campingsuhiberry.com\/restaurant-camping-urrugne\/"},"modified":"2026-02-06T14:12:46","modified_gmt":"2026-02-06T13:12:46","slug":"restaurant-en-snack-in-urrugne","status":"publish","type":"page","link":"https:\/\/www.campingsuhiberry.com\/nl\/restaurant-en-snack-in-urrugne\/","title":{"rendered":"Restaurant en Snack"},"content":{"rendered":"<section id=\"ls-section-block_a144a7f225aefae89221f5f1c236eaa2\" class=\"ls-section  page-one\" >\r\n        <div class=\"container \">\r\n        \n\n<h1 class=\"ls__heading wp-block-heading has-text-align-center animated fadeIn\" id=\"restaurant-et-snack\">Restaurant en Snack<\/h1>\n\n\r\n    <\/div>\r\n<\/section>\n\n<section id=\"ls-section-block_8ce79dd237526605a84a003096a39162\" class=\"ls-section  page-two\" >\r\n        <div class=\"container container--wide\">\r\n        \n\n<h2 class=\"ls__heading wp-block-heading has-text-align-center animated fadeIn\" id=\"animations-et-detente-au-camping-suhiberry-un-bon-combine-pour-des-vacances-reussies\">Geniet van typische gerechten uit het Baskenland<\/h2>\n\n\n\n<div class=\"wp-block-columns is-layout-flex wp-container-core-columns-is-layout-9d6595d7 wp-block-columns-is-layout-flex\">\n<div class=\"wp-block-column is-layout-flow wp-block-column-is-layout-flow\" style=\"flex-basis:60%\">\n<figure class=\"wp-block-image size-large\"><a href=\"https:\/\/www.campingsuhiberry.com\/wp-content\/uploads\/2022\/01\/camping-restaurant-urrugne.jpg\"><img decoding=\"async\" width=\"1024\" height=\"683\" src=\"https:\/\/www.campingsuhiberry.com\/wp-content\/uploads\/2022\/01\/camping-restaurant-urrugne-1024x683.jpg\" alt=\"Camping met restaurant in Urrugne\" class=\"wp-image-1205\" srcset=\"https:\/\/www.campingsuhiberry.com\/wp-content\/uploads\/2022\/01\/camping-restaurant-urrugne-1024x683.jpg 1024w, https:\/\/www.campingsuhiberry.com\/wp-content\/uploads\/2022\/01\/camping-restaurant-urrugne-300x200.jpg 300w, https:\/\/www.campingsuhiberry.com\/wp-content\/uploads\/2022\/01\/camping-restaurant-urrugne-150x100.jpg 150w, https:\/\/www.campingsuhiberry.com\/wp-content\/uploads\/2022\/01\/camping-restaurant-urrugne-768x512.jpg 768w, https:\/\/www.campingsuhiberry.com\/wp-content\/uploads\/2022\/01\/camping-restaurant-urrugne.jpg 1200w\" sizes=\"(max-width: 1024px) 100vw, 1024px\" \/><\/a><\/figure>\n<\/div>\n\n\n\n<div class=\"wp-block-column is-layout-flow wp-block-column-is-layout-flow\" style=\"flex-basis:40%\">\n<p class=\"ls-paragraph\">Het snack-restaurant van Suhiberry serveert in juli en augustus zowel \u2019s middags als \u2019s avonds huisgemaakte streekgerechten, bereid met verse en lokale producten.<\/p>\n\n\n\n<p class=\"ls-paragraph\">Altijd ge\u00efnspireerd door de smaken van Zuidwest-Frankrijk verwennen onze gerechten uw smaakpapillen en dragen ze bij aan uw ontdekking van het Baskische gebied en zijn cultuur.<\/p>\n\n\n\n<p class=\"ls-paragraph\">Het snackteam biedt u pizza\u2019s met huisgemaakt deeg op basis van kwaliteitsproducten, burgers, salades\u2026<\/p>\n\n\n\n<p class=\"ls-paragraph\">Via onze menukaart en dagsuggesties willen wij u een geslaagde onderdompeling in de Baskische cultuur en tradities bieden.<\/p>\n\n\n\n<p class=\"ls-paragraph\">Buiten onze grote thema-avonden vindt u dagelijks in ons restaurant de typische producten en bereidingen van de Franse en Spaanse Baskische kust.<\/p>\n\n\n\n<p class=\"ls-paragraph\">In pure Baskische traditie herkent u in de sfeer van ons restaurant en in onze menu\u2019s de kernwaarden: gulheid, smaak, karakter en gastronomie.<\/p>\n<\/div>\n<\/div>\n\n\r\n    <\/div>\r\n<\/section>\n\n<section id=\"ls-section-block_16fad0193a9053de36c9d351af4b7751\" class=\"ls-section  page-three has-background-image has-parallax has-background has-color-1-background-color\" >\r\n    <div class=\"ls-section__background-image opacity-33\"><img decoding=\"async\" src=\"https:\/\/www.campingsuhiberry.com\/wp-content\/uploads\/2022\/02\/camping-avec-restaurant-pays-basque-890x419-1.jpg\" alt=\"\"><\/div>    <div class=\"container \">\r\n        \n\n<h2 class=\"ls__heading wp-block-heading has-text-align-center\" id=\"les-specialites-du-pays-basque\"><span style=\"color:#ffffff\" class=\"tadv-color\">Specialiteiten uit het Baskenland<\/span><\/h2>\n\n\n\n<p class=\"ls-paragraph has-text-align-left\">Kom de Baskische sfeer opsnuiven met een drankje of geniet van een maaltijd in het Resto-Snack-Bar van <a href=\"https:\/\/www.campingsuhiberry.com\/nl\">Camping Urrugne<\/a>:<\/p>\n\n\n\n<ul class=\"ls-list ls-list-undefined wp-block-list\">\n<li>Vers brood en viennoiserie elke ochtend (de dag vooraf reserveren voor de volgende dag).<\/li>\n\n\n\n<li>Restaurant met lokale keuken \u2019s middags van 11.30 tot 14.30 uur en \u2019s avonds van 18.30 tot 22.00 uur.<\/li>\n\n\n\n<li>Snackproducten nemen het over in de namiddag (wafels, cr\u00eapes, panini\u2019s, ijsjes\u2026).<\/li>\n\n\n\n<li>Koelelementen voor koelboxen.<\/li>\n\n\n\n<li>Afhaalmaaltijden als u liever geniet van het comfort van uw accommodatie, of u nu op een <a href=\"https:\/\/www.campingsuhiberry.com\/nl\/camping-en-caravanplaatsen-in-het-baskenland\/\">kampeerplaats staat<\/a> of <a href=\"https:\/\/www.campingsuhiberry.com\/nl\/stacaravan-huren-in-het-baskenland\/\">een stacaravan huurt<\/a>. Ons team staat klaar om voor u een heerlijk Baskisch gerecht te bereiden! <\/li>\n\n\n\n<li>De menukaart van het resto-snack met prijzen is ter plaatse beschikbaar.<\/li>\n<\/ul>\n\n\r\n    <\/div>\r\n<\/section>\n\n<section id=\"ls-section-block_b39dfc8b11e293a991b50b6ce0ec227a\" class=\"ls-section  page-six\" >\r\n        <div class=\"container container--wide\">\r\n        \n\n<div id=\"ls-heading ls-titre-div-block_b8bdf5b4b6196b00ad0da7e6bbdcfc8e\" class=\"ls-titre-div aligncenter h2-like\" >\n    Ontdek de andere activiteiten en diensten van onze camping in Urrugne<\/div>\n\n\n\n<div class=\"wp-block-columns is-layout-flex wp-container-core-columns-is-layout-9d6595d7 wp-block-columns-is-layout-flex\">\n<div class=\"wp-block-column is-layout-flow wp-block-column-is-layout-flow\"><div id=\"ls-maillage-block_a79ae7be7ba29a5d90b279b993f99a32\" class=\"ls-maillage cta-style-normal\" data-rows=\"3\">\r\n    <div class=\"wp-block-columns\"><div class=\"wp-block-column\">\n\n<a href=\"https:\/\/www.campingsuhiberry.com\/nl\/activiteiten-camping-urrugne\/\" target=\"\" rel=\"noopener\" class=\"ls-cta__link\">\n\n\t<div class=\"ls-cta__image\"><img decoding=\"async\" src=\"https:\/\/www.campingsuhiberry.com\/wp-content\/uploads\/2022\/02\/camping-urrugne-activite-sport.jpg\" alt=\"\"><\/div>\n\t<div class=\"ls-cta__title\">\n\t\tSpeelse en sportieve activiteiten\t<\/div>\n\n\t\t\n<\/a><\/div><\/div><\/div><\/div>\n\n\n\n<div class=\"wp-block-column is-layout-flow wp-block-column-is-layout-flow\"><div id=\"ls-maillage-block_a4b536f9a1073b32315271f61330cb8b\" class=\"ls-maillage cta-style-normal\" data-rows=\"3\">\r\n    <div class=\"wp-block-columns\"><div class=\"wp-block-column\">\n\n<a href=\"https:\/\/www.campingsuhiberry.com\/nl\/animatie-en-avonden\/\" target=\"\" rel=\"noopener\" class=\"ls-cta__link\">\n\n\t<div class=\"ls-cta__image\"><img decoding=\"async\" src=\"https:\/\/www.campingsuhiberry.com\/wp-content\/uploads\/2022\/01\/camping-soiree-animee-hendaye-768x512.jpg\" alt=\"\"><\/div>\n\t<div class=\"ls-cta__title\">\n\t\tAnimatie en avonden\t<\/div>\n\n\t\t\n<\/a><\/div><\/div><\/div><\/div>\n\n\n\n<div class=\"wp-block-column is-layout-flow wp-block-column-is-layout-flow\"><div id=\"ls-maillage-block_fcd5df991fe5acc2e364ac63ddea73bf\" class=\"ls-maillage cta-style-normal\" data-rows=\"3\">\r\n    <div class=\"wp-block-columns\"><div class=\"wp-block-column\">\n\n<a href=\"https:\/\/www.campingsuhiberry.com\/nl\/stacaravan-huren-in-het-baskenland\/\" target=\"\" rel=\"noopener\" class=\"ls-cta__link\">\n\n\t<div class=\"ls-cta__image\"><img decoding=\"async\" src=\"https:\/\/www.campingsuhiberry.com\/wp-content\/uploads\/2022\/01\/camping-location-mobil-home-pays-basque.jpg\" alt=\"\"><\/div>\n\t<div class=\"ls-cta__title\">\n\t\tStacaravan\t<\/div>\n\n\t\t\n<\/a><\/div><\/div><\/div><\/div>\n<\/div>\n\n\r\n    <\/div>\r\n<\/section>\n\n<section id=\"ls-section-block_730a6077942237830d9c975ac20d4b75\" class=\"ls-section  avis-pages-section\" >\r\n        <div class=\"container \">\r\n        \n\n<div id=\"ls-heading ls-titre-div-block_cb9929e0d09c83e77d75f02805925697\" class=\"ls-titre-div h2-like\" >\n    WAT VINDEN ONZE GASTEN VAN HET RESTO-SNACK! <\/div>\n\n\n<div class=\"slider slider-avis-pages\"><div class=\"slide\"><div class=\"slide_titre\">Emilie<\/div><div class=\"slide_note\">\n                        <span class=\"dashicons dashicons-star-filled\"><\/span>\n                        <span class=\"dashicons dashicons-star-filled\"><\/span>\n                        <span class=\"dashicons dashicons-star-filled\"><\/span>\n                        <span class=\"dashicons dashicons-star-filled\"><\/span>\n                    <\/div><div class=\"slide_contenu\"><p>Accueil chaleureux par les g\u00e9rants (toujours un coucou et votre sourire).<br \/>\nActivit\u00e9s au top merci Claire pour ton enthousiasme et ta bonne humeur.<br \/>\n<b>Restaurant super bon avec un cuistot et sa serveuse toujours un petit mot sympa<br \/>\nEmplacement bien ombrag\u00e9<br \/>\nTres bien situ\u00e9 niveau commerces .<\/b><\/p>\n<\/div><\/div><div class=\"slide\"><div class=\"slide_titre\">Donodrope<\/div><div class=\"slide_note\">\n                         <span class=\"dashicons dashicons-star-filled\"><\/span>\n                        <span class=\"dashicons dashicons-star-filled\"><\/span>\n                        <span class=\"dashicons dashicons-star-filled\"><\/span>\n                        <span class=\"dashicons dashicons-star-filled\"><\/span>\n                        <span class=\"dashicons dashicons-star-filled\"><\/span>\n                    <\/div><div class=\"slide_contenu\"><p>Magnifique restaurant avec un tiramisu \u00e0 tomb\u00e9 par terre, des pizzas magnifiques, tous le monde au camping est au centre de votre attention, le restaurant l est tous autant, tr\u00e8s heureux de ce s\u00e9jour<\/p>\n<\/div><\/div><div class=\"slide\"><div class=\"slide_titre\">Karine<\/div><div class=\"slide_note\">\n                         <span class=\"dashicons dashicons-star-filled\"><\/span>\n                        <span class=\"dashicons dashicons-star-filled\"><\/span>\n                        <span class=\"dashicons dashicons-star-filled\"><\/span>\n                        <span class=\"dashicons dashicons-star-filled\"><\/span>\n                        <span class=\"dashicons dashicons-star-filled\"><\/span>\n                    <\/div><div class=\"slide_contenu\"><p>Accueil tr\u00e8s sympathique, camping joliment arbor\u00e9, bien situ\u00e9 (\u00e0 proximit\u00e9 de la plage et de l&#8217;Espagne), tr\u00e8s bien \u00e9quip\u00e9 (piscine,tennis,pala, baby-foot&#8230;). <b>On vous conseille le snack pizzeria tenu par des italiens.<\/b><\/p>\n<\/div><\/div><\/div>\n\n\r\n    <\/div>\r\n<\/section>","protected":false},"excerpt":{"rendered":"","protected":false},"author":1,"featured_media":7324,"parent":0,"menu_order":0,"comment_status":"closed","ping_status":"closed","template":"","meta":{"_acf_changed":false,"footnotes":""},"sujet":[],"class_list":["post-7322","page","type-page","status-publish","has-post-thumbnail","hentry"],"acf":[],"yoast_head":"<!-- This site is optimized with the Yoast SEO plugin v23.4 - https:\/\/yoast.com\/wordpress\/plugins\/seo\/ -->\n<title>Restaurant en snack in Urrugne: proef de Baskische gastronomie op de camping<\/title>\n<meta name=\"description\" content=\"Ontdek het restaurant van Camping Suhiberry in het Baskenland: de perfecte gelegenheid om lokale specialiteiten te proeven.\" \/>\n<meta name=\"robots\" content=\"index, follow, max-snippet:-1, max-image-preview:large, max-video-preview:-1\" \/>\n<link rel=\"canonical\" href=\"https:\/\/www.campingsuhiberry.com\/nl\/restaurant-en-snack-in-urrugne\/\" \/>\n<meta property=\"og:locale\" content=\"nl_NL\" \/>\n<meta property=\"og:type\" content=\"article\" \/>\n<meta property=\"og:title\" content=\"Restaurant en snack in Urrugne: proef de Baskische gastronomie op de camping\" \/>\n<meta property=\"og:description\" content=\"Ontdek het restaurant van Camping Suhiberry in het Baskenland: de perfecte gelegenheid om lokale specialiteiten te proeven.\" \/>\n<meta property=\"og:url\" content=\"https:\/\/www.campingsuhiberry.com\/nl\/restaurant-en-snack-in-urrugne\/\" \/>\n<meta property=\"og:site_name\" content=\"Camping Suhiberry\" \/>\n<meta property=\"article:modified_time\" content=\"2026-02-06T13:12:46+00:00\" \/>\n<meta property=\"og:image\" content=\"https:\/\/www.campingsuhiberry.com\/wp-content\/uploads\/2022\/01\/camping-restaurant-pays-basque.jpg\" \/>\n\t<meta property=\"og:image:width\" content=\"1900\" \/>\n\t<meta property=\"og:image:height\" content=\"701\" \/>\n\t<meta property=\"og:image:type\" content=\"image\/jpeg\" \/>\n<meta name=\"twitter:card\" content=\"summary_large_image\" \/>\n<meta name=\"twitter:label1\" content=\"Geschatte leestijd\" \/>\n\t<meta name=\"twitter:data1\" content=\"2 minuten\" \/>\n<!-- \/ Yoast SEO plugin. -->","yoast_head_json":{"title":"Restaurant en snack in Urrugne: proef de Baskische gastronomie op de camping","description":"Ontdek het restaurant van Camping Suhiberry in het Baskenland: de perfecte gelegenheid om lokale specialiteiten te proeven.","robots":{"index":"index","follow":"follow","max-snippet":"max-snippet:-1","max-image-preview":"max-image-preview:large","max-video-preview":"max-video-preview:-1"},"canonical":"https:\/\/www.campingsuhiberry.com\/nl\/restaurant-en-snack-in-urrugne\/","og_locale":"nl_NL","og_type":"article","og_title":"Restaurant en snack in Urrugne: proef de Baskische gastronomie op de camping","og_description":"Ontdek het restaurant van Camping Suhiberry in het Baskenland: de perfecte gelegenheid om lokale specialiteiten te proeven.","og_url":"https:\/\/www.campingsuhiberry.com\/nl\/restaurant-en-snack-in-urrugne\/","og_site_name":"Camping Suhiberry","article_modified_time":"2026-02-06T13:12:46+00:00","og_image":[{"width":1900,"height":701,"url":"https:\/\/www.campingsuhiberry.com\/wp-content\/uploads\/2022\/01\/camping-restaurant-pays-basque.jpg","type":"image\/jpeg"}],"twitter_card":"summary_large_image","twitter_misc":{"Geschatte leestijd":"2 minuten"},"schema":{"@context":"https:\/\/schema.org","@graph":[{"@type":"WebPage","@id":"https:\/\/www.campingsuhiberry.com\/nl\/restaurant-en-snack-in-urrugne\/","url":"https:\/\/www.campingsuhiberry.com\/nl\/restaurant-en-snack-in-urrugne\/","name":"Restaurant en snack in Urrugne: proef de Baskische gastronomie op de camping","isPartOf":{"@id":"https:\/\/www.campingsuhiberry.com\/nl\/#website"},"primaryImageOfPage":{"@id":"https:\/\/www.campingsuhiberry.com\/nl\/restaurant-en-snack-in-urrugne\/#primaryimage"},"image":{"@id":"https:\/\/www.campingsuhiberry.com\/nl\/restaurant-en-snack-in-urrugne\/#primaryimage"},"thumbnailUrl":"https:\/\/www.campingsuhiberry.com\/wp-content\/uploads\/2022\/01\/camping-restaurant-pays-basque.jpg","datePublished":"2022-01-27T13:09:17+00:00","dateModified":"2026-02-06T13:12:46+00:00","description":"Ontdek het restaurant van Camping Suhiberry in het Baskenland: de perfecte gelegenheid om lokale specialiteiten te proeven.","breadcrumb":{"@id":"https:\/\/www.campingsuhiberry.com\/nl\/restaurant-en-snack-in-urrugne\/#breadcrumb"},"inLanguage":"nl-NL","potentialAction":[{"@type":"ReadAction","target":["https:\/\/www.campingsuhiberry.com\/nl\/restaurant-en-snack-in-urrugne\/"]}]},{"@type":"ImageObject","inLanguage":"nl-NL","@id":"https:\/\/www.campingsuhiberry.com\/nl\/restaurant-en-snack-in-urrugne\/#primaryimage","url":"https:\/\/www.campingsuhiberry.com\/wp-content\/uploads\/2022\/01\/camping-restaurant-pays-basque.jpg","contentUrl":"https:\/\/www.campingsuhiberry.com\/wp-content\/uploads\/2022\/01\/camping-restaurant-pays-basque.jpg","width":1900,"height":701},{"@type":"BreadcrumbList","@id":"https:\/\/www.campingsuhiberry.com\/nl\/restaurant-en-snack-in-urrugne\/#breadcrumb","itemListElement":[{"@type":"ListItem","position":1,"name":"Camping Baskenland","item":"https:\/\/www.campingsuhiberry.com\/nl\/"},{"@type":"ListItem","position":2,"name":"Restaurant-snack"}]},{"@type":"WebSite","@id":"https:\/\/www.campingsuhiberry.com\/nl\/#website","url":"https:\/\/www.campingsuhiberry.com\/nl\/","name":"Camping Suhiberry","description":"","publisher":{"@id":"https:\/\/www.campingsuhiberry.com\/nl\/#organization"},"potentialAction":[{"@type":"SearchAction","target":{"@type":"EntryPoint","urlTemplate":"https:\/\/www.campingsuhiberry.com\/nl\/?s={search_term_string}"},"query-input":{"@type":"PropertyValueSpecification","valueRequired":true,"valueName":"search_term_string"}}],"inLanguage":"nl-NL"},{"@type":"Organization","@id":"https:\/\/www.campingsuhiberry.com\/nl\/#organization","name":"Camping Suhiberry","url":"https:\/\/www.campingsuhiberry.com\/nl\/","logo":{"@type":"ImageObject","inLanguage":"nl-NL","@id":"https:\/\/www.campingsuhiberry.com\/nl\/#\/schema\/logo\/image\/","url":"https:\/\/www.campingsuhiberry.com\/wp-content\/uploads\/2022\/02\/26EF22B2-D6C4-4E69-88A8-12AE8EB90411.jpg","contentUrl":"https:\/\/www.campingsuhiberry.com\/wp-content\/uploads\/2022\/02\/26EF22B2-D6C4-4E69-88A8-12AE8EB90411.jpg","width":600,"height":400,"caption":"Camping Suhiberry"},"image":{"@id":"https:\/\/www.campingsuhiberry.com\/nl\/#\/schema\/logo\/image\/"}}]}},"_links":{"self":[{"href":"https:\/\/www.campingsuhiberry.com\/nl\/wp-json\/wp\/v2\/pages\/7322","targetHints":{"allow":["GET"]}}],"collection":[{"href":"https:\/\/www.campingsuhiberry.com\/nl\/wp-json\/wp\/v2\/pages"}],"about":[{"href":"https:\/\/www.campingsuhiberry.com\/nl\/wp-json\/wp\/v2\/types\/page"}],"author":[{"embeddable":true,"href":"https:\/\/www.campingsuhiberry.com\/nl\/wp-json\/wp\/v2\/users\/1"}],"replies":[{"embeddable":true,"href":"https:\/\/www.campingsuhiberry.com\/nl\/wp-json\/wp\/v2\/comments?post=7322"}],"version-history":[{"count":5,"href":"https:\/\/www.campingsuhiberry.com\/nl\/wp-json\/wp\/v2\/pages\/7322\/revisions"}],"predecessor-version":[{"id":7487,"href":"https:\/\/www.campingsuhiberry.com\/nl\/wp-json\/wp\/v2\/pages\/7322\/revisions\/7487"}],"wp:featuredmedia":[{"embeddable":true,"href":"https:\/\/www.campingsuhiberry.com\/nl\/wp-json\/wp\/v2\/media\/7324"}],"wp:attachment":[{"href":"https:\/\/www.campingsuhiberry.com\/nl\/wp-json\/wp\/v2\/media?parent=7322"}],"wp:term":[{"taxonomy":"sujet","embeddable":true,"href":"https:\/\/www.campingsuhiberry.com\/nl\/wp-json\/wp\/v2\/sujet?post=7322"}],"curies":[{"name":"wp","href":"https:\/\/api.w.org\/{rel}","templated":true}]}}