{"id":7300,"date":"2022-01-11T11:33:36","date_gmt":"2022-01-11T10:33:36","guid":{"rendered":"https:\/\/www.campingsuhiberry.com\/camping-pays-basque-avec-piscine\/"},"modified":"2026-02-09T11:37:22","modified_gmt":"2026-02-09T10:37:22","slug":"camping-in-het-baskenland-met-zwembad","status":"publish","type":"page","link":"https:\/\/www.campingsuhiberry.com\/nl\/camping-in-het-baskenland-met-zwembad\/","title":{"rendered":"Zwembad"},"content":{"rendered":"<section id=\"ls-section-block_547cfe2178895e879a5dbf2a3fd7675b\" class=\"ls-section  page-one\" >\r\n        <div class=\"container \">\r\n        \n\n<h1 class=\"ls__heading wp-block-heading has-text-align-center animated fadeIn\" id=\"camping-avec-piscine-a-urrugne-au-pays-basque\">Camping met zwembad in Urrugne in het Baskenland<\/h1>\n\n\n\n<p class=\"ls-paragraph has-text-align-center\">Op <a href=\"https:\/\/www.campingsuhiberry.com\/nl\/\">Camping Suhiberry ****<\/a> in het Baskenland staan waterplezier en ontspanning centraal dankzij het aquatisch domein, een eenvoudige maar bijzonder aangename plek om tot rust te komen.<\/p>\n\n\r\n    <\/div>\r\n<\/section>\n\n<section id=\"ls-section-block_2ae6b329ef96df555c142abc58d270b8\" class=\"ls-section  page-two\" >\r\n        <div class=\"container container--wide\">\r\n        \n\n<h2 class=\"ls__heading wp-block-heading has-text-align-center animated fadeIn\" id=\"votre-camping-avec-piscine-exterieure-chauffee-au-pays-basque\">Uw camping met verwarmd buitenzwembad in het Baskenland<\/h2>\n\n\n\n<div class=\"wp-block-columns is-layout-flex wp-container-core-columns-is-layout-9d6595d7 wp-block-columns-is-layout-flex\">\n<div class=\"wp-block-column is-layout-flow wp-block-column-is-layout-flow\" style=\"flex-basis:60%\">\n<figure class=\"wp-block-image size-full\"><img decoding=\"async\" width=\"1024\" height=\"682\" src=\"https:\/\/www.campingsuhiberry.com\/wp-content\/uploads\/2022\/02\/B74C624B-6755-4A60-9837-368E49A97163-2.jpg\" alt=\"Camping Suhiberry met verwarmd zwembad\" class=\"wp-image-2715\" srcset=\"https:\/\/www.campingsuhiberry.com\/wp-content\/uploads\/2022\/02\/B74C624B-6755-4A60-9837-368E49A97163-2.jpg 1024w, https:\/\/www.campingsuhiberry.com\/wp-content\/uploads\/2022\/02\/B74C624B-6755-4A60-9837-368E49A97163-2-300x200.jpg 300w, https:\/\/www.campingsuhiberry.com\/wp-content\/uploads\/2022\/02\/B74C624B-6755-4A60-9837-368E49A97163-2-150x100.jpg 150w, https:\/\/www.campingsuhiberry.com\/wp-content\/uploads\/2022\/02\/B74C624B-6755-4A60-9837-368E49A97163-2-768x512.jpg 768w\" sizes=\"(max-width: 1024px) 100vw, 1024px\" \/><\/figure>\n<\/div>\n\n\n\n<div class=\"wp-block-column is-layout-flow wp-block-column-is-layout-flow\" style=\"flex-basis:40%\">\n<p class=\"ls-paragraph\">Wij stellen u in het Baskenland een verwarmd buitenzwembad ter beschikking, ideaal om volop te genieten van een verfrissende duik tijdens uw verblijf op onze camping in Urrugne. Het zwembad is geopend van 1 mei tot 30 september en van half juni tot half september wordt de watertemperatuur constant op 28 \u00b0C gehouden, zodat zelfs de meest koukleumen zorgeloos kunnen genieten van waterpret.  <br><br>Het grote verwarmde zwembad loopt zacht af en biedt verschillende dieptes, aangepast aan alle leeftijden: 1 m op de trappen, 1,60 m in het midden en 1,40 m langs de randen. Of u nu een ervaren zwemmer bent of net begint, u vindt altijd een zone die bij u past.<br> <br><br>Voor de allerkleinsten is er een peuterbad, zodat zij veilig kunnen spelen met hun vriendjes in dit aquatische gebied in het Baskenland. Ze mogen zelfs hun favoriete speeltjes meenemen uit de speciaal voor hen voorziene schatkist. <br><br>Wilt u even uitrusten na enkele baantjes, of ontspannen terwijl u uw kind in het peuterbad in het oog houdt, dan staan er ligstoelen rondom het zwembad voor u klaar. U kunt ook uw moment van pure ontspanning reserveren in onze <a href=\"https:\/\/www.campingsuhiberry.com\/nl\/camping-met-privespa-en-jacuzzi\/\">priv\u00e9spa met uitzicht op La Rhune<\/a>! <\/p>\n<\/div>\n<\/div>\n\n\r\n    <\/div>\r\n<\/section>\n\n<section id=\"ls-section-block_5150a289d054b7bdec5fa17d11e25ca2\" class=\"ls-section  page-three has-background-image has-parallax\" >\r\n    <div class=\"ls-section__background-image opacity-33\"><img decoding=\"async\" src=\"https:\/\/www.campingsuhiberry.com\/wp-content\/uploads\/2022\/01\/camping-suhiberry-piscine-enfant-1.jpg\" alt=\"\"><\/div>    <div class=\"container \">\r\n        \n\n<h2 class=\"ls__heading wp-block-heading has-text-align-center\" id=\"le-charmant-espace-piscine-et-bien-etre-du-camping-urrugne-vous-permet-de\"><strong>Het charmante zwembad- en wellnessgedeelte van de camping in Urrugne biedt u de mogelijkheid om:<\/strong><\/h2>\n\n\n\n<p class=\"ls-paragraph has-text-align-left\">Het is altijd een plezier om met het gezin tijd door te brengen in het aquatisch domein van onze camping in het <a href=\"\/vacances-camping-pays-basque\/\">Baskenland tijdens uw vakantie<\/a>.<\/p>\n\n\r\n    <\/div>\r\n<\/section>\n\n<section id=\"ls-section-block_cdff2d297e4b9103416ec7c5fcfe9b76\" class=\"ls-section  page-four\" >\r\n        <div class=\"container container--wide\">\r\n        \n\n<div class=\"wp-block-columns are-vertically-aligned-center m-t-10 is-layout-flex wp-container-core-columns-is-layout-9d6595d7 wp-block-columns-is-layout-flex\">\n<div class=\"wp-block-column is-vertically-aligned-center is-layout-flow wp-block-column-is-layout-flow\" style=\"flex-basis:40%\">\n<h2 class=\"ls__heading wp-block-heading\" id=\"horaires-infos\"> Openingstijden &amp; informatie <\/h2>\n\n\n\n<p class=\"ls-paragraph\">Tijdens het hoogseizoen, in juli en augustus, is het verwarmde zwembad van de camping in het Baskenland toegankelijk van 10.00 tot 19.30 uur. De rest van het jaar is het zwembad geopend van 10.00 tot 18.30 uur. <br><br>Wij besteden bijzonder veel aandacht aan hygi\u00ebne en netheid. Onze teams controleren dagelijks de waterkwaliteit v\u00f3\u00f3r elke opening van de baden. Daarnaast worden er aanvullende controles uitgevoerd door erkende laboratoria om een optimale zwemwaterkwaliteit te garanderen.  <\/p>\n<\/div>\n\n\n\n<div class=\"wp-block-column is-vertically-aligned-center mozaique is-layout-flow wp-block-column-is-layout-flow\" style=\"flex-basis:60%\">\n<div class=\"wp-block-columns first is-layout-flex wp-container-core-columns-is-layout-9d6595d7 wp-block-columns-is-layout-flex\">\n<div class=\"wp-block-column is-layout-flow wp-block-column-is-layout-flow\" style=\"flex-basis:66.66%\">\n<figure class=\"wp-block-image size-full\"><a href=\"https:\/\/www.campingsuhiberry.com\/wp-content\/uploads\/2022\/03\/camping-piscine-pays-basque.jpg\"><img decoding=\"async\" width=\"744\" height=\"496\" src=\"https:\/\/www.campingsuhiberry.com\/wp-content\/uploads\/2022\/03\/camping-piscine-pays-basque.jpg\" alt=\"camping zwembad Baskenland\" class=\"wp-image-4457\" srcset=\"https:\/\/www.campingsuhiberry.com\/wp-content\/uploads\/2022\/03\/camping-piscine-pays-basque.jpg 744w, https:\/\/www.campingsuhiberry.com\/wp-content\/uploads\/2022\/03\/camping-piscine-pays-basque-300x200.jpg 300w, https:\/\/www.campingsuhiberry.com\/wp-content\/uploads\/2022\/03\/camping-piscine-pays-basque-150x100.jpg 150w\" sizes=\"(max-width: 744px) 100vw, 744px\" \/><\/a><\/figure>\n<\/div>\n\n\n\n<div class=\"wp-block-column is-layout-flow wp-block-column-is-layout-flow\" style=\"flex-basis:33.33%\">\n<figure class=\"wp-block-image size-full\"><a href=\"https:\/\/www.campingsuhiberry.com\/wp-content\/uploads\/2022\/02\/3D3ECA2F-5C48-44D6-9750-8C194546994C.jpg\"><img decoding=\"async\" width=\"400\" height=\"600\" src=\"https:\/\/www.campingsuhiberry.com\/wp-content\/uploads\/2022\/02\/3D3ECA2F-5C48-44D6-9750-8C194546994C.jpg\" alt=\"camping yoga zwembad suhiberry\" class=\"wp-image-2685\" srcset=\"https:\/\/www.campingsuhiberry.com\/wp-content\/uploads\/2022\/02\/3D3ECA2F-5C48-44D6-9750-8C194546994C.jpg 400w, https:\/\/www.campingsuhiberry.com\/wp-content\/uploads\/2022\/02\/3D3ECA2F-5C48-44D6-9750-8C194546994C-200x300.jpg 200w, https:\/\/www.campingsuhiberry.com\/wp-content\/uploads\/2022\/02\/3D3ECA2F-5C48-44D6-9750-8C194546994C-100x150.jpg 100w\" sizes=\"(max-width: 400px) 100vw, 400px\" \/><\/a><\/figure>\n<\/div>\n<\/div>\n\n\n\n<div class=\"wp-block-columns is-layout-flex wp-container-core-columns-is-layout-9d6595d7 wp-block-columns-is-layout-flex\">\n<div class=\"wp-block-column is-layout-flow wp-block-column-is-layout-flow\" style=\"flex-basis:40%\">\n<figure class=\"wp-block-image size-full\"><a href=\"<!--[CDATA[https:\/\/www.campingsuhiberry.com\/wp-content\/uploads\/2022\/02\/21430536-C818-4A72-93B0-79C9CF647362.jpg]]--&gt;\"><img decoding=\"async\" width=\"600\" height=\"400\" src=\"https:\/\/www.campingsuhiberry.com\/wp-content\/uploads\/2022\/02\/21430536-C818-4A72-93B0-79C9CF647362.jpg\" alt=\"kinderzwembad camping suhiberry\" class=\"wp-image-2691\" srcset=\"https:\/\/www.campingsuhiberry.com\/wp-content\/uploads\/2022\/02\/21430536-C818-4A72-93B0-79C9CF647362.jpg 600w, https:\/\/www.campingsuhiberry.com\/wp-content\/uploads\/2022\/02\/21430536-C818-4A72-93B0-79C9CF647362-300x200.jpg 300w, https:\/\/www.campingsuhiberry.com\/wp-content\/uploads\/2022\/02\/21430536-C818-4A72-93B0-79C9CF647362-150x100.jpg 150w\" sizes=\"(max-width: 600px) 100vw, 600px\" \/><\/a><\/figure>\n<\/div>\n\n\n\n<div class=\"wp-block-column is-layout-flow wp-block-column-is-layout-flow\" style=\"flex-basis:60%\">\n<figure class=\"wp-block-image size-full\"><a href=\"https:\/\/www.campingsuhiberry.com\/wp-content\/uploads\/2022\/02\/79264440-AB18-4AEF-8B97-F27103231F3E.jpg\"><img decoding=\"async\" width=\"600\" height=\"400\" src=\"https:\/\/www.campingsuhiberry.com\/wp-content\/uploads\/2022\/02\/79264440-AB18-4AEF-8B97-F27103231F3E.jpg\" alt=\"kinderzwembad camping suhiberry\" class=\"wp-image-2681\" srcset=\"https:\/\/www.campingsuhiberry.com\/wp-content\/uploads\/2022\/02\/79264440-AB18-4AEF-8B97-F27103231F3E.jpg 600w, https:\/\/www.campingsuhiberry.com\/wp-content\/uploads\/2022\/02\/79264440-AB18-4AEF-8B97-F27103231F3E-300x200.jpg 300w, https:\/\/www.campingsuhiberry.com\/wp-content\/uploads\/2022\/02\/79264440-AB18-4AEF-8B97-F27103231F3E-150x100.jpg 150w\" sizes=\"(max-width: 600px) 100vw, 600px\" \/><\/a><\/figure>\n<\/div>\n<\/div>\n<\/div>\n<\/div>\n\n\r\n    <\/div>\r\n<\/section>\n\n<section id=\"ls-section-block_21bbbdeeaf5827531e44a3b5800685fb\" class=\"ls-section  page-six\" >\r\n        <div class=\"container container--wide\">\r\n        \n\n<div id=\"ls-heading ls-titre-div-block_84508a770a4a321f3566b1298cc186e3\" class=\"ls-titre-div ls__heading aligncenter h2-like\" >\n    Ontdek alle andere diensten en activiteiten van onze camping in Baskenland<\/div>\n\n\n\n<div class=\"wp-block-columns is-layout-flex wp-container-core-columns-is-layout-9d6595d7 wp-block-columns-is-layout-flex\">\n<div class=\"wp-block-column is-layout-flow wp-block-column-is-layout-flow\"><div id=\"ls-maillage-block_dc79f1aef4c2c4dcb50ec182d45e5895\" class=\"ls-maillage cta-style-normal\" data-rows=\"3\">\r\n    <div class=\"wp-block-columns\"><div class=\"wp-block-column\">\n\n<a href=\"https:\/\/www.campingsuhiberry.com\/nl\/activiteiten-camping-urrugne\/\" target=\"\" rel=\"noopener\" class=\"ls-cta__link\">\n\n\t<div class=\"ls-cta__image\"><img decoding=\"async\" src=\"https:\/\/www.campingsuhiberry.com\/wp-content\/uploads\/2022\/02\/camping-urrugne-activite-sport.jpg\" alt=\"\"><\/div>\n\t<div class=\"ls-cta__title\">\n\t\tSpeelse en sportieve activiteiten\t<\/div>\n\n\t\t\n<\/a><\/div><\/div><\/div><\/div>\n\n\n\n<div class=\"wp-block-column is-layout-flow wp-block-column-is-layout-flow\"><div id=\"ls-maillage-block_7af5a5f7666103cbeb38bafda77fb91a\" class=\"ls-maillage cta-style-normal\" data-rows=\"3\">\r\n    <div class=\"wp-block-columns\"><div class=\"wp-block-column\">\n\n<a href=\"https:\/\/www.campingsuhiberry.com\/nl\/animatie-en-avonden\/\" target=\"\" rel=\"noopener\" class=\"ls-cta__link\">\n\n\t<div class=\"ls-cta__image\"><img decoding=\"async\" src=\"https:\/\/www.campingsuhiberry.com\/wp-content\/uploads\/2022\/01\/camping-soiree-animee-hendaye-768x512.jpg\" alt=\"\"><\/div>\n\t<div class=\"ls-cta__title\">\n\t\tAnimatie en avonden\t<\/div>\n\n\t\t\n<\/a><\/div><\/div><\/div><\/div>\n\n\n\n<div class=\"wp-block-column is-layout-flow wp-block-column-is-layout-flow\"><div id=\"ls-maillage-block_2ced7b0052f3be5516ce72474b32cbba\" class=\"ls-maillage cta-style-normal\" data-rows=\"3\">\r\n    <div class=\"wp-block-columns\"><div class=\"wp-block-column\">\n\n<a href=\"https:\/\/www.campingsuhiberry.com\/nl\/stacaravan-huren-in-het-baskenland\/\" target=\"\" rel=\"noopener\" class=\"ls-cta__link\">\n\n\t<div class=\"ls-cta__image\"><img decoding=\"async\" src=\"https:\/\/www.campingsuhiberry.com\/wp-content\/uploads\/2022\/01\/camping-location-mobil-home-pays-basque.jpg\" alt=\"\"><\/div>\n\t<div class=\"ls-cta__title\">\n\t\tStacaravan\t<\/div>\n\n\t\t\n<\/a><\/div><\/div><\/div><\/div>\n<\/div>\n\n\r\n    <\/div>\r\n<\/section>\n\n<section id=\"ls-section-block_2d499f309f3804b57928ba11c6096f6a\" class=\"ls-section  avis-pages-section\" >\r\n        <div class=\"container \">\r\n        \n\n<div id=\"ls-heading ls-titre-div-block_ad2b2b91ba26afd68952b2cf058313b9\" class=\"ls-titre-div h2-like\" >\n    WAT VINDEN ONZE GASTEN VAN HET ZWEMBAD!<\/div>\n\n\n<div class=\"slider slider-avis-pages\"><div class=\"slide\"><div class=\"slide_titre\">Philippe<\/div><div class=\"slide_note\">\n                         <span class=\"dashicons dashicons-star-filled\"><\/span>\n                        <span class=\"dashicons dashicons-star-filled\"><\/span>\n                        <span class=\"dashicons dashicons-star-filled\"><\/span>\n                        <span class=\"dashicons dashicons-star-filled\"><\/span>\n                        <span class=\"dashicons dashicons-star-filled\"><\/span>\n                    <\/div><div class=\"slide_contenu\"><p>Beau camping, agr\u00e9able. <b>Nous avons appr\u00e9ci\u00e9 la piscine chauff\u00e9e et le terrain de tennis flambant neuf.<\/b> Merci \u00e0 Jon et Audrey pour leur accueil.<\/p>\n<\/div><\/div><div class=\"slide\"><div class=\"slide_titre\">Boris<\/div><div class=\"slide_note\">\n                         <span class=\"dashicons dashicons-star-filled\"><\/span>\n                        <span class=\"dashicons dashicons-star-filled\"><\/span>\n                        <span class=\"dashicons dashicons-star-filled\"><\/span>\n                        <span class=\"dashicons dashicons-star-filled\"><\/span>\n                        <span class=\"dashicons dashicons-star-filled\"><\/span>\n                    <\/div><div class=\"slide_contenu\"><p>Super camping Tr\u00e8s bon camping bien adapt\u00e9 aux enfants.<br \/>\n<b>Piscines sanitaires mobiles homes bien entretenues et propres.<\/b><br \/>\nSuperbe acceuil des propri\u00e9taires.<br \/>\nJe recommande vivement ce camping<\/p>\n<\/div><\/div><div class=\"slide\"><div class=\"slide_titre\">Ludovic<\/div><div class=\"slide_note\">\n                         <span class=\"dashicons dashicons-star-filled\"><\/span>\n                        <span class=\"dashicons dashicons-star-filled\"><\/span>\n                        <span class=\"dashicons dashicons-star-filled\"><\/span>\n                        <span class=\"dashicons dashicons-star-filled\"><\/span>\n                        <span class=\"dashicons dashicons-star-filled\"><\/span>\n                    <\/div><div class=\"slide_contenu\"><p>Camping tr\u00e8s agr\u00e9able. <b>Piscine adapt\u00e9 \u00e0 l&#8217;handicap.<\/b><\/p>\n<\/div><\/div><\/div>\n\n\r\n    <\/div>\r\n<\/section>","protected":false},"excerpt":{"rendered":"","protected":false},"author":1,"featured_media":7302,"parent":0,"menu_order":0,"comment_status":"closed","ping_status":"closed","template":"","meta":{"_acf_changed":false,"footnotes":""},"sujet":[],"class_list":["post-7300","page","type-page","status-publish","has-post-thumbnail","hentry"],"acf":[],"yoast_head":"<!-- This site is optimized with the Yoast SEO plugin v23.4 - https:\/\/yoast.com\/wordpress\/plugins\/seo\/ -->\n<title>Camping in het Baskenland met zwembad \u2013 Aquatisch domein aan de Baskische kust<\/title>\n<meta name=\"description\" content=\"Ontdek onze camping met aquatisch domein in het Baskenland in Urrugne: een zwembad voor nog meer comfort\" \/>\n<meta name=\"robots\" content=\"index, follow, max-snippet:-1, max-image-preview:large, max-video-preview:-1\" \/>\n<link rel=\"canonical\" href=\"https:\/\/www.campingsuhiberry.com\/nl\/camping-in-het-baskenland-met-zwembad\/\" \/>\n<meta property=\"og:locale\" content=\"nl_NL\" \/>\n<meta property=\"og:type\" content=\"article\" \/>\n<meta property=\"og:title\" content=\"Camping in het Baskenland met zwembad \u2013 Aquatisch domein aan de Baskische kust\" \/>\n<meta property=\"og:description\" content=\"Ontdek onze camping met aquatisch domein in het Baskenland in Urrugne: een zwembad voor nog meer comfort\" \/>\n<meta property=\"og:url\" content=\"https:\/\/www.campingsuhiberry.com\/nl\/camping-in-het-baskenland-met-zwembad\/\" \/>\n<meta property=\"og:site_name\" content=\"Camping Suhiberry\" \/>\n<meta property=\"article:modified_time\" content=\"2026-02-09T10:37:22+00:00\" \/>\n<meta property=\"og:image\" content=\"https:\/\/www.campingsuhiberry.com\/wp-content\/uploads\/2022\/02\/camping-piscine-pays-basque.jpg\" \/>\n\t<meta property=\"og:image:width\" content=\"1900\" \/>\n\t<meta property=\"og:image:height\" content=\"565\" \/>\n\t<meta property=\"og:image:type\" content=\"image\/jpeg\" \/>\n<meta name=\"twitter:card\" content=\"summary_large_image\" \/>\n<meta name=\"twitter:label1\" content=\"Geschatte leestijd\" \/>\n\t<meta name=\"twitter:data1\" content=\"4 minuten\" \/>\n<!-- \/ Yoast SEO plugin. -->","yoast_head_json":{"title":"Camping in het Baskenland met zwembad \u2013 Aquatisch domein aan de Baskische kust","description":"Ontdek onze camping met aquatisch domein in het Baskenland in Urrugne: een zwembad voor nog meer comfort","robots":{"index":"index","follow":"follow","max-snippet":"max-snippet:-1","max-image-preview":"max-image-preview:large","max-video-preview":"max-video-preview:-1"},"canonical":"https:\/\/www.campingsuhiberry.com\/nl\/camping-in-het-baskenland-met-zwembad\/","og_locale":"nl_NL","og_type":"article","og_title":"Camping in het Baskenland met zwembad \u2013 Aquatisch domein aan de Baskische kust","og_description":"Ontdek onze camping met aquatisch domein in het Baskenland in Urrugne: een zwembad voor nog meer comfort","og_url":"https:\/\/www.campingsuhiberry.com\/nl\/camping-in-het-baskenland-met-zwembad\/","og_site_name":"Camping Suhiberry","article_modified_time":"2026-02-09T10:37:22+00:00","og_image":[{"width":1900,"height":565,"url":"https:\/\/www.campingsuhiberry.com\/wp-content\/uploads\/2022\/02\/camping-piscine-pays-basque.jpg","type":"image\/jpeg"}],"twitter_card":"summary_large_image","twitter_misc":{"Geschatte leestijd":"4 minuten"},"schema":{"@context":"https:\/\/schema.org","@graph":[{"@type":"WebPage","@id":"https:\/\/www.campingsuhiberry.com\/nl\/camping-in-het-baskenland-met-zwembad\/","url":"https:\/\/www.campingsuhiberry.com\/nl\/camping-in-het-baskenland-met-zwembad\/","name":"Camping in het Baskenland met zwembad \u2013 Aquatisch domein aan de Baskische kust","isPartOf":{"@id":"https:\/\/www.campingsuhiberry.com\/nl\/#website"},"primaryImageOfPage":{"@id":"https:\/\/www.campingsuhiberry.com\/nl\/camping-in-het-baskenland-met-zwembad\/#primaryimage"},"image":{"@id":"https:\/\/www.campingsuhiberry.com\/nl\/camping-in-het-baskenland-met-zwembad\/#primaryimage"},"thumbnailUrl":"https:\/\/www.campingsuhiberry.com\/wp-content\/uploads\/2022\/02\/camping-piscine-pays-basque.jpg","datePublished":"2022-01-11T10:33:36+00:00","dateModified":"2026-02-09T10:37:22+00:00","description":"Ontdek onze camping met aquatisch domein in het Baskenland in Urrugne: een zwembad voor nog meer comfort","breadcrumb":{"@id":"https:\/\/www.campingsuhiberry.com\/nl\/camping-in-het-baskenland-met-zwembad\/#breadcrumb"},"inLanguage":"nl-NL","potentialAction":[{"@type":"ReadAction","target":["https:\/\/www.campingsuhiberry.com\/nl\/camping-in-het-baskenland-met-zwembad\/"]}]},{"@type":"ImageObject","inLanguage":"nl-NL","@id":"https:\/\/www.campingsuhiberry.com\/nl\/camping-in-het-baskenland-met-zwembad\/#primaryimage","url":"https:\/\/www.campingsuhiberry.com\/wp-content\/uploads\/2022\/02\/camping-piscine-pays-basque.jpg","contentUrl":"https:\/\/www.campingsuhiberry.com\/wp-content\/uploads\/2022\/02\/camping-piscine-pays-basque.jpg","width":1900,"height":565},{"@type":"BreadcrumbList","@id":"https:\/\/www.campingsuhiberry.com\/nl\/camping-in-het-baskenland-met-zwembad\/#breadcrumb","itemListElement":[{"@type":"ListItem","position":1,"name":"Camping Baskenland","item":"https:\/\/www.campingsuhiberry.com\/nl\/"},{"@type":"ListItem","position":2,"name":"Camping met zwembad in het Baskenland"}]},{"@type":"WebSite","@id":"https:\/\/www.campingsuhiberry.com\/nl\/#website","url":"https:\/\/www.campingsuhiberry.com\/nl\/","name":"Camping Suhiberry","description":"","publisher":{"@id":"https:\/\/www.campingsuhiberry.com\/nl\/#organization"},"potentialAction":[{"@type":"SearchAction","target":{"@type":"EntryPoint","urlTemplate":"https:\/\/www.campingsuhiberry.com\/nl\/?s={search_term_string}"},"query-input":{"@type":"PropertyValueSpecification","valueRequired":true,"valueName":"search_term_string"}}],"inLanguage":"nl-NL"},{"@type":"Organization","@id":"https:\/\/www.campingsuhiberry.com\/nl\/#organization","name":"Camping Suhiberry","url":"https:\/\/www.campingsuhiberry.com\/nl\/","logo":{"@type":"ImageObject","inLanguage":"nl-NL","@id":"https:\/\/www.campingsuhiberry.com\/nl\/#\/schema\/logo\/image\/","url":"https:\/\/www.campingsuhiberry.com\/wp-content\/uploads\/2022\/02\/26EF22B2-D6C4-4E69-88A8-12AE8EB90411.jpg","contentUrl":"https:\/\/www.campingsuhiberry.com\/wp-content\/uploads\/2022\/02\/26EF22B2-D6C4-4E69-88A8-12AE8EB90411.jpg","width":600,"height":400,"caption":"Camping Suhiberry"},"image":{"@id":"https:\/\/www.campingsuhiberry.com\/nl\/#\/schema\/logo\/image\/"}}]}},"_links":{"self":[{"href":"https:\/\/www.campingsuhiberry.com\/nl\/wp-json\/wp\/v2\/pages\/7300","targetHints":{"allow":["GET"]}}],"collection":[{"href":"https:\/\/www.campingsuhiberry.com\/nl\/wp-json\/wp\/v2\/pages"}],"about":[{"href":"https:\/\/www.campingsuhiberry.com\/nl\/wp-json\/wp\/v2\/types\/page"}],"author":[{"embeddable":true,"href":"https:\/\/www.campingsuhiberry.com\/nl\/wp-json\/wp\/v2\/users\/1"}],"replies":[{"embeddable":true,"href":"https:\/\/www.campingsuhiberry.com\/nl\/wp-json\/wp\/v2\/comments?post=7300"}],"version-history":[{"count":5,"href":"https:\/\/www.campingsuhiberry.com\/nl\/wp-json\/wp\/v2\/pages\/7300\/revisions"}],"predecessor-version":[{"id":7595,"href":"https:\/\/www.campingsuhiberry.com\/nl\/wp-json\/wp\/v2\/pages\/7300\/revisions\/7595"}],"wp:featuredmedia":[{"embeddable":true,"href":"https:\/\/www.campingsuhiberry.com\/nl\/wp-json\/wp\/v2\/media\/7302"}],"wp:attachment":[{"href":"https:\/\/www.campingsuhiberry.com\/nl\/wp-json\/wp\/v2\/media?parent=7300"}],"wp:term":[{"taxonomy":"sujet","embeddable":true,"href":"https:\/\/www.campingsuhiberry.com\/nl\/wp-json\/wp\/v2\/sujet?post=7300"}],"curies":[{"name":"wp","href":"https:\/\/api.w.org\/{rel}","templated":true}]}}