{"id":7264,"date":"2022-01-06T16:56:46","date_gmt":"2022-01-06T15:56:46","guid":{"rendered":"https:\/\/www.campingsuhiberry.com\/emplacement-camping-pays-basque\/"},"modified":"2026-02-09T11:32:40","modified_gmt":"2026-02-09T10:32:40","slug":"camping-en-caravanplaatsen-in-het-baskenland","status":"publish","type":"page","link":"https:\/\/www.campingsuhiberry.com\/nl\/camping-en-caravanplaatsen-in-het-baskenland\/","title":{"rendered":"Staanplaats"},"content":{"rendered":"<section id=\"ls-section-block_2ddc6e38dd2c8a8f723b19b2666a5fc9\" class=\"ls-section  page-one has-p-b\" >\r\n        <div class=\"container container--wide\">\r\n        \n\n<h1 class=\"ls__heading wp-block-heading has-text-align-center animated fadeIn\" id=\"emplacement-camping-caravaning-au-pays-basque\">Kampeer- en caravanplaatsen in het Baskenland<\/h1>\n\n\n\n<p class=\"ls-paragraph has-text-align-center\">Voor uw vakantie met het gezin of met z\u2019n twee\u00ebn in het Baskenland stelt <a href=\"https:\/\/www.campingsuhiberry.com\/nl\/\">Camping Suhiberry****<\/a> ruime kampeer- en caravanplaatsen tot uw beschikking, in een idyllische omgeving onder de schaduw van eiken en populieren.<\/p>\n\n\r\n    <\/div>\r\n<\/section>\n\n<section id=\"ls-section-block_b26bfbbfbdfda115ecca9913b5684d4c\" class=\"ls-section \" >\r\n        <div class=\"container container--wide\">\r\n        \n\n<div class=\"wp-block-columns is-layout-flex wp-container-core-columns-is-layout-9d6595d7 wp-block-columns-is-layout-flex\">\n<div class=\"wp-block-column is-vertically-aligned-center is-layout-flow wp-block-column-is-layout-flow\" style=\"flex-basis:100%\">\n<figure class=\"wp-block-gallery has-nested-images columns-default is-cropped wp-block-gallery-1 is-layout-flex wp-block-gallery-is-layout-flex\">\n<figure class=\"wp-block-image size-large\"><a href=\"https:\/\/www.campingsuhiberry.com\/wp-content\/uploads\/2022\/02\/categg_1_5.jpg\"><img decoding=\"async\" width=\"800\" height=\"533\" data-id=\"2938\" src=\"https:\/\/www.campingsuhiberry.com\/wp-content\/uploads\/2022\/02\/categg_1_5.jpg\" alt=\"camping suhiberry tentplaats\" class=\"wp-image-2938\" srcset=\"https:\/\/www.campingsuhiberry.com\/wp-content\/uploads\/2022\/02\/categg_1_5.jpg 800w, https:\/\/www.campingsuhiberry.com\/wp-content\/uploads\/2022\/02\/categg_1_5-300x200.jpg 300w, https:\/\/www.campingsuhiberry.com\/wp-content\/uploads\/2022\/02\/categg_1_5-150x100.jpg 150w, https:\/\/www.campingsuhiberry.com\/wp-content\/uploads\/2022\/02\/categg_1_5-768x512.jpg 768w\" sizes=\"(max-width: 800px) 100vw, 800px\" \/><\/a><\/figure>\n\n\n\n<figure class=\"wp-block-image size-large\"><a href=\"https:\/\/www.campingsuhiberry.com\/wp-content\/uploads\/2022\/02\/categg_1_4.jpg\"><img decoding=\"async\" width=\"800\" height=\"533\" data-id=\"2935\" src=\"https:\/\/www.campingsuhiberry.com\/wp-content\/uploads\/2022\/02\/categg_1_4.jpg\" alt=\"camping suhiberry van-staanplaats\" class=\"wp-image-2935\" srcset=\"https:\/\/www.campingsuhiberry.com\/wp-content\/uploads\/2022\/02\/categg_1_4.jpg 800w, https:\/\/www.campingsuhiberry.com\/wp-content\/uploads\/2022\/02\/categg_1_4-300x200.jpg 300w, https:\/\/www.campingsuhiberry.com\/wp-content\/uploads\/2022\/02\/categg_1_4-150x100.jpg 150w, https:\/\/www.campingsuhiberry.com\/wp-content\/uploads\/2022\/02\/categg_1_4-768x512.jpg 768w\" sizes=\"(max-width: 800px) 100vw, 800px\" \/><\/a><\/figure>\n\n\n\n<figure class=\"wp-block-image size-large\"><a href=\"https:\/\/www.campingsuhiberry.com\/wp-content\/uploads\/2022\/02\/categg_1_3.jpg\"><img decoding=\"async\" width=\"800\" height=\"533\" data-id=\"2931\" src=\"https:\/\/www.campingsuhiberry.com\/wp-content\/uploads\/2022\/02\/categg_1_3.jpg\" alt=\"camping suhiberry voordelige staanplaats\" class=\"wp-image-2931\" srcset=\"https:\/\/www.campingsuhiberry.com\/wp-content\/uploads\/2022\/02\/categg_1_3.jpg 800w, https:\/\/www.campingsuhiberry.com\/wp-content\/uploads\/2022\/02\/categg_1_3-300x200.jpg 300w, https:\/\/www.campingsuhiberry.com\/wp-content\/uploads\/2022\/02\/categg_1_3-150x100.jpg 150w, https:\/\/www.campingsuhiberry.com\/wp-content\/uploads\/2022\/02\/categg_1_3-768x512.jpg 768w\" sizes=\"(max-width: 800px) 100vw, 800px\" \/><\/a><\/figure>\n\n\n\n<figure class=\"wp-block-image size-large\"><a href=\"https:\/\/www.campingsuhiberry.com\/wp-content\/uploads\/2022\/02\/categg_1_2.jpg\"><img decoding=\"async\" width=\"800\" height=\"533\" data-id=\"2940\" src=\"https:\/\/www.campingsuhiberry.com\/wp-content\/uploads\/2022\/02\/categg_1_2.jpg\" alt=\"staanplaats camping baskenland\" class=\"wp-image-2940\" srcset=\"https:\/\/www.campingsuhiberry.com\/wp-content\/uploads\/2022\/02\/categg_1_2.jpg 800w, https:\/\/www.campingsuhiberry.com\/wp-content\/uploads\/2022\/02\/categg_1_2-300x200.jpg 300w, https:\/\/www.campingsuhiberry.com\/wp-content\/uploads\/2022\/02\/categg_1_2-150x100.jpg 150w, https:\/\/www.campingsuhiberry.com\/wp-content\/uploads\/2022\/02\/categg_1_2-768x512.jpg 768w\" sizes=\"(max-width: 800px) 100vw, 800px\" \/><\/a><\/figure>\n\n\n\n<figure class=\"wp-block-image size-large\"><a href=\"https:\/\/www.campingsuhiberry.com\/wp-content\/uploads\/2022\/02\/camping-suhiberry-emplacement.jpg\"><img decoding=\"async\" width=\"800\" height=\"533\" data-id=\"2932\" src=\"https:\/\/www.campingsuhiberry.com\/wp-content\/uploads\/2022\/02\/camping-suhiberry-emplacement.jpg\" alt=\"camping suhiberry staanplaats\" class=\"wp-image-2932\" srcset=\"https:\/\/www.campingsuhiberry.com\/wp-content\/uploads\/2022\/02\/camping-suhiberry-emplacement.jpg 800w, https:\/\/www.campingsuhiberry.com\/wp-content\/uploads\/2022\/02\/camping-suhiberry-emplacement-300x200.jpg 300w, https:\/\/www.campingsuhiberry.com\/wp-content\/uploads\/2022\/02\/camping-suhiberry-emplacement-150x100.jpg 150w, https:\/\/www.campingsuhiberry.com\/wp-content\/uploads\/2022\/02\/camping-suhiberry-emplacement-768x512.jpg 768w\" sizes=\"(max-width: 800px) 100vw, 800px\" \/><\/a><\/figure>\n<\/figure>\n<\/div>\n<\/div>\n\n\r\n    <\/div>\r\n<\/section>\n\n<section id=\"ls-section-block_8f1e4dfd26c01319b801f9034700e146\" class=\"ls-section \" >\r\n        <div class=\"container \">\r\n        \n\n<script>\n    window.ctoutvert = {\n\t\tid: 4978, \n\t\tlang: 'nl', \n\t\turl: 'https:\/\/reservation.secureholiday.net\/widgets\/'\n    };\n    (function (w, d, s, ctv, r, js, fjs) {\n        r=new XMLHttpRequest();r.open('GET',w[ctv].url+'js\/src.json');\n        r.responseType='json';r.json=true;r.send();\n        r.onload=function(){w[ctv].src=r.responseType=='json'?r.response:JSON.parse(r.response);\n        js.src=w[ctv].src[0];fjs.parentNode.insertBefore(js, fjs);}\n        js=d.createElement(s),fjs=d.getElementsByTagName(s)[0];\n        js.id='ctvwidget';js.async=1;\n    }(window, document, 'script', 'ctoutvert'));\n<\/script>\n<ctv-availability data-product-type=\"pitch\" data-background-color=\"#FFFFFFFF\"><\/ctv-availability>\n\n\r\n    <\/div>\r\n<\/section>\n\n<section id=\"ls-section-block_da3c810f8eb48fb6fb29ac4f9f38d465\" class=\"ls-section  has-background-image has-parallax has-background has-color-1-background-color has-text-color has-color-white-color\" >\r\n    <div class=\"ls-section__background-image opacity-33\"><img decoding=\"async\" src=\"https:\/\/www.campingsuhiberry.com\/wp-content\/uploads\/2022\/02\/emplacement-tente-camping-suhiberry.jpg\" alt=\"\"><\/div>    <div class=\"container container--wide\">\r\n        \n\n<div class=\"wp-block-columns is-layout-flex wp-container-core-columns-is-layout-9d6595d7 wp-block-columns-is-layout-flex\">\n<div class=\"wp-block-column is-layout-flow wp-block-column-is-layout-flow\">\n<p class=\"ls-paragraph has-text-align-left\">Dans notre domaine labellis\u00e9 \u00ab Camping Qualit\u00e9 \u00bb, nous disposons en tout de <strong>168 parcelles dont 113 parcelles libres<\/strong> pour satisfaire tous les amateurs de camping traditionnel.<\/p>\n\n\n\n<p class=\"ls-paragraph has-text-align-left has-color-white-color has-text-color\">Of u nu met een tent wilt kamperen,<a href=\"https:\/\/www.campingsuhiberry.com\/nl\/camping-van\/\">met uw van reist<\/a> of met een caravan aankomt, bij onze camping in Urrugne bent u aan het juiste adres. Deze kampeerplaatsen in het Baskenland zijn als terrassen aangelegd en worden afgebakend door hagen, wat uw privacy volledig garandeert. Binnen deze kampeerzone heerst altijd een fijne sfeer in een prachtige omgeving. U beschikt over een goed onderhouden grasveld waar u heerlijk kunt zonnen of waar uw kinderen volop in de natuur kunnen spelen.<\/p>\n\n\n\n<p class=\"ls-paragraph has-text-align-left\">Om ervoor te zorgen dat uw voordelige <a href=\"https:\/\/www.campingsuhiberry.com\/nl\/goedkope-camping-baskische-kust\/\">campingverblijf in het Baskenland <\/a>u alle nodige comfort biedt, zijn er drie sanitairgebouwen in de buurt van de kale staanplaatsen geplaatst. Aangezien netheid en hygi\u00ebne tot onze kernwaarden behoren, staat een team permanent in voor het onderhoud van deze faciliteiten.<\/p>\n\n\n\n<p class=\"ls-paragraph has-text-align-left\">Daarnaast bieden wij een diverse verhuurservice aan, zodat u alles kunt verkrijgen wat u nodig heeft zonder uw auto tijdens de reis extra te beladen.<\/p>\n<\/div>\n<\/div>\n\n\r\n    <\/div>\r\n<\/section>\n\n<section id=\"ls-section-block_e75420c89f4edfb77f3f0efd989fdc08\" class=\"ls-section  page-six has-text-color has-color-1-color\" >\r\n        <div class=\"container container--wide\">\r\n        \n\n<div id=\"ls-heading ls-titre-div-block_958fa073dab143c034e37057f217c4c3\" class=\"ls-titre-div ls-titre-div aligncenter h2-like h2-like\" >\n    ONTDEK ONZE ANDERE ACCOMMODATIES IN HET BASKENLAND<\/div>\n\n\n\n<div class=\"wp-block-columns is-layout-flex wp-container-core-columns-is-layout-9d6595d7 wp-block-columns-is-layout-flex\">\n<div class=\"wp-block-column is-layout-flow wp-block-column-is-layout-flow\"><div id=\"ls-maillage-block_e263d6641acfc05e430f0a51f42d5640\" class=\"ls-maillage cta-style-normal\" data-rows=\"3\">\r\n    <div class=\"wp-block-columns\"><div class=\"wp-block-column\">\n\n<a href=\"https:\/\/www.campingsuhiberry.com\/nl\/stacaravan-huren-in-het-baskenland\/\" target=\"\" rel=\"noopener\" class=\"ls-cta__link\">\n\n\t<div class=\"ls-cta__image\"><img decoding=\"async\" src=\"https:\/\/www.campingsuhiberry.com\/wp-content\/uploads\/2022\/01\/camping-location-mobil-home-pays-basque.jpg\" alt=\"\"><\/div>\n\t<div class=\"ls-cta__title\">\n\t\tStacaravan\t<\/div>\n\n\t\t\n<\/a><\/div><\/div><\/div><\/div>\n\n\n\n<div class=\"wp-block-column is-layout-flow wp-block-column-is-layout-flow\"><div id=\"ls-maillage-block_0eccf337b0fa200fc3ccdaf09b3a0563\" class=\"ls-maillage cta-style-normal\" data-rows=\"3\">\r\n    <div class=\"wp-block-columns\"><div class=\"wp-block-column\">\n\n<a href=\"https:\/\/www.campingsuhiberry.com\/nl\/ongewone-accommodatie-in-het-baskenland\/\" target=\"\" rel=\"noopener\" class=\"ls-cta__link\">\n\n\t<div class=\"ls-cta__image\"><img decoding=\"async\" src=\"https:\/\/www.campingsuhiberry.com\/wp-content\/uploads\/2022\/02\/LARRUN-HANDI-2-768x511.jpg\" alt=\"\"><\/div>\n\t<div class=\"ls-cta__title\">\n\t\tOngewone accommodatie \t<\/div>\n\n\t\t\n<\/a><\/div><\/div><\/div><\/div>\n\n\n\n<div class=\"wp-block-column is-layout-flow wp-block-column-is-layout-flow\"><div id=\"ls-maillage-block_723773ff0fedf3a062f48951f5495444\" class=\"ls-maillage cta-style-normal\" data-rows=\"3\">\r\n    <div class=\"wp-block-columns\"><div class=\"wp-block-column\">\n\n<a href=\"https:\/\/www.campingsuhiberry.com\/nl\/goedkope-camping-baskische-kust\/\" target=\"\" rel=\"noopener\" class=\"ls-cta__link\">\n\n\t<div class=\"ls-cta__image\"><img decoding=\"async\" src=\"https:\/\/www.campingsuhiberry.com\/wp-content\/uploads\/2022\/02\/camping-suhiberry-paysage-pays-basque-768x432.jpg\" alt=\"\"><\/div>\n\t<div class=\"ls-cta__title\">\n\t\tTarieven\t<\/div>\n\n\t\t\n<\/a><\/div><\/div><\/div><\/div>\n<\/div>\n\n\r\n    <\/div>\r\n<\/section>\n\n<section id=\"ls-section-block_a24872e372ae3c442704de680e62f85a\" class=\"ls-section  avis-pages-section\" >\r\n        <div class=\"container \">\r\n        \n\n<div id=\"ls-heading ls-titre-div-block_c649921a81827ff19b390cc5b40accb3\" class=\"ls-titre-div h2-like\" >\n    WAT VINDEN ONZE GASTEN VAN DE STAANPLAATSEN?<\/div>\n\n\n<div class=\"slider slider-avis-pages\"><div class=\"slide\"><div class=\"slide_titre\">Sophie<\/div><div class=\"slide_note\">\n                         <span class=\"dashicons dashicons-star-filled\"><\/span>\n                        <span class=\"dashicons dashicons-star-filled\"><\/span>\n                        <span class=\"dashicons dashicons-star-filled\"><\/span>\n                        <span class=\"dashicons dashicons-star-filled\"><\/span>\n                        <span class=\"dashicons dashicons-star-filled\"><\/span>\n                    <\/div><div class=\"slide_contenu\"><p>S\u00e9jour de 3 jours dans ce d\u00e9licieux camping des pyr\u00e9n\u00e9es. <b>Il est super : les emplacements sont en \u00ab\u00a0terrasse\u00a0\u00bbce qui lui donne un charme particulier.<\/b> Et les sanitaires hyper propres (petit bemol pour ceux \u00ab du bas \u00bb dans lesquels les utilisateurs oublient de vidanger !!). D\u00e9sinfectant \u00e0 disposition pour nettoyer sa cuvette. Personnellement j\u2019ai ador\u00e9 !<\/p>\n<\/div><\/div><div class=\"slide\"><div class=\"slide_titre\">Anke<\/div><div class=\"slide_note\">\n                         <span class=\"dashicons dashicons-star-filled\"><\/span>\n                        <span class=\"dashicons dashicons-star-filled\"><\/span>\n                        <span class=\"dashicons dashicons-star-filled\"><\/span>\n                        <span class=\"dashicons dashicons-star-filled\"><\/span>\n                        <span class=\"dashicons dashicons-star-filled\"><\/span>\n                    <\/div><div class=\"slide_contenu\"><p>On est vraiment tr\u00e8s contents de notre s\u00e9jour ici. Tr\u00e8s beau camping. Sanitaire top. Accueil top! Pizzas aussi. <b>De beaux emplacements vari\u00e9s.<\/b> Belle piscine.<\/p>\n<\/div><\/div><div class=\"slide\"><div class=\"slide_titre\">Ryngaert<\/div><div class=\"slide_note\">\n                         <span class=\"dashicons dashicons-star-filled\"><\/span>\n                        <span class=\"dashicons dashicons-star-filled\"><\/span>\n                        <span class=\"dashicons dashicons-star-filled\"><\/span>\n                        <span class=\"dashicons dashicons-star-filled\"><\/span>\n                        <span class=\"dashicons dashicons-star-filled\"><\/span>\n                    <\/div><div class=\"slide_contenu\"><p>Accueil formidable, tout le monde est aux petits soins et arrangeant, encore merci ! Tr\u00e8s bonnes pizzas maison au snack. <b>Les emplacements sont bien ombrag\u00e9s, il y a acc\u00e8s \u00e0 un barbecue, tables de ping pong et baby foot, piscine, terrain de pelote basque et de volley.<\/b> Nous avons vraiment pass\u00e9 un super s\u00e9jour !<\/p>\n<\/div><\/div><\/div>\n\n\r\n    <\/div>\r\n<\/section>","protected":false},"excerpt":{"rendered":"","protected":false},"author":1,"featured_media":7265,"parent":0,"menu_order":0,"comment_status":"closed","ping_status":"closed","template":"","meta":{"_acf_changed":false,"footnotes":""},"sujet":[],"class_list":["post-7264","page","type-page","status-publish","has-post-thumbnail","hentry"],"acf":[],"yoast_head":"<!-- This site is optimized with the Yoast SEO plugin v23.4 - https:\/\/yoast.com\/wordpress\/plugins\/seo\/ -->\n<title>Camping- en caravanplaatsen in het Baskenland \u2013 Tentplaatsen aan de Baskische kust<\/title>\n<meta name=\"description\" content=\"Meer informatie over het huren van kampeer- en caravanplaatsen in het Baskenland bij Camping Suhiberry: volledig uitgeruste staanplaatsen voor optimaal comfort\" \/>\n<meta name=\"robots\" content=\"index, follow, max-snippet:-1, max-image-preview:large, max-video-preview:-1\" \/>\n<link rel=\"canonical\" href=\"https:\/\/www.campingsuhiberry.com\/nl\/camping-en-caravanplaatsen-in-het-baskenland\/\" \/>\n<meta property=\"og:locale\" content=\"nl_NL\" \/>\n<meta property=\"og:type\" content=\"article\" \/>\n<meta property=\"og:title\" content=\"Camping- en caravanplaatsen in het Baskenland \u2013 Tentplaatsen aan de Baskische kust\" \/>\n<meta property=\"og:description\" content=\"Meer informatie over het huren van kampeer- en caravanplaatsen in het Baskenland bij Camping Suhiberry: volledig uitgeruste staanplaatsen voor optimaal comfort\" \/>\n<meta property=\"og:url\" content=\"https:\/\/www.campingsuhiberry.com\/nl\/camping-en-caravanplaatsen-in-het-baskenland\/\" \/>\n<meta property=\"og:site_name\" content=\"Camping Suhiberry\" \/>\n<meta property=\"article:modified_time\" content=\"2026-02-09T10:32:40+00:00\" \/>\n<meta property=\"og:image\" content=\"https:\/\/www.campingsuhiberry.com\/wp-content\/uploads\/2022\/01\/camping-emplacement-caravaning-pays-basque.jpg\" \/>\n\t<meta property=\"og:image:width\" content=\"1900\" \/>\n\t<meta property=\"og:image:height\" content=\"700\" \/>\n\t<meta property=\"og:image:type\" content=\"image\/jpeg\" \/>\n<meta name=\"twitter:card\" content=\"summary_large_image\" \/>\n<meta name=\"twitter:label1\" content=\"Geschatte leestijd\" \/>\n\t<meta name=\"twitter:data1\" content=\"3 minuten\" \/>\n<!-- \/ Yoast SEO plugin. -->","yoast_head_json":{"title":"Camping- en caravanplaatsen in het Baskenland \u2013 Tentplaatsen aan de Baskische kust","description":"Meer informatie over het huren van kampeer- en caravanplaatsen in het Baskenland bij Camping Suhiberry: volledig uitgeruste staanplaatsen voor optimaal comfort","robots":{"index":"index","follow":"follow","max-snippet":"max-snippet:-1","max-image-preview":"max-image-preview:large","max-video-preview":"max-video-preview:-1"},"canonical":"https:\/\/www.campingsuhiberry.com\/nl\/camping-en-caravanplaatsen-in-het-baskenland\/","og_locale":"nl_NL","og_type":"article","og_title":"Camping- en caravanplaatsen in het Baskenland \u2013 Tentplaatsen aan de Baskische kust","og_description":"Meer informatie over het huren van kampeer- en caravanplaatsen in het Baskenland bij Camping Suhiberry: volledig uitgeruste staanplaatsen voor optimaal comfort","og_url":"https:\/\/www.campingsuhiberry.com\/nl\/camping-en-caravanplaatsen-in-het-baskenland\/","og_site_name":"Camping Suhiberry","article_modified_time":"2026-02-09T10:32:40+00:00","og_image":[{"width":1900,"height":700,"url":"https:\/\/www.campingsuhiberry.com\/wp-content\/uploads\/2022\/01\/camping-emplacement-caravaning-pays-basque.jpg","type":"image\/jpeg"}],"twitter_card":"summary_large_image","twitter_misc":{"Geschatte leestijd":"3 minuten"},"schema":{"@context":"https:\/\/schema.org","@graph":[{"@type":"WebPage","@id":"https:\/\/www.campingsuhiberry.com\/nl\/camping-en-caravanplaatsen-in-het-baskenland\/","url":"https:\/\/www.campingsuhiberry.com\/nl\/camping-en-caravanplaatsen-in-het-baskenland\/","name":"Camping- en caravanplaatsen in het Baskenland \u2013 Tentplaatsen aan de Baskische kust","isPartOf":{"@id":"https:\/\/www.campingsuhiberry.com\/nl\/#website"},"primaryImageOfPage":{"@id":"https:\/\/www.campingsuhiberry.com\/nl\/camping-en-caravanplaatsen-in-het-baskenland\/#primaryimage"},"image":{"@id":"https:\/\/www.campingsuhiberry.com\/nl\/camping-en-caravanplaatsen-in-het-baskenland\/#primaryimage"},"thumbnailUrl":"https:\/\/www.campingsuhiberry.com\/wp-content\/uploads\/2022\/01\/camping-emplacement-caravaning-pays-basque.jpg","datePublished":"2022-01-06T15:56:46+00:00","dateModified":"2026-02-09T10:32:40+00:00","description":"Meer informatie over het huren van kampeer- en caravanplaatsen in het Baskenland bij Camping Suhiberry: volledig uitgeruste staanplaatsen voor optimaal comfort","breadcrumb":{"@id":"https:\/\/www.campingsuhiberry.com\/nl\/camping-en-caravanplaatsen-in-het-baskenland\/#breadcrumb"},"inLanguage":"nl-NL","potentialAction":[{"@type":"ReadAction","target":["https:\/\/www.campingsuhiberry.com\/nl\/camping-en-caravanplaatsen-in-het-baskenland\/"]}]},{"@type":"ImageObject","inLanguage":"nl-NL","@id":"https:\/\/www.campingsuhiberry.com\/nl\/camping-en-caravanplaatsen-in-het-baskenland\/#primaryimage","url":"https:\/\/www.campingsuhiberry.com\/wp-content\/uploads\/2022\/01\/camping-emplacement-caravaning-pays-basque.jpg","contentUrl":"https:\/\/www.campingsuhiberry.com\/wp-content\/uploads\/2022\/01\/camping-emplacement-caravaning-pays-basque.jpg","width":1900,"height":700},{"@type":"BreadcrumbList","@id":"https:\/\/www.campingsuhiberry.com\/nl\/camping-en-caravanplaatsen-in-het-baskenland\/#breadcrumb","itemListElement":[{"@type":"ListItem","position":1,"name":"Camping Baskenland","item":"https:\/\/www.campingsuhiberry.com\/nl\/"},{"@type":"ListItem","position":2,"name":"Kampeer- en caravanplaatsen in het Baskenland"}]},{"@type":"WebSite","@id":"https:\/\/www.campingsuhiberry.com\/nl\/#website","url":"https:\/\/www.campingsuhiberry.com\/nl\/","name":"Camping Suhiberry","description":"","publisher":{"@id":"https:\/\/www.campingsuhiberry.com\/nl\/#organization"},"potentialAction":[{"@type":"SearchAction","target":{"@type":"EntryPoint","urlTemplate":"https:\/\/www.campingsuhiberry.com\/nl\/?s={search_term_string}"},"query-input":{"@type":"PropertyValueSpecification","valueRequired":true,"valueName":"search_term_string"}}],"inLanguage":"nl-NL"},{"@type":"Organization","@id":"https:\/\/www.campingsuhiberry.com\/nl\/#organization","name":"Camping Suhiberry","url":"https:\/\/www.campingsuhiberry.com\/nl\/","logo":{"@type":"ImageObject","inLanguage":"nl-NL","@id":"https:\/\/www.campingsuhiberry.com\/nl\/#\/schema\/logo\/image\/","url":"https:\/\/www.campingsuhiberry.com\/wp-content\/uploads\/2022\/02\/26EF22B2-D6C4-4E69-88A8-12AE8EB90411.jpg","contentUrl":"https:\/\/www.campingsuhiberry.com\/wp-content\/uploads\/2022\/02\/26EF22B2-D6C4-4E69-88A8-12AE8EB90411.jpg","width":600,"height":400,"caption":"Camping Suhiberry"},"image":{"@id":"https:\/\/www.campingsuhiberry.com\/nl\/#\/schema\/logo\/image\/"}}]}},"_links":{"self":[{"href":"https:\/\/www.campingsuhiberry.com\/nl\/wp-json\/wp\/v2\/pages\/7264","targetHints":{"allow":["GET"]}}],"collection":[{"href":"https:\/\/www.campingsuhiberry.com\/nl\/wp-json\/wp\/v2\/pages"}],"about":[{"href":"https:\/\/www.campingsuhiberry.com\/nl\/wp-json\/wp\/v2\/types\/page"}],"author":[{"embeddable":true,"href":"https:\/\/www.campingsuhiberry.com\/nl\/wp-json\/wp\/v2\/users\/1"}],"replies":[{"embeddable":true,"href":"https:\/\/www.campingsuhiberry.com\/nl\/wp-json\/wp\/v2\/comments?post=7264"}],"version-history":[{"count":6,"href":"https:\/\/www.campingsuhiberry.com\/nl\/wp-json\/wp\/v2\/pages\/7264\/revisions"}],"predecessor-version":[{"id":7583,"href":"https:\/\/www.campingsuhiberry.com\/nl\/wp-json\/wp\/v2\/pages\/7264\/revisions\/7583"}],"wp:featuredmedia":[{"embeddable":true,"href":"https:\/\/www.campingsuhiberry.com\/nl\/wp-json\/wp\/v2\/media\/7265"}],"wp:attachment":[{"href":"https:\/\/www.campingsuhiberry.com\/nl\/wp-json\/wp\/v2\/media?parent=7264"}],"wp:term":[{"taxonomy":"sujet","embeddable":true,"href":"https:\/\/www.campingsuhiberry.com\/nl\/wp-json\/wp\/v2\/sujet?post=7264"}],"curies":[{"name":"wp","href":"https:\/\/api.w.org\/{rel}","templated":true}]}}