{"id":7071,"date":"2022-01-06T16:45:12","date_gmt":"2022-01-06T15:45:12","guid":{"rendered":"https:\/\/www.campingsuhiberry.com\/activites-camping-urrugne\/"},"modified":"2026-02-06T09:53:13","modified_gmt":"2026-02-06T08:53:13","slug":"activiteiten-camping-urrugne","status":"publish","type":"page","link":"https:\/\/www.campingsuhiberry.com\/nl\/activiteiten-camping-urrugne\/","title":{"rendered":"Speelse en sportieve activiteiten"},"content":{"rendered":"<section id=\"ls-section-block_5825cfc74dcba75c82f626ee69d13c8d\" class=\"ls-section  page-one\" >\r\n        <div class=\"container \">\r\n        \n\n<h1 class=\"ls__heading wp-block-heading has-text-align-center animated fadeIn\" id=\"activites-ludiques-et-sportives\">Speelse en sportieve activiteiten<\/h1>\n\n\n\n<p class=\"ls-paragraph has-text-align-center\">Beleef ontspannende vakanties in een natuurrijk park met gevarieerde speelzones!<\/p>\n\n\n\n<p class=\"ls-paragraph has-text-align-center\">CAMPING SUHIBERRY IN HET BASKENLAND STAAT VOOR KLEINE MOMENTEN VAN GELUK, OM TE DELEN MET FAMILIE OF VRIENDEN!<\/p>\n\n\r\n    <\/div>\r\n<\/section>\n\n<section id=\"ls-section-block_ae9928198d26d699fdc84324195779ae\" class=\"ls-section  page-two\" >\r\n        <div class=\"container container--wide\">\r\n        \n\n<div class=\"wp-block-columns is-layout-flex wp-container-core-columns-is-layout-9d6595d7 wp-block-columns-is-layout-flex\">\n<div class=\"wp-block-column is-layout-flow wp-block-column-is-layout-flow\" style=\"flex-basis:60%\">\n<figure class=\"wp-block-image size-full\"><a href=\"https:\/\/www.campingsuhiberry.com\/wp-content\/uploads\/2022\/02\/camping-suhiberry-beach-volley-1.jpg\"><img decoding=\"async\" width=\"900\" height=\"600\" src=\"https:\/\/www.campingsuhiberry.com\/wp-content\/uploads\/2022\/02\/camping-suhiberry-beach-volley-1.jpg\" alt=\"camping suhiberry beachvolley\" class=\"wp-image-3288\" srcset=\"https:\/\/www.campingsuhiberry.com\/wp-content\/uploads\/2022\/02\/camping-suhiberry-beach-volley-1.jpg 900w, https:\/\/www.campingsuhiberry.com\/wp-content\/uploads\/2022\/02\/camping-suhiberry-beach-volley-1-300x200.jpg 300w, https:\/\/www.campingsuhiberry.com\/wp-content\/uploads\/2022\/02\/camping-suhiberry-beach-volley-1-150x100.jpg 150w, https:\/\/www.campingsuhiberry.com\/wp-content\/uploads\/2022\/02\/camping-suhiberry-beach-volley-1-768x512.jpg 768w\" sizes=\"(max-width: 900px) 100vw, 900px\" \/><\/a><\/figure>\n<\/div>\n\n\n\n<div class=\"wp-block-column is-layout-flow wp-block-column-is-layout-flow\" style=\"flex-basis:40%\">\n<p class=\"ls-paragraph\"><strong>TIJD VOOR ONTSPANNING\u2026 OP EEN CAMPING DIE VAN NATURE FAMILIAAL IS.<\/strong><\/p>\n\n\n\n<p class=\"ls-paragraph\">En daar gaan we, richting de <strong>speeltuin voor kinderen<\/strong>, op zoek naar nieuwe vriendjes met grote broer of zus terwijl de ouders even uitrusten!<\/p>\n\n\n\n<p class=\"ls-paragraph\">De buitenspeeltuin vervult hun eerste avontuurlijke dromen: <strong>draaimolen<\/strong>, <strong>schommels<\/strong>, <strong>wip<\/strong>, <strong>speelse dieren<\/strong> en de eerste glij-ervaringen op de <strong>glijbaan<\/strong>. Een gevarieerde speelruimte voor het grootste plezier van de allerkleinsten!<\/p>\n\n\n\n<p class=\"ls-paragraph\">In de zomer zorgt een <strong>springkasteel<\/strong> voor extra speelplezier bij kinderen met een rijke fantasie die altijd klaarstaan om zich uit te leven!<\/p>\n\n\n\n<p class=\"ls-paragraph\"><strong>Vissen<\/strong>, <a href=\"https:\/\/www.campingsuhiberry.com\/nl\/camping-aan-de-rivier-in-het-baskenland\/\">de rivier loopt langs de rand van de camping<\/a>. <strong>Vishengels<\/strong> liggen voor u klaar aan de receptie!<\/p>\n\n\n\n<p class=\"ls-paragraph\"><strong>Petanque<\/strong>, een speelveld vlak bij het <strong>dierenverblijf<\/strong>, een rustige plek, ideaal om te bepalen wie de afwas doet of wie het aperitief aanbiedt\u2026 dus pointers en schutters, mik scherp!<br><strong>Muzikale en dansavonden<\/strong> voor iedereen! Kom zingen en dansen&#8230; En waarom niet <strong>in het Baskisch<\/strong>!<\/p>\n<\/div>\n<\/div>\n\n\r\n    <\/div>\r\n<\/section>\n\n<section id=\"ls-section-block_f5f49f237b943723528980ce0d924c1d\" class=\"ls-section  page-three has-background-image has-parallax has-background has-color-1-background-color\" >\r\n    <div class=\"ls-section__background-image opacity-33\"><img decoding=\"async\" src=\"https:\/\/www.campingsuhiberry.com\/wp-content\/uploads\/2022\/02\/camping-city-pays-basque.jpg\" alt=\"\"><\/div>    <div class=\"container \">\r\n        \n\n<p id=\"cote-sport-entre-instants-repos-visites-et-farniente-laissez-vous-un-peu-de-temps-pour-du-sport-cela-vous-fera-un-grand-bien\" class=\"ls-paragraph\"><strong>SPORTIEF GEZIEN\u2026 TUSSEN RUSTMOMENTEN, UITSTAPPEN EN LUIEREN DOOR, NEEM EVEN TIJD VOOR SPORT. HET DOET U ECHT GOED!<\/strong><\/p>\n\n\n\n<ul class=\"ls-list ls-list-undefined wp-block-list\">\n<li>Wedstrijden basketbal, voetbaltoernooien, volleybal en badminton.<\/li>\n\n\n\n<li>De tennisbaan brengt vaak alle generaties samen. Vaste spelers delen hun ervaring graag met jongeren, altijd in de warme, familiale sfeer van de camping.<\/li>\n\n\n\n<li>Een mooi fronton (grote muur) om kennis te maken met pala (houten racket) of met blote hand, twee bekende disciplines van de Baskische pelota, zowel in het binnenland als aan de Baskische kust. U raakt er zo aan verslaafd!<\/li>\n\n\n\n<li>Vertrek rechtstreeks vanaf Camping Suhiberry voor wandeltochten richting zee of bergen. Wij wijzen u graag minder bekende paden aan.<br><\/li>\n<\/ul>\n\n\r\n    <\/div>\r\n<\/section>\n\n<section id=\"ls-section-block_4d1c703686dfdb7098f8b287e4ae3d2c\" class=\"ls-section  page-six\" >\r\n        <div class=\"container container--wide\">\r\n        \n\n<div id=\"ls-heading ls-titre-div-block_e2e0402e6248df2b93ff525490fe9893\" class=\"ls-titre-div ls__heading aligncenter h2-like\" >\n    Ontdek de andere diensten en animaties van onze camping in het Baskenland<\/div>\n\n\n\n<div class=\"wp-block-columns is-layout-flex wp-container-core-columns-is-layout-9d6595d7 wp-block-columns-is-layout-flex\">\n<div class=\"wp-block-column is-layout-flow wp-block-column-is-layout-flow\"><div id=\"ls-maillage-block_5be049f5e3756f60374a3e73a51a65f5\" class=\"ls-maillage cta-style-normal\" data-rows=\"3\">\r\n    <div class=\"wp-block-columns\"><div class=\"wp-block-column\">\n\n<a href=\"https:\/\/www.campingsuhiberry.com\/nl\/stacaravan-huren-in-het-baskenland\/\" target=\"\" rel=\"noopener\" class=\"ls-cta__link\">\n\n\t<div class=\"ls-cta__image\"><img decoding=\"async\" src=\"https:\/\/www.campingsuhiberry.com\/wp-content\/uploads\/2022\/01\/camping-location-mobil-home-pays-basque.jpg\" alt=\"\"><\/div>\n\t<div class=\"ls-cta__title\">\n\t\tStacaravan\t<\/div>\n\n\t\t\n<\/a><\/div><\/div><\/div><\/div>\n\n\n\n<div class=\"wp-block-column is-layout-flow wp-block-column-is-layout-flow\"><div id=\"ls-maillage-block_2ec3f3a32f1a2a964e1f984b17a41f76\" class=\"ls-maillage cta-style-normal\" data-rows=\"3\">\r\n    <div class=\"wp-block-columns\"><div class=\"wp-block-column\">\n\n<a href=\"https:\/\/www.campingsuhiberry.com\/nl\/animatie-en-avonden\/\" target=\"\" rel=\"noopener\" class=\"ls-cta__link\">\n\n\t<div class=\"ls-cta__image\"><img decoding=\"async\" src=\"https:\/\/www.campingsuhiberry.com\/wp-content\/uploads\/2022\/01\/camping-soiree-animee-hendaye-768x512.jpg\" alt=\"\"><\/div>\n\t<div class=\"ls-cta__title\">\n\t\tAnimatie en avonden\t<\/div>\n\n\t\t\n<\/a><\/div><\/div><\/div><\/div>\n\n\n\n<div class=\"wp-block-column is-layout-flow wp-block-column-is-layout-flow\"><div id=\"ls-maillage-block_c9fb386f9ed2f6612df58e5ccf290a7f\" class=\"ls-maillage cta-style-normal\" data-rows=\"3\">\r\n    <div class=\"wp-block-columns\"><div class=\"wp-block-column\">\n\n<a href=\"https:\/\/www.campingsuhiberry.com\/nl\/restaurant-en-snack-in-urrugne\/\" target=\"\" rel=\"noopener\" class=\"ls-cta__link\">\n\n\t<div class=\"ls-cta__image\"><img decoding=\"async\" src=\"https:\/\/www.campingsuhiberry.com\/wp-content\/uploads\/2022\/01\/camping-snack-bar-pays-basque.jpg\" alt=\"\"><\/div>\n\t<div class=\"ls-cta__title\">\n\t\tRestaurant en Snack\t<\/div>\n\n\t\t\n<\/a><\/div><\/div><\/div><\/div>\n<\/div>\n\n\r\n    <\/div>\r\n<\/section>\n\n<section id=\"ls-section-block_ad51ee7921a4a1350160acf29082d929\" class=\"ls-section  avis-pages-section\" >\r\n        <div class=\"container \">\r\n        \n\n<div id=\"ls-heading ls-titre-div-block_32038cf5eb5654213e80757e382ee67d\" class=\"ls-titre-div h2-like has-text-color has-color-white-color\" >\n    WAT VINDEN ONZE GASTEN VAN DE ACTIVITEITEN OP DE CAMPING!<\/div>\n\n\n<div class=\"slider slider-avis-pages\"><div class=\"slide\"><div class=\"slide_titre\">Stephane<\/div><div class=\"slide_note\">\n                         <span class=\"dashicons dashicons-star-filled\"><\/span>\n                        <span class=\"dashicons dashicons-star-filled\"><\/span>\n                        <span class=\"dashicons dashicons-star-filled\"><\/span>\n                        <span class=\"dashicons dashicons-star-filled\"><\/span>\n                        <span class=\"dashicons dashicons-star-filled\"><\/span>\n                    <\/div><div class=\"slide_contenu\"><p><b>Un camping tr\u00e8s bien entretenu, une large proposition d&#8217;activit\u00e9s comme le tennis ou le nouveau terrain de beach-volley et sans oublier l&#8217;ind\u00e9modable terrain de p\u00e9tanque.<\/b><br \/>\nNous avons pass\u00e9 un tr\u00e8s bon s\u00e9jour avec un personnel \u00e0 l&#8217;\u00e9coute et qui a su nous donner d&#8217;excellents conseils pour d\u00e9couvrir le secteur.<br \/>\nNous y reviendrons avec un grand plaisir<\/p>\n<\/div><\/div><div class=\"slide\"><div class=\"slide_titre\">Delphine<\/div><div class=\"slide_note\">\n                         <span class=\"dashicons dashicons-star-filled\"><\/span>\n                        <span class=\"dashicons dashicons-star-filled\"><\/span>\n                        <span class=\"dashicons dashicons-star-filled\"><\/span>\n                        <span class=\"dashicons dashicons-star-filled\"><\/span>\n                        <span class=\"dashicons dashicons-star-filled\"><\/span>\n                    <\/div><div class=\"slide_contenu\"><p>Camping tr\u00e8s agr\u00e9able et calme. <b>Id\u00e9al en famille avec beaucoup d activit\u00e9s \u00e0 disposition.<\/b> Nous avons tout particuli\u00e8rement appr\u00e9ci\u00e9 la bienveillance des g\u00e9rants. Nous envisageons de revenir d\u00e8s l ann\u00e9e prochaine&#8230;<\/p>\n<\/div><\/div><div class=\"slide\"><div class=\"slide_titre\">Melanie<\/div><div class=\"slide_note\">\n                         <span class=\"dashicons dashicons-star-filled\"><\/span>\n                        <span class=\"dashicons dashicons-star-filled\"><\/span>\n                        <span class=\"dashicons dashicons-star-filled\"><\/span>\n                        <span class=\"dashicons dashicons-star-filled\"><\/span>\n                        <span class=\"dashicons dashicons-star-filled\"><\/span>\n                    <\/div><div class=\"slide_contenu\"><p>Nous avons \u00e9t\u00e9 tr\u00e8s bien accueilli. <b>Il y a beaucoup d&#8217;activit\u00e9s pour les enfants, le personnel est tr\u00e8s sympathique.<\/b> Je recommande ce camping.<\/p>\n<\/div><\/div><\/div>\n\n\r\n    <\/div>\r\n<\/section>","protected":false},"excerpt":{"rendered":"","protected":false},"author":1,"featured_media":7073,"parent":0,"menu_order":0,"comment_status":"closed","ping_status":"closed","template":"","meta":{"_acf_changed":false,"footnotes":""},"sujet":[],"class_list":["post-7071","page","type-page","status-publish","has-post-thumbnail","hentry"],"acf":[],"yoast_head":"<!-- This site is optimized with the Yoast SEO plugin v23.4 - https:\/\/yoast.com\/wordpress\/plugins\/seo\/ -->\n<title>Sportieve vakantie in Urrugne: sport- en vrijetijdsactiviteiten op de campingSpeelse en sportieve activiteiten<\/title>\n<meta name=\"description\" content=\"Ontdek meer over de activiteiten in het Baskenland en bereid uw vakantie in het Baskenland optimaal voor.\" \/>\n<meta name=\"robots\" content=\"index, follow, max-snippet:-1, max-image-preview:large, max-video-preview:-1\" \/>\n<link rel=\"canonical\" href=\"https:\/\/www.campingsuhiberry.com\/nl\/activiteiten-camping-urrugne\/\" \/>\n<meta property=\"og:locale\" content=\"nl_NL\" \/>\n<meta property=\"og:type\" content=\"article\" \/>\n<meta property=\"og:title\" content=\"Sportieve vakantie in Urrugne: sport- en vrijetijdsactiviteiten op de campingSpeelse en sportieve activiteiten\" \/>\n<meta property=\"og:description\" content=\"Ontdek meer over de activiteiten in het Baskenland en bereid uw vakantie in het Baskenland optimaal voor.\" \/>\n<meta property=\"og:url\" content=\"https:\/\/www.campingsuhiberry.com\/nl\/activiteiten-camping-urrugne\/\" \/>\n<meta property=\"og:site_name\" content=\"Camping Suhiberry\" \/>\n<meta property=\"article:modified_time\" content=\"2026-02-06T08:53:13+00:00\" \/>\n<meta property=\"og:image\" content=\"https:\/\/www.campingsuhiberry.com\/wp-content\/uploads\/2022\/01\/camping-activites-sportives-urrugne.jpg\" \/>\n\t<meta property=\"og:image:width\" content=\"1900\" \/>\n\t<meta property=\"og:image:height\" content=\"700\" \/>\n\t<meta property=\"og:image:type\" content=\"image\/jpeg\" \/>\n<meta name=\"twitter:card\" content=\"summary_large_image\" \/>\n<meta name=\"twitter:label1\" content=\"Geschatte leestijd\" \/>\n\t<meta name=\"twitter:data1\" content=\"2 minuten\" \/>\n<!-- \/ Yoast SEO plugin. -->","yoast_head_json":{"title":"Sportieve vakantie in Urrugne: sport- en vrijetijdsactiviteiten op de campingSpeelse en sportieve activiteiten","description":"Ontdek meer over de activiteiten in het Baskenland en bereid uw vakantie in het Baskenland optimaal voor.","robots":{"index":"index","follow":"follow","max-snippet":"max-snippet:-1","max-image-preview":"max-image-preview:large","max-video-preview":"max-video-preview:-1"},"canonical":"https:\/\/www.campingsuhiberry.com\/nl\/activiteiten-camping-urrugne\/","og_locale":"nl_NL","og_type":"article","og_title":"Sportieve vakantie in Urrugne: sport- en vrijetijdsactiviteiten op de campingSpeelse en sportieve activiteiten","og_description":"Ontdek meer over de activiteiten in het Baskenland en bereid uw vakantie in het Baskenland optimaal voor.","og_url":"https:\/\/www.campingsuhiberry.com\/nl\/activiteiten-camping-urrugne\/","og_site_name":"Camping Suhiberry","article_modified_time":"2026-02-06T08:53:13+00:00","og_image":[{"width":1900,"height":700,"url":"https:\/\/www.campingsuhiberry.com\/wp-content\/uploads\/2022\/01\/camping-activites-sportives-urrugne.jpg","type":"image\/jpeg"}],"twitter_card":"summary_large_image","twitter_misc":{"Geschatte leestijd":"2 minuten"},"schema":{"@context":"https:\/\/schema.org","@graph":[{"@type":"WebPage","@id":"https:\/\/www.campingsuhiberry.com\/nl\/activiteiten-camping-urrugne\/","url":"https:\/\/www.campingsuhiberry.com\/nl\/activiteiten-camping-urrugne\/","name":"Sportieve vakantie in Urrugne: sport- en vrijetijdsactiviteiten op de campingSpeelse en sportieve activiteiten","isPartOf":{"@id":"https:\/\/www.campingsuhiberry.com\/nl\/#website"},"primaryImageOfPage":{"@id":"https:\/\/www.campingsuhiberry.com\/nl\/activiteiten-camping-urrugne\/#primaryimage"},"image":{"@id":"https:\/\/www.campingsuhiberry.com\/nl\/activiteiten-camping-urrugne\/#primaryimage"},"thumbnailUrl":"https:\/\/www.campingsuhiberry.com\/wp-content\/uploads\/2022\/01\/camping-activites-sportives-urrugne.jpg","datePublished":"2022-01-06T15:45:12+00:00","dateModified":"2026-02-06T08:53:13+00:00","description":"Ontdek meer over de activiteiten in het Baskenland en bereid uw vakantie in het Baskenland optimaal voor.","breadcrumb":{"@id":"https:\/\/www.campingsuhiberry.com\/nl\/activiteiten-camping-urrugne\/#breadcrumb"},"inLanguage":"nl-NL","potentialAction":[{"@type":"ReadAction","target":["https:\/\/www.campingsuhiberry.com\/nl\/activiteiten-camping-urrugne\/"]}]},{"@type":"ImageObject","inLanguage":"nl-NL","@id":"https:\/\/www.campingsuhiberry.com\/nl\/activiteiten-camping-urrugne\/#primaryimage","url":"https:\/\/www.campingsuhiberry.com\/wp-content\/uploads\/2022\/01\/camping-activites-sportives-urrugne.jpg","contentUrl":"https:\/\/www.campingsuhiberry.com\/wp-content\/uploads\/2022\/01\/camping-activites-sportives-urrugne.jpg","width":1900,"height":700},{"@type":"BreadcrumbList","@id":"https:\/\/www.campingsuhiberry.com\/nl\/activiteiten-camping-urrugne\/#breadcrumb","itemListElement":[{"@type":"ListItem","position":1,"name":"Camping Baskenland","item":"https:\/\/www.campingsuhiberry.com\/nl\/"},{"@type":"ListItem","position":2,"name":"Speelse en sportieve activiteiten"}]},{"@type":"WebSite","@id":"https:\/\/www.campingsuhiberry.com\/nl\/#website","url":"https:\/\/www.campingsuhiberry.com\/nl\/","name":"Camping Suhiberry","description":"","publisher":{"@id":"https:\/\/www.campingsuhiberry.com\/nl\/#organization"},"potentialAction":[{"@type":"SearchAction","target":{"@type":"EntryPoint","urlTemplate":"https:\/\/www.campingsuhiberry.com\/nl\/?s={search_term_string}"},"query-input":{"@type":"PropertyValueSpecification","valueRequired":true,"valueName":"search_term_string"}}],"inLanguage":"nl-NL"},{"@type":"Organization","@id":"https:\/\/www.campingsuhiberry.com\/nl\/#organization","name":"Camping Suhiberry","url":"https:\/\/www.campingsuhiberry.com\/nl\/","logo":{"@type":"ImageObject","inLanguage":"nl-NL","@id":"https:\/\/www.campingsuhiberry.com\/nl\/#\/schema\/logo\/image\/","url":"https:\/\/www.campingsuhiberry.com\/wp-content\/uploads\/2022\/02\/26EF22B2-D6C4-4E69-88A8-12AE8EB90411.jpg","contentUrl":"https:\/\/www.campingsuhiberry.com\/wp-content\/uploads\/2022\/02\/26EF22B2-D6C4-4E69-88A8-12AE8EB90411.jpg","width":600,"height":400,"caption":"Camping Suhiberry"},"image":{"@id":"https:\/\/www.campingsuhiberry.com\/nl\/#\/schema\/logo\/image\/"}}]}},"_links":{"self":[{"href":"https:\/\/www.campingsuhiberry.com\/nl\/wp-json\/wp\/v2\/pages\/7071","targetHints":{"allow":["GET"]}}],"collection":[{"href":"https:\/\/www.campingsuhiberry.com\/nl\/wp-json\/wp\/v2\/pages"}],"about":[{"href":"https:\/\/www.campingsuhiberry.com\/nl\/wp-json\/wp\/v2\/types\/page"}],"author":[{"embeddable":true,"href":"https:\/\/www.campingsuhiberry.com\/nl\/wp-json\/wp\/v2\/users\/1"}],"replies":[{"embeddable":true,"href":"https:\/\/www.campingsuhiberry.com\/nl\/wp-json\/wp\/v2\/comments?post=7071"}],"version-history":[{"count":4,"href":"https:\/\/www.campingsuhiberry.com\/nl\/wp-json\/wp\/v2\/pages\/7071\/revisions"}],"predecessor-version":[{"id":7404,"href":"https:\/\/www.campingsuhiberry.com\/nl\/wp-json\/wp\/v2\/pages\/7071\/revisions\/7404"}],"wp:featuredmedia":[{"embeddable":true,"href":"https:\/\/www.campingsuhiberry.com\/nl\/wp-json\/wp\/v2\/media\/7073"}],"wp:attachment":[{"href":"https:\/\/www.campingsuhiberry.com\/nl\/wp-json\/wp\/v2\/media?parent=7071"}],"wp:term":[{"taxonomy":"sujet","embeddable":true,"href":"https:\/\/www.campingsuhiberry.com\/nl\/wp-json\/wp\/v2\/sujet?post=7071"}],"curies":[{"name":"wp","href":"https:\/\/api.w.org\/{rel}","templated":true}]}}