{"id":7342,"date":"2022-04-13T15:05:50","date_gmt":"2022-04-13T13:05:50","guid":{"rendered":"https:\/\/www.campingsuhiberry.com\/vacances-camping-pays-basque\/"},"modified":"2026-02-06T14:29:52","modified_gmt":"2026-02-06T13:29:52","slug":"vakantie-in-het-baskenland","status":"publish","type":"page","link":"https:\/\/www.campingsuhiberry.com\/es\/vakantie-in-het-baskenland\/","title":{"rendered":"TURISMO EN EL PA\u00cdS VASCO"},"content":{"rendered":"<section id=\"ls-section-block_79424e5b8c435505cabcde724ebeb815\" class=\"ls-section  has-p-t p-t-10 has-p-b p-b-0\" >\r\n        <div class=\"container \">\r\n        \n\n<h1 class=\"ls__heading wp-block-heading has-text-align-center animated fadeIn\" id=\"camping-avec-piscine-a-urrugne-au-pays-basque\">TURISMO EN EL PA\u00cdS VASCO<\/h1>\n\n\r\n    <\/div>\r\n<\/section>\n\n<section id=\"ls-section-block_732760dfb5bb17eaf18f4f48b5304d38\" class=\"ls-section  flex-center\" >\r\n        <div class=\"container container--wide\">\r\n        \n\n<div class=\"wp-block-columns is-layout-flex wp-container-core-columns-is-layout-9d6595d7 wp-block-columns-is-layout-flex\">\n<div class=\"wp-block-column is-layout-flow wp-block-column-is-layout-flow\" style=\"flex-basis:60%\">\n<figure class=\"wp-block-image size-full\"><img decoding=\"async\" width=\"912\" height=\"606\" src=\"https:\/\/www.campingsuhiberry.com\/wp-content\/uploads\/2022\/04\/pays-basque.jpg\" alt=\"Baskenland\" class=\"wp-image-4783\" srcset=\"https:\/\/www.campingsuhiberry.com\/wp-content\/uploads\/2022\/04\/pays-basque.jpg 912w, https:\/\/www.campingsuhiberry.com\/wp-content\/uploads\/2022\/04\/pays-basque-300x199.jpg 300w, https:\/\/www.campingsuhiberry.com\/wp-content\/uploads\/2022\/04\/pays-basque-150x100.jpg 150w, https:\/\/www.campingsuhiberry.com\/wp-content\/uploads\/2022\/04\/pays-basque-768x510.jpg 768w\" sizes=\"(max-width: 912px) 100vw, 912px\" \/><\/figure>\n<\/div>\n\n\n\n<div class=\"wp-block-column is-layout-flow wp-block-column-is-layout-flow\" style=\"flex-basis:40%\">\n<h2 class=\"ls__heading wp-block-heading\">DESCUBRA EL PA\u00cdS VASCO INTERIOR DURANTE SUS VACACIONES<\/h2>\n\n\n\n<p class=\"ls-paragraph\">El Pa\u00eds Vasco, formado por 7 provincias, es muy rico en tradiciones, pueblos y aldeas \u00fanicas del norte al sur y por las que vivimos. El euskara es nuestra lengua vasca y estaremos encantados de que la conozcas durante tu estancia. Als u wat verder het binnenland in trekt, kunt u langs onze camping bij Ainhoa rijden en andere dorpen ontdekken zoals Saint-P\u00e9e-sur-Nivelle\u2026 of afdalen in de grotten van Zugarramurdi, Sare, Isturitz en Oxocelaya. Voor culinaire momenten delen wij graag adressen van gastvrije boerderijen waar u lokale producten kunt proeven in Urrugne en omgeving tijdens uw vakantiedagen! Para sus momentos gourmet, estaremos encantados de facilitarle las direcciones de las granjas acogedoras para la degustaci\u00f3n de productos locales en Urrugne y sus alrededores durante sus vacaciones.<\/p>\n\n\n\n<p class=\"ls-paragraph\"><\/p>\n\n\n\n<p class=\"ls-paragraph\"><\/p>\n<\/div>\n<\/div>\n\n\r\n    <\/div>\r\n<\/section>\n\n<section id=\"ls-section-block_c2a9943e79a5e00f9ba769a4a60134b3\" class=\"ls-section  page-three has-background-image has-parallax\" >\r\n    <div class=\"ls-section__background-image opacity-33\"><img decoding=\"async\" src=\"https:\/\/www.campingsuhiberry.com\/wp-content\/uploads\/2022\/04\/sentier-littoral.jpg\" alt=\"sentier littoral\"><\/div>    <div class=\"container \">\r\n        \n\n<p class=\"ls-paragraph\"><a href=\"https:\/\/www.en-pays-basque.fr\/territoires-et-destinations\/vallee-de-la-nivelle\/espelette\/\">Espelette<\/a>es una visita obligada para saciarse de chilesen todas sus formas. Recomendada por todos los grandes chefs, esta especia es una delicia para condimentar todos sus platos. Le recomendamos que visite el taller de <a href=\"https:\/\/www.lamaisondupiment.com\/\">pimientos de Espelette<\/a>. El mercado de los mi\u00e9rcoles por la ma\u00f1ana deber\u00eda estar en su agenda de vacaciones. Conocer\u00e1 a muchos artesanos que le mostrar\u00e1n su trabajo.<\/p>\n\n\n\n<p class=\"ls-paragraph\">Los lunes por la ma\u00f1ana, podr\u00e1 disfrutar del mercado semanal de agricultores que re\u00fane a artesanos de todo el Pa\u00eds Vasco. Luego, para terminar la jornada de descubrimiento del Pa\u00eds Vasco, podr\u00e1 asistir a un partido de pelota tradicional. <\/p>\n\n\n\n<p class=\"ls-paragraph\">Op de weg naar Pamplona, in de buurt van onze camping bij Irun in de provincie Navarra, kunt u toeristische en gastronomische stops maken in typische dorpen zoals Bera en Elizondo\u2026 ideaal voor een romantisch weekend. Niet te missen: de pintxo-pote (aperitief met tapas) elke vrijdagavond in Bera de Bidasoa.<\/p>\n\n\r\n    <\/div>\r\n<\/section>\n\n<section id=\"ls-section-block_1dc58d72a89138a931d8f7185559e3d8\" class=\"ls-section \" >\r\n        <div class=\"container container--wide\">\r\n        \n\n<h2 class=\"ls__heading wp-block-heading has-text-align-center animated fadeIn\" id=\"choisissez-votre-location-de-mobil-home-sur-la-cote-basque\">VISITAR LA COSTA VASCA DESDE EL CAMPING<\/h2>\n\n\n\n<div class=\"wp-block-columns is-layout-flex wp-container-core-columns-is-layout-9d6595d7 wp-block-columns-is-layout-flex\">\n<div class=\"wp-block-column is-layout-flow wp-block-column-is-layout-flow\">\n<p class=\"ls-paragraph\">Bezoek tijdens daguitstappen vanuit onze <a href=\"https:\/\/www.campingsuhiberry.com\/es\/\">camping in het Baskenland <\/a>de steden Anglet, <a href=\"https:\/\/www.campingsuhiberry.com\/es\/camping-biarritz\/\">Biarritz<\/a> en Bayonne!<br><a href=\"https:\/\/www.maison-gastellou.com\/fr\/taxons\/boutique\/jambon\">Bayonneham<\/a> of chocolade, het Chiberta-bos of de promenade van la Chambre d\u2019Amour in Anglet, de boetieks en beroemde surfspots van Biarritz zorgen voor boeiende uitstappen.<\/p>\n\n\n\n<p class=\"ls-paragraph\">Si se dirige hacia el norte por la costa de Anglet, encontrar\u00e1 un paseo mar\u00edtimo en el que podr\u00e1 contemplar las impresionantes olas durante varios kil\u00f3metros. <\/p>\n\n\n\n<p class=\"ls-paragraph\">Anglet cuenta tambi\u00e9n con 250 hect\u00e1reas de bosque, equipadas con una pista de fitness, ideal para realizar numerosas actividades, picnics, paseos, deportes&#8230; \u00a1Una parada obligada, es la c\u00e1lida ciudad de Bayona! <\/p>\n\n\n\n<p class=\"ls-paragraph\">Su ambiente vasco es aut\u00e9ntico. <\/p>\n<\/div>\n<\/div>\n\n\r\n    <\/div>\r\n<\/section>\n\n<section id=\"ls-section-block_7fc7f3bd7cab34490b1fbcabd523e479\" class=\"ls-section  has-m-t m-t-0 has-m-b m-b-0 has-p-t p-t-0 has-p-b p-b-0\" >\r\n        <div class=\"container container--wide\">\r\n        \n\n<div class=\"wp-block-columns is-layout-flex wp-container-core-columns-is-layout-9d6595d7 wp-block-columns-is-layout-flex\">\n<div class=\"wp-block-column is-layout-flow wp-block-column-is-layout-flow\">\n<figure class=\"wp-block-image size-full\"><img decoding=\"async\" width=\"768\" height=\"512\" src=\"https:\/\/www.campingsuhiberry.com\/wp-content\/uploads\/2022\/04\/piment-basque.jpg\" alt=\"Pimiento vasco\" class=\"wp-image-4775\" srcset=\"https:\/\/www.campingsuhiberry.com\/wp-content\/uploads\/2022\/04\/piment-basque.jpg 768w, https:\/\/www.campingsuhiberry.com\/wp-content\/uploads\/2022\/04\/piment-basque-300x200.jpg 300w, https:\/\/www.campingsuhiberry.com\/wp-content\/uploads\/2022\/04\/piment-basque-150x100.jpg 150w\" sizes=\"(max-width: 768px) 100vw, 768px\" \/><\/figure>\n<\/div>\n\n\n\n<div class=\"wp-block-column is-layout-flow wp-block-column-is-layout-flow\">\n<figure class=\"wp-block-image size-full\"><img decoding=\"async\" width=\"768\" height=\"512\" src=\"https:\/\/www.campingsuhiberry.com\/wp-content\/uploads\/2022\/04\/faune-pays-basque.jpg\" alt=\"Fauna del Pa\u00eds Vasco\" class=\"wp-image-4771\" srcset=\"https:\/\/www.campingsuhiberry.com\/wp-content\/uploads\/2022\/04\/faune-pays-basque.jpg 768w, https:\/\/www.campingsuhiberry.com\/wp-content\/uploads\/2022\/04\/faune-pays-basque-300x200.jpg 300w, https:\/\/www.campingsuhiberry.com\/wp-content\/uploads\/2022\/04\/faune-pays-basque-150x100.jpg 150w\" sizes=\"(max-width: 768px) 100vw, 768px\" \/><\/figure>\n<\/div>\n<\/div>\n\n\r\n    <\/div>\r\n<\/section>\n\n<section id=\"ls-section-block_732760dfb5bb17eaf18f4f48b5304d38\" class=\"ls-section  flex-center\" >\r\n        <div class=\"container container--wide\">\r\n        \n\n<div class=\"wp-block-columns is-layout-flex wp-container-core-columns-is-layout-9d6595d7 wp-block-columns-is-layout-flex\">\n<div class=\"wp-block-column is-layout-flow wp-block-column-is-layout-flow\">\n<iframe loading=\"lazy\" title=\"Reproductor de v\u00eddeo de YouTube\" src=\"https:\/\/www.youtube.com\/embed\/phFg6HcGWAI\" width=\"100%\" height=\"450\" frameborder=\"0\" allowfullscreen=\"allowfullscreen\"><\/iframe>\n<\/div>\n\n\n\n<div class=\"wp-block-column is-layout-flow wp-block-column-is-layout-flow\">\n<p class=\"ls-paragraph\">Pasee entre el Nive y el Adour, los dos r\u00edos que atraviesan la ciudad, t\u00f3mese el tiempo para observar las casas con entramado de madera y visite el casco antiguo de Bayona para descubrir el alma y las riquezas de la ciudad, especialmente en el Museo Vasco. Las visitas guiadas, en particular por las murallas, herencia de las fortificaciones realizadas por Vauban, le revelar\u00e1n los secretos de esta ciudad de arte e historia.  <\/p>\n\n\n\n<p class=\"ls-paragraph\">La gastron\u00f3mica Bayona fue la primera ciudad chocolatera hace 400 a\u00f1os, por eso hoy a\u00fan flotan en algunas callejuelas los irresistibles aromas de chocolate que salen de los talleres\u2026 \u00a1con degustaci\u00f3n incluida!<\/p>\n\n\n\n<p class=\"ls-paragraph\">Las <a href=\"https:\/\/fetes.bayonne.fr\/\" target=\"_blank\" rel=\"noreferrer noopener\">fiestas de Bayona<\/a> son casi tan famosas como las de Pamplonay est\u00e1n muy animadas. Toda la familia puede participar en los numerosos actos: la entrega de las llaves del Rey Le\u00f3n en la apertura de las fiestas, el Corso (desfile de carrozas tem\u00e1ticas), el d\u00eda de los ni\u00f1os, las bandas y su animada m\u00fasica que desfilan por las calles&#8230; m\u00e1s animada que nunca, la ciudad vive para las fiestas, sobre todo desde las Halles, lugar estrat\u00e9gico de encuentro de las fiestas.<\/p>\n\n\n\n<p class=\"ls-paragraph\">Otras ciudades para descubrir durante sus vacaciones en la costa vasca: San Juan de Luz, Hendaya, Ciboure, Socoa, Urrugne&#8230;<\/p>\n<\/div>\n<\/div>\n\n\r\n    <\/div>\r\n<\/section>\n\n<section id=\"ls-section-block_9696984d85dab7db66c756d6586b2a12\" class=\"ls-section  has-p-t p-t-0\" >\r\n        <div class=\"container container--full\">\r\n        \n\n<h2 class=\"ls__heading wp-block-heading has-text-align-center has-color-1-color has-text-color\">Descubra el Pa\u00eds Vasco<\/h2>\n\n\n\n<div class=\"wp-block-columns is-layout-flex wp-container-core-columns-is-layout-9d6595d7 wp-block-columns-is-layout-flex\">\n<div class=\"wp-block-column is-layout-flow wp-block-column-is-layout-flow\"><div id=\"ls-maillage-block_70f13a228889514883a4beb6e1fbe1d2\" class=\"ls-maillage cta-style-normal\" data-rows=\"1\">\r\n    <div class=\"wp-block-columns\"><div class=\"wp-block-column\">\n\n<a href=\"https:\/\/www.campingsuhiberry.com\/es\/vakantie-in-het-baskenland\/mapa-del-pais-vasco-frances\/\" target=\"\" rel=\"noopener\" class=\"ls-cta__link\">\n\n\t<div class=\"ls-cta__image\"><img decoding=\"async\" src=\"https:\/\/www.campingsuhiberry.com\/wp-content\/uploads\/2023\/04\/pays-basque-en-france-1.jpg\" alt=\"\"><\/div>\n\t<div class=\"ls-cta__title\">\n\t\tMapa del Pa\u00eds Vasco franc\u00e9s\t<\/div>\n\n\t\t\n<\/a><\/div><\/div><div class=\"wp-block-columns\"><div class=\"wp-block-column\">\n\n<a href=\"https:\/\/www.campingsuhiberry.com\/vacances-camping-pays-basque\/ascain\/\" target=\"\" rel=\"noopener\" class=\"ls-cta__link\">\n\n\t<div class=\"ls-cta__image\"><img decoding=\"async\" src=\"https:\/\/www.campingsuhiberry.com\/wp-content\/uploads\/2023\/04\/ascain.jpg\" alt=\"tourisme Ascain\"><\/div>\n\t<div class=\"ls-cta__title\">\n\t\tAscain\t<\/div>\n\n\t\t\n<\/a><\/div><\/div><div class=\"wp-block-columns\"><div class=\"wp-block-column\">\n\n<a href=\"https:\/\/www.campingsuhiberry.com\/vacances-camping-pays-basque\/biarritz\/\" target=\"\" rel=\"noopener\" class=\"ls-cta__link\">\n\n\t<div class=\"ls-cta__image\"><img decoding=\"async\" src=\"https:\/\/www.campingsuhiberry.com\/wp-content\/uploads\/2022\/01\/location-vacances-biarritz.jpg\" alt=\"location vacances biarritz\"><\/div>\n\t<div class=\"ls-cta__title\">\n\t\tBiarritz\t<\/div>\n\n\t\t\n<\/a><\/div><\/div><div class=\"wp-block-columns\"><div class=\"wp-block-column\">\n\n<a href=\"https:\/\/www.campingsuhiberry.com\/vacances-camping-pays-basque\/bidart\/\" target=\"\" rel=\"noopener\" class=\"ls-cta__link\">\n\n\t<div class=\"ls-cta__image\"><img decoding=\"async\" src=\"https:\/\/www.campingsuhiberry.com\/wp-content\/uploads\/2023\/04\/camping-bidart.jpg\" alt=\"camping Bidart\"><\/div>\n\t<div class=\"ls-cta__title\">\n\t\tBidart\t<\/div>\n\n\t\t\n<\/a><\/div><\/div><\/div><\/div>\n\n\n\n<div class=\"wp-block-column is-layout-flow wp-block-column-is-layout-flow\"><div id=\"ls-maillage-block_b1893ff283628770159cf9d1c0718e8d\" class=\"ls-maillage cta-style-normal\" data-rows=\"1\">\r\n    <div class=\"wp-block-columns\"><div class=\"wp-block-column\">\n\n<a href=\"https:\/\/www.campingsuhiberry.com\/vacances-camping-pays-basque\/carte-du-pays-basque-espagnol\/\" target=\"\" rel=\"noopener\" class=\"ls-cta__link\">\n\n\t<div class=\"ls-cta__image\"><img decoding=\"async\" src=\"https:\/\/www.campingsuhiberry.com\/wp-content\/uploads\/2023\/04\/pays-basque-espagnol-1.jpg\" alt=\"Pays basque Espagnol\"><\/div>\n\t<div class=\"ls-cta__title\">\n\t\tCarte Pays basque Espagnol\t<\/div>\n\n\t\t\n<\/a><\/div><\/div><div class=\"wp-block-columns\"><div class=\"wp-block-column\">\n\n<a href=\"https:\/\/www.campingsuhiberry.com\/vacances-camping-pays-basque\/espelette\/\" target=\"\" rel=\"noopener\" class=\"ls-cta__link\">\n\n\t<div class=\"ls-cta__image\"><img decoding=\"async\" src=\"https:\/\/www.campingsuhiberry.com\/wp-content\/uploads\/2022\/01\/camping-visiter-espelette.jpg\" alt=\"camping visiter espelette\"><\/div>\n\t<div class=\"ls-cta__title\">\n\t\tEspelette\t<\/div>\n\n\t\t\n<\/a><\/div><\/div><div class=\"wp-block-columns\"><div class=\"wp-block-column\">\n\n<a href=\"https:\/\/www.campingsuhiberry.com\/vacances-camping-pays-basque\/guethary\/\" target=\"\" rel=\"noopener\" class=\"ls-cta__link\">\n\n\t<div class=\"ls-cta__image\"><img decoding=\"async\" src=\"https:\/\/www.campingsuhiberry.com\/wp-content\/uploads\/2023\/04\/camping-guethary.jpg\" alt=\"camping Gu\u00e9thary\"><\/div>\n\t<div class=\"ls-cta__title\">\n\t\tGu\u00e9thary\t<\/div>\n\n\t\t\n<\/a><\/div><\/div><div class=\"wp-block-columns\"><div class=\"wp-block-column\">\n\n<a href=\"https:\/\/www.campingsuhiberry.com\/vacances-camping-pays-basque\/urrugne\/\" target=\"\" rel=\"noopener\" class=\"ls-cta__link\">\n\n\t<div class=\"ls-cta__image\"><img decoding=\"async\" src=\"https:\/\/www.campingsuhiberry.com\/wp-content\/uploads\/2022\/01\/camping-suhiberry-urrugne-768x367.jpg\" alt=\"camping suhiberry urrugne\"><\/div>\n\t<div class=\"ls-cta__title\">\n\t\tURRUGNE\t<\/div>\n\n\t\t\n<\/a><\/div><\/div><\/div><\/div>\n\n\n\n<div class=\"wp-block-column is-layout-flow wp-block-column-is-layout-flow\"><div id=\"ls-maillage-block_098eb192b72e0bbafff93cb19214e787\" class=\"ls-maillage cta-style-normal\" data-rows=\"1\">\r\n    <div class=\"wp-block-columns\"><div class=\"wp-block-column\">\n\n<a href=\"https:\/\/www.campingsuhiberry.com\/vacances-camping-pays-basque\/hendaye\/\" target=\"\" rel=\"noopener\" class=\"ls-cta__link\">\n\n\t<div class=\"ls-cta__image\"><img decoding=\"async\" src=\"https:\/\/www.campingsuhiberry.com\/wp-content\/uploads\/2023\/04\/hendaye.jpg\" alt=\"visite hendaye\"><\/div>\n\t<div class=\"ls-cta__title\">\n\t\tHendaye\t<\/div>\n\n\t\t\n<\/a><\/div><\/div><div class=\"wp-block-columns\"><div class=\"wp-block-column\">\n\n<a href=\"https:\/\/www.campingsuhiberry.com\/vacances-camping-pays-basque\/saint-jean-de-luz\/\" target=\"\" rel=\"noopener\" class=\"ls-cta__link\">\n\n\t<div class=\"ls-cta__image\"><img decoding=\"async\" src=\"https:\/\/www.campingsuhiberry.com\/wp-content\/uploads\/2022\/04\/baie-saint-jean-de-luz.jpg\" alt=\"baie Saint Jean de Luz\"><\/div>\n\t<div class=\"ls-cta__title\">\n\t\tSaint jean de Luz\t<\/div>\n\n\t\t\n<\/a><\/div><\/div><div class=\"wp-block-columns\"><div class=\"wp-block-column\">\n\n<a href=\"https:\/\/www.campingsuhiberry.com\/vacances-camping-pays-basque\/sare\/\" target=\"\" rel=\"noopener\" class=\"ls-cta__link\">\n\n\t<div class=\"ls-cta__image\"><img decoding=\"async\" src=\"https:\/\/www.campingsuhiberry.com\/wp-content\/uploads\/2023\/04\/camping-sare.jpg\" alt=\"camping Sare\"><\/div>\n\t<div class=\"ls-cta__title\">\n\t\tSare\t<\/div>\n\n\t\t\n<\/a><\/div><\/div><div class=\"wp-block-columns\"><div class=\"wp-block-column\">\n\n<a href=\"https:\/\/www.campingsuhiberry.com\/vacances-camping-pays-basque\/socoa\/\" target=\"\" rel=\"noopener\" class=\"ls-cta__link\">\n\n\t<div class=\"ls-cta__image\"><img decoding=\"async\" src=\"https:\/\/www.campingsuhiberry.com\/wp-content\/uploads\/2022\/01\/camping-plage-socoa-768x512.jpg\" alt=\"camping plage socoa\"><\/div>\n\t<div class=\"ls-cta__title\">\n\t\tSocoa\t<\/div>\n\n\t\t\n<\/a><\/div><\/div><\/div><\/div>\n<\/div>\n\n\r\n    <\/div>\r\n<\/section>","protected":false},"excerpt":{"rendered":"","protected":false},"author":1,"featured_media":4769,"parent":0,"menu_order":0,"comment_status":"closed","ping_status":"closed","template":"","meta":{"_acf_changed":false,"footnotes":""},"sujet":[],"class_list":["post-7342","page","type-page","status-publish","has-post-thumbnail","hentry"],"acf":[],"yoast_head":"<!-- This site is optimized with the Yoast SEO plugin v23.4 - https:\/\/yoast.com\/wordpress\/plugins\/seo\/ -->\n<title>Vakantie in het Baskenland | Wat te doen en te zien in het Baskenland? | Toerisme<\/title>\n<meta name=\"description\" content=\"Para sus vacaciones de camping en el Pa\u00eds Vasco, venga a disfrutar de la riqueza de la regi\u00f3n de la Costa Vasca a trav\u00e9s de sus tradiciones.\" \/>\n<meta name=\"robots\" content=\"index, follow, max-snippet:-1, max-image-preview:large, max-video-preview:-1\" \/>\n<link rel=\"canonical\" href=\"https:\/\/www.campingsuhiberry.com\/es\/vakantie-in-het-baskenland\/\" \/>\n<meta property=\"og:locale\" content=\"es_ES\" \/>\n<meta property=\"og:type\" content=\"article\" \/>\n<meta property=\"og:title\" content=\"Vakantie in het Baskenland | Wat te doen en te zien in het Baskenland? | Toerisme\" \/>\n<meta property=\"og:description\" content=\"Para sus vacaciones de camping en el Pa\u00eds Vasco, venga a disfrutar de la riqueza de la regi\u00f3n de la Costa Vasca a trav\u00e9s de sus tradiciones.\" \/>\n<meta property=\"og:url\" content=\"https:\/\/www.campingsuhiberry.com\/es\/vakantie-in-het-baskenland\/\" \/>\n<meta property=\"og:site_name\" content=\"Camping Suhiberry\" \/>\n<meta property=\"article:modified_time\" content=\"2026-02-06T13:29:52+00:00\" \/>\n<meta property=\"og:image\" content=\"https:\/\/www.campingsuhiberry.com\/wp-content\/uploads\/2022\/04\/vacances-pays-basque.jpg\" \/>\n\t<meta property=\"og:image:width\" content=\"2048\" \/>\n\t<meta property=\"og:image:height\" content=\"584\" \/>\n\t<meta property=\"og:image:type\" content=\"image\/jpeg\" \/>\n<meta name=\"twitter:card\" content=\"summary_large_image\" \/>\n<meta name=\"twitter:label1\" content=\"Tiempo de lectura\" \/>\n\t<meta name=\"twitter:data1\" content=\"4 minutos\" \/>\n<!-- \/ Yoast SEO plugin. -->","yoast_head_json":{"title":"Vakantie in het Baskenland | Wat te doen en te zien in het Baskenland? | Toerisme","description":"Para sus vacaciones de camping en el Pa\u00eds Vasco, venga a disfrutar de la riqueza de la regi\u00f3n de la Costa Vasca a trav\u00e9s de sus tradiciones.","robots":{"index":"index","follow":"follow","max-snippet":"max-snippet:-1","max-image-preview":"max-image-preview:large","max-video-preview":"max-video-preview:-1"},"canonical":"https:\/\/www.campingsuhiberry.com\/es\/vakantie-in-het-baskenland\/","og_locale":"es_ES","og_type":"article","og_title":"Vakantie in het Baskenland | Wat te doen en te zien in het Baskenland? | Toerisme","og_description":"Para sus vacaciones de camping en el Pa\u00eds Vasco, venga a disfrutar de la riqueza de la regi\u00f3n de la Costa Vasca a trav\u00e9s de sus tradiciones.","og_url":"https:\/\/www.campingsuhiberry.com\/es\/vakantie-in-het-baskenland\/","og_site_name":"Camping Suhiberry","article_modified_time":"2026-02-06T13:29:52+00:00","og_image":[{"width":2048,"height":584,"url":"https:\/\/www.campingsuhiberry.com\/wp-content\/uploads\/2022\/04\/vacances-pays-basque.jpg","type":"image\/jpeg"}],"twitter_card":"summary_large_image","twitter_misc":{"Tiempo de lectura":"4 minutos"},"schema":{"@context":"https:\/\/schema.org","@graph":[{"@type":"WebPage","@id":"https:\/\/www.campingsuhiberry.com\/es\/vakantie-in-het-baskenland\/","url":"https:\/\/www.campingsuhiberry.com\/es\/vakantie-in-het-baskenland\/","name":"Vakantie in het Baskenland | Wat te doen en te zien in het Baskenland? | Toerisme","isPartOf":{"@id":"https:\/\/www.campingsuhiberry.com\/es\/#website"},"primaryImageOfPage":{"@id":"https:\/\/www.campingsuhiberry.com\/es\/vakantie-in-het-baskenland\/#primaryimage"},"image":{"@id":"https:\/\/www.campingsuhiberry.com\/es\/vakantie-in-het-baskenland\/#primaryimage"},"thumbnailUrl":"https:\/\/www.campingsuhiberry.com\/wp-content\/uploads\/2022\/04\/vacances-pays-basque.jpg","datePublished":"2022-04-13T13:05:50+00:00","dateModified":"2026-02-06T13:29:52+00:00","description":"Para sus vacaciones de camping en el Pa\u00eds Vasco, venga a disfrutar de la riqueza de la regi\u00f3n de la Costa Vasca a trav\u00e9s de sus tradiciones.","breadcrumb":{"@id":"https:\/\/www.campingsuhiberry.com\/es\/vakantie-in-het-baskenland\/#breadcrumb"},"inLanguage":"es","potentialAction":[{"@type":"ReadAction","target":["https:\/\/www.campingsuhiberry.com\/es\/vakantie-in-het-baskenland\/"]}]},{"@type":"ImageObject","inLanguage":"es","@id":"https:\/\/www.campingsuhiberry.com\/es\/vakantie-in-het-baskenland\/#primaryimage","url":"https:\/\/www.campingsuhiberry.com\/wp-content\/uploads\/2022\/04\/vacances-pays-basque.jpg","contentUrl":"https:\/\/www.campingsuhiberry.com\/wp-content\/uploads\/2022\/04\/vacances-pays-basque.jpg","width":2048,"height":584},{"@type":"BreadcrumbList","@id":"https:\/\/www.campingsuhiberry.com\/es\/vakantie-in-het-baskenland\/#breadcrumb","itemListElement":[{"@type":"ListItem","position":1,"name":"Camping Pa\u00eds Vasco","item":"https:\/\/www.campingsuhiberry.com\/es\/"},{"@type":"ListItem","position":2,"name":"Toerisme in het Baskenland"}]},{"@type":"WebSite","@id":"https:\/\/www.campingsuhiberry.com\/es\/#website","url":"https:\/\/www.campingsuhiberry.com\/es\/","name":"Camping Suhiberry","description":"","publisher":{"@id":"https:\/\/www.campingsuhiberry.com\/es\/#organization"},"potentialAction":[{"@type":"SearchAction","target":{"@type":"EntryPoint","urlTemplate":"https:\/\/www.campingsuhiberry.com\/es\/?s={search_term_string}"},"query-input":{"@type":"PropertyValueSpecification","valueRequired":true,"valueName":"search_term_string"}}],"inLanguage":"es"},{"@type":"Organization","@id":"https:\/\/www.campingsuhiberry.com\/es\/#organization","name":"Camping Suhiberry","url":"https:\/\/www.campingsuhiberry.com\/es\/","logo":{"@type":"ImageObject","inLanguage":"es","@id":"https:\/\/www.campingsuhiberry.com\/es\/#\/schema\/logo\/image\/","url":"https:\/\/www.campingsuhiberry.com\/wp-content\/uploads\/2022\/02\/26EF22B2-D6C4-4E69-88A8-12AE8EB90411.jpg","contentUrl":"https:\/\/www.campingsuhiberry.com\/wp-content\/uploads\/2022\/02\/26EF22B2-D6C4-4E69-88A8-12AE8EB90411.jpg","width":600,"height":400,"caption":"Camping Suhiberry"},"image":{"@id":"https:\/\/www.campingsuhiberry.com\/es\/#\/schema\/logo\/image\/"}}]}},"_links":{"self":[{"href":"https:\/\/www.campingsuhiberry.com\/es\/wp-json\/wp\/v2\/pages\/7342","targetHints":{"allow":["GET"]}}],"collection":[{"href":"https:\/\/www.campingsuhiberry.com\/es\/wp-json\/wp\/v2\/pages"}],"about":[{"href":"https:\/\/www.campingsuhiberry.com\/es\/wp-json\/wp\/v2\/types\/page"}],"author":[{"embeddable":true,"href":"https:\/\/www.campingsuhiberry.com\/es\/wp-json\/wp\/v2\/users\/1"}],"replies":[{"embeddable":true,"href":"https:\/\/www.campingsuhiberry.com\/es\/wp-json\/wp\/v2\/comments?post=7342"}],"version-history":[{"count":3,"href":"https:\/\/www.campingsuhiberry.com\/es\/wp-json\/wp\/v2\/pages\/7342\/revisions"}],"predecessor-version":[{"id":7493,"href":"https:\/\/www.campingsuhiberry.com\/es\/wp-json\/wp\/v2\/pages\/7342\/revisions\/7493"}],"wp:featuredmedia":[{"embeddable":true,"href":"https:\/\/www.campingsuhiberry.com\/es\/wp-json\/wp\/v2\/media\/4769"}],"wp:attachment":[{"href":"https:\/\/www.campingsuhiberry.com\/es\/wp-json\/wp\/v2\/media?parent=7342"}],"wp:term":[{"taxonomy":"sujet","embeddable":true,"href":"https:\/\/www.campingsuhiberry.com\/es\/wp-json\/wp\/v2\/sujet?post=7342"}],"curies":[{"name":"wp","href":"https:\/\/api.w.org\/{rel}","templated":true}]}}