{"id":7244,"date":"2023-01-02T13:47:46","date_gmt":"2023-01-02T12:47:46","guid":{"rendered":"https:\/\/www.campingsuhiberry.com\/camping-nature-pays-basque\/"},"modified":"2026-02-06T13:03:19","modified_gmt":"2026-02-06T12:03:19","slug":"camping-naturaleza-pais-vasco","status":"publish","type":"page","link":"https:\/\/www.campingsuhiberry.com\/es\/camping-naturaleza-pais-vasco\/","title":{"rendered":"Camping en plena naturaleza en el Pa\u00eds Vasco"},"content":{"rendered":"<section id=\"ls-section-block_8c044ba4e85d0048c542a1f53b814f2b\" class=\"ls-section  page-one\" >\r\n        <div class=\"container \">\r\n        \n\n<h1 class=\"ls__heading wp-block-heading has-text-align-center animated fadeIn\" id=\"camping-avec-piscine-a-urrugne-au-pays-basque\">Camping en plena naturaleza en el Pa\u00eds Vasco<\/h1>\n\n\n\n<p class=\"ls-paragraph has-text-align-center\">\u00bfNecesitas romper con la rutina diaria y disfrutar de una escapada en plena naturaleza? El <a href=\"https:\/\/www.campingsuhiberry.com\/es\">camping Suhiberry de 4 estrellas, situado en el Pa\u00eds Vasco<\/a> entre Hendaya y San Juan de Luz, es el lugar ideal para ti. Su ubicaci\u00f3n en pleno entorno natural lo convierte en un remanso de paz perfecto para relajarse. A solo 1,6 km del mar, el camping est\u00e1 lo suficientemente alejado del bullicio de la playa, pero lo bastante cerca como para disfrutar de todas sus ventajas. Vive unas vacaciones id\u00edlicas en este lugar lleno de encanto, donde las actividades son numerosas.<\/p>\n\n\r\n    <\/div>\r\n<\/section>\n\n<section id=\"ls-section-block_e53d5dc6d3beddc0ed0ec2000adf9515\" class=\"ls-section  page-two\" >\r\n        <div class=\"container container--wide\">\r\n        \n\n<h2 class=\"ls__heading wp-block-heading has-text-align-center animated fadeIn\" id=\"votre-camping-avec-piscine-exterieure-chauffee-au-pays-basque\"><strong>Suhiberry, un camping arbolado<\/strong><\/h2>\n\n\n\n<div class=\"wp-block-columns is-layout-flex wp-container-core-columns-is-layout-9d6595d7 wp-block-columns-is-layout-flex\">\n<div class=\"wp-block-column is-layout-flow wp-block-column-is-layout-flow\" style=\"flex-basis:60%\">\n<figure class=\"wp-block-image size-full\"><img decoding=\"async\" width=\"800\" height=\"533\" src=\"https:\/\/www.campingsuhiberry.com\/wp-content\/uploads\/2022\/02\/categg_1_4.jpg\" alt=\"van emplacement camping pays basque\" class=\"wp-image-2935\" srcset=\"https:\/\/www.campingsuhiberry.com\/wp-content\/uploads\/2022\/02\/categg_1_4.jpg 800w, https:\/\/www.campingsuhiberry.com\/wp-content\/uploads\/2022\/02\/categg_1_4-300x200.jpg 300w, https:\/\/www.campingsuhiberry.com\/wp-content\/uploads\/2022\/02\/categg_1_4-150x100.jpg 150w, https:\/\/www.campingsuhiberry.com\/wp-content\/uploads\/2022\/02\/categg_1_4-768x512.jpg 768w\" sizes=\"(max-width: 800px) 100vw, 800px\" \/><\/figure>\n<\/div>\n\n\n\n<div class=\"wp-block-column is-layout-flow wp-block-column-is-layout-flow\" style=\"flex-basis:40%\">\n<p class=\"ls-paragraph\">Nuestro camping Suhiberry de 4 estrellas se encuentra en un entorno privilegiado del Pa\u00eds Vasco y se extiende sobre un amplio espacio verde de 5 hect\u00e1reas. Tanto los mobil homes como las parcelas est\u00e1n situados a la sombra de robles y \u00e1lamos, en un ambiente natural tranquilo y relajante.   <\/p>\n\n\n\n<p class=\"ls-paragraph\">Nuestro camping cerca de San Juan de Luz ofrece numerosos servicios y actividades en armon\u00eda con la naturaleza. Por ejemplo, puedes practicar distintos deportes acu\u00e1ticos gracias al r\u00edo situado en la parte baja del camping.<\/p>\n\n\n\n<p class=\"ls-paragraph\">Aprovecha tu estancia para descubrir la riqueza del Pa\u00eds Vasco a trav\u00e9s de rutas de senderismo. <\/p>\n\n\n\n<p class=\"ls-paragraph\">Tras tus salidas y excursiones, rel\u00e1jate en la piscina climatizada de Suhiberry para recargar energ\u00edas.<\/p>\n<\/div>\n<\/div>\n\n\r\n    <\/div>\r\n<\/section>\n\n<section id=\"ls-section-block_240c60cb6856f05dcb7e48ef65ecd5fc\" class=\"ls-section  page-three has-background-image has-parallax\" >\r\n    <div class=\"ls-section__background-image opacity-33\"><img decoding=\"async\" src=\"https:\/\/www.campingsuhiberry.com\/wp-content\/uploads\/2022\/04\/camping-urrugne.jpg\" alt=\"camping Urrugne\"><\/div>    <div class=\"container \">\r\n        \n\n<h2 class=\"ls__heading wp-block-heading has-text-align-center\" id=\"le-charmant-espace-piscine-et-bien-etre-du-camping-urrugne-vous-permet-de\"><strong><strong>Nuestras parcelas y mobil homes en armon\u00eda con la naturaleza<\/strong><\/strong><\/h2>\n\n\n\n<p class=\"ls-paragraph\">En el camping Suhiberry, en el coraz\u00f3n del Pa\u00eds Vasco, encontrar\u00e1s todos los tipos de alojamiento que necesitas.<br><\/p>\n\n\n\n<p class=\"ls-paragraph\">Cabe destacar que estos alojamientos est\u00e1n integrados de forma ecol\u00f3gica para lograr una armon\u00eda total con el entorno natural.<\/p>\n\n\r\n    <\/div>\r\n<\/section>\n\n<section id=\"ls-section-block_e553c3998e57cd7d83d163f81a60a443\" class=\"ls-section  page-four\" >\r\n        <div class=\"container container--wide\">\r\n        \n\n<div class=\"wp-block-columns are-vertically-aligned-center m-t-10 is-layout-flex wp-container-core-columns-is-layout-9d6595d7 wp-block-columns-is-layout-flex\">\n<div class=\"wp-block-column is-vertically-aligned-center is-layout-flow wp-block-column-is-layout-flow\" style=\"flex-basis:40%\">\n<h2 class=\"ls__heading wp-block-heading\" id=\"horaires-infos\"><strong>Un camping ideal para senderistas y ciclistas<\/strong><\/h2>\n\n\n\n<p class=\"ls-paragraph\">El <a style=\"text-decoration:none; color:inherit; cursor:default; font-weight: 100;\" href=\"https:\/\/www.cottageparks.fr\/\">camping naturaleza<\/a> Suhiberry est\u00e1 idealmente situado para <a href=\"https:\/\/www.campingsuhiberry.com\/es\/vacances-camping-pays-basque\/\">descubrir el Pa\u00eds Vasco<\/a>. Puedes salir de excursi\u00f3n para explorar los numerosos senderos de esta regi\u00f3n monta\u00f1osa. Disfruta de unas agradables vacaciones contemplando los hermosos paisajes vascos durante rutas en quad, a caballo, a pie o en bicicleta de monta\u00f1a. Tambi\u00e9n tienes la posibilidad de organizar un picnic en la monta\u00f1a con tus hijos o practicar trail running si eres m\u00e1s deportivo.<\/p>\n\n\n\n<p class=\"ls-paragraph\">Para los ciclistas, el Pa\u00eds Vasco es un destino so\u00f1ado. Existen numerosas v\u00edas ciclistas alrededor del camping, como la Ruta del Pimiento o la V\u00eda del Litoral. Adem\u00e1s, la regi\u00f3n es conocida por sus playas de arena fina, sus acantilados, sus colinas verdes y sus casas t\u00edpicas. Paralelamente, este camping cerca de San Juan de Luz est\u00e1 dise\u00f1ado en perfecta sinton\u00eda con la naturaleza. Aqu\u00ed encontrar\u00e1s un espacio de relax ideal para una aut\u00e9ntica simbiosis con los elementos.    <\/p>\n<\/div>\n\n\n\n<div class=\"wp-block-column is-vertically-aligned-center mozaique is-layout-flow wp-block-column-is-layout-flow\" style=\"flex-basis:60%\">\n<div class=\"wp-block-columns first is-layout-flex wp-container-core-columns-is-layout-9d6595d7 wp-block-columns-is-layout-flex\">\n<div class=\"wp-block-column is-layout-flow wp-block-column-is-layout-flow\" style=\"flex-basis:66.66%\">\n<figure class=\"wp-block-image size-full\"><a href=\"https:\/\/www.campingsuhiberry.com\/wp-content\/uploads\/2022\/01\/camping-pas-cher-urrugne.jpg\"><img decoding=\"async\" width=\"600\" height=\"400\" src=\"https:\/\/www.campingsuhiberry.com\/wp-content\/uploads\/2022\/01\/camping-pas-cher-urrugne.jpg\" alt=\"camping econ\u00f3mico Urrugne\" class=\"wp-image-1385\" srcset=\"https:\/\/www.campingsuhiberry.com\/wp-content\/uploads\/2022\/01\/camping-pas-cher-urrugne.jpg 600w, https:\/\/www.campingsuhiberry.com\/wp-content\/uploads\/2022\/01\/camping-pas-cher-urrugne-300x200.jpg 300w, https:\/\/www.campingsuhiberry.com\/wp-content\/uploads\/2022\/01\/camping-pas-cher-urrugne-150x100.jpg 150w\" sizes=\"(max-width: 600px) 100vw, 600px\" \/><\/a><\/figure>\n<\/div>\n\n\n\n<div class=\"wp-block-column is-layout-flow wp-block-column-is-layout-flow\" style=\"flex-basis:33.33%\">\n<figure class=\"wp-block-image size-full\"><a href=\"https:\/\/www.campingsuhiberry.com\/wp-content\/uploads\/2022\/02\/3D3ECA2F-5C48-44D6-9750-8C194546994C.jpg\"><img decoding=\"async\" width=\"400\" height=\"600\" src=\"https:\/\/www.campingsuhiberry.com\/wp-content\/uploads\/2022\/02\/3D3ECA2F-5C48-44D6-9750-8C194546994C.jpg\" alt=\"camping yoga piscina Suhiberry\" class=\"wp-image-2685\" srcset=\"https:\/\/www.campingsuhiberry.com\/wp-content\/uploads\/2022\/02\/3D3ECA2F-5C48-44D6-9750-8C194546994C.jpg 400w, https:\/\/www.campingsuhiberry.com\/wp-content\/uploads\/2022\/02\/3D3ECA2F-5C48-44D6-9750-8C194546994C-200x300.jpg 200w, https:\/\/www.campingsuhiberry.com\/wp-content\/uploads\/2022\/02\/3D3ECA2F-5C48-44D6-9750-8C194546994C-100x150.jpg 100w\" sizes=\"(max-width: 400px) 100vw, 400px\" \/><\/a><\/figure>\n<\/div>\n<\/div>\n\n\n\n<div class=\"wp-block-columns is-layout-flex wp-container-core-columns-is-layout-9d6595d7 wp-block-columns-is-layout-flex\">\n<div class=\"wp-block-column is-layout-flow wp-block-column-is-layout-flow\" style=\"flex-basis:40%\">\n<figure class=\"wp-block-image size-full\"><a href=\"https:\/\/www.campingsuhiberry.com\/wp-content\/uploads\/2022\/06\/spa-vue-rhune.jpg\"><img decoding=\"async\" width=\"922\" height=\"612\" src=\"https:\/\/www.campingsuhiberry.com\/wp-content\/uploads\/2022\/06\/spa-vue-rhune.jpg\" alt=\"spa con vistas a La Rhune<br&gt;<br&gt;\" class=\"wp-image-5222\" srcset=\"https:\/\/www.campingsuhiberry.com\/wp-content\/uploads\/2022\/06\/spa-vue-rhune.jpg 922w, https:\/\/www.campingsuhiberry.com\/wp-content\/uploads\/2022\/06\/spa-vue-rhune-300x199.jpg 300w, https:\/\/www.campingsuhiberry.com\/wp-content\/uploads\/2022\/06\/spa-vue-rhune-150x100.jpg 150w, https:\/\/www.campingsuhiberry.com\/wp-content\/uploads\/2022\/06\/spa-vue-rhune-768x510.jpg 768w\" sizes=\"(max-width: 922px) 100vw, 922px\" \/><\/a><\/figure>\n<\/div>\n\n\n\n<div class=\"wp-block-column is-layout-flow wp-block-column-is-layout-flow\" style=\"flex-basis:60%\">\n<figure class=\"wp-block-image size-large\"><a href=\"<!--[CDATA[https:\/\/www.campingsuhiberry.com\/wp-content\/uploads\/2022\/01\/camping-pays-basque.jpg]]--&gt;\"><img decoding=\"async\" width=\"1024\" height=\"377\" src=\"https:\/\/www.campingsuhiberry.com\/wp-content\/uploads\/2022\/01\/camping-pays-basque-1024x377.jpg\" alt=\"Camping Pa\u00eds Vasco\" class=\"wp-image-1665\" srcset=\"https:\/\/www.campingsuhiberry.com\/wp-content\/uploads\/2022\/01\/camping-pays-basque-1024x377.jpg 1024w, https:\/\/www.campingsuhiberry.com\/wp-content\/uploads\/2022\/01\/camping-pays-basque-300x111.jpg 300w, https:\/\/www.campingsuhiberry.com\/wp-content\/uploads\/2022\/01\/camping-pays-basque-150x55.jpg 150w, https:\/\/www.campingsuhiberry.com\/wp-content\/uploads\/2022\/01\/camping-pays-basque-768x283.jpg 768w, https:\/\/www.campingsuhiberry.com\/wp-content\/uploads\/2022\/01\/camping-pays-basque-1536x566.jpg 1536w, https:\/\/www.campingsuhiberry.com\/wp-content\/uploads\/2022\/01\/camping-pays-basque.jpg 1900w\" sizes=\"(max-width: 1024px) 100vw, 1024px\" \/><\/a><\/figure>\n<\/div>\n<\/div>\n<\/div>\n<\/div>\n\n\r\n    <\/div>\r\n<\/section>\n\n<section id=\"ls-section-block_46bf1ef05c147d5a0c462c45391f5805\" class=\"ls-section  page-six\" >\r\n        <div class=\"container container--wide\">\r\n        \n\n<div id=\"ls-heading ls-titre-div-block_5c1abedf3b260c86c31e381c538b1c3a\" class=\"ls-titre-div ls__heading aligncenter h2-like\" >\n    \u00a1Descubre el camping!<\/div>\n\n\n\n<div class=\"wp-block-columns is-layout-flex wp-container-core-columns-is-layout-9d6595d7 wp-block-columns-is-layout-flex\">\n<div class=\"wp-block-column is-layout-flow wp-block-column-is-layout-flow\"><div id=\"ls-maillage-block_f06e4985b7ed8dda7335fcf0853785d1\" class=\"ls-maillage cta-style-normal\" data-rows=\"3\">\r\n    <div class=\"wp-block-columns\"><div class=\"wp-block-column\">\n\n<a href=\"https:\/\/www.campingsuhiberry.com\/es\/ubicacion-camping-pais-vasco\/\" target=\"\" rel=\"noopener\" class=\"ls-cta__link\">\n\n\t<div class=\"ls-cta__image\"><img decoding=\"async\" src=\"https:\/\/www.campingsuhiberry.com\/wp-content\/uploads\/2022\/01\/camping-emplacement-tente-pays-basque.jpg\" alt=\"camping emplacement tente pays basque\"><\/div>\n\t<div class=\"ls-cta__title\">\n\t\tUbicaci\u00f3n\t<\/div>\n\n\t\t\n<\/a><\/div><\/div><\/div><\/div>\n\n\n\n<div class=\"wp-block-column is-layout-flow wp-block-column-is-layout-flow\"><div id=\"ls-maillage-block_f43b2339114a17cec4dc36083b817086\" class=\"ls-maillage cta-style-normal\" data-rows=\"3\">\r\n    <div class=\"wp-block-columns\"><div class=\"wp-block-column\">\n\n<a href=\"https:\/\/www.campingsuhiberry.com\/es\/spa-privatif-pays-basque\/\" target=\"\" rel=\"noopener\" class=\"ls-cta__link\">\n\n\t<div class=\"ls-cta__image\"><img decoding=\"async\" src=\"https:\/\/www.campingsuhiberry.com\/wp-content\/uploads\/2022\/02\/sauna-jacuzzi-camping-suhiberry.jpg\" alt=\"sauna jacuzzi camping suhiberry\"><\/div>\n\t<div class=\"ls-cta__title\">\n\t\tSpa privado \t<\/div>\n\n\t\t\n<\/a><\/div><\/div><\/div><\/div>\n\n\n\n<div class=\"wp-block-column is-layout-flow wp-block-column-is-layout-flow\"><div id=\"ls-maillage-block_7317016bf82d7d36bf0971297abed6fb\" class=\"ls-maillage cta-style-normal\" data-rows=\"3\">\r\n    <div class=\"wp-block-columns\"><div class=\"wp-block-column\">\n\n<a href=\"https:\/\/www.campingsuhiberry.com\/es\/ubicacion-movil-casa-pais-vasco\/\" target=\"\" rel=\"noopener\" class=\"ls-cta__link\">\n\n\t<div class=\"ls-cta__image\"><img decoding=\"async\" src=\"https:\/\/www.campingsuhiberry.com\/wp-content\/uploads\/2022\/01\/camping-location-mobil-home-pays-basque.jpg\" alt=\"camping location mobil home pays basque\"><\/div>\n\t<div class=\"ls-cta__title\">\n\t\tCasa m\u00f3vil\t<\/div>\n\n\t\t\n<\/a><\/div><\/div><\/div><\/div>\n<\/div>\n\n\r\n    <\/div>\r\n<\/section>","protected":false},"excerpt":{"rendered":"","protected":false},"author":1,"featured_media":5670,"parent":0,"menu_order":0,"comment_status":"closed","ping_status":"closed","template":"","meta":{"_acf_changed":false,"footnotes":""},"sujet":[],"class_list":["post-7244","page","type-page","status-publish","has-post-thumbnail","hentry"],"acf":[],"yoast_head":"<!-- This site is optimized with the Yoast SEO plugin v23.4 - https:\/\/yoast.com\/wordpress\/plugins\/seo\/ -->\n<title>Camping naturaleza Pa\u00eds Vasco: tu camping en plena naturaleza vasca<\/title>\n<meta name=\"description\" content=\"Reserva ahora tu estancia en un camping en plena naturaleza en el Pa\u00eds Vasco. El camping Suhiberry te da la bienvenida en un entorno arbolado y muy cercano a la naturaleza.\" \/>\n<meta name=\"robots\" content=\"index, follow, max-snippet:-1, max-image-preview:large, max-video-preview:-1\" \/>\n<link rel=\"canonical\" href=\"https:\/\/www.campingsuhiberry.com\/es\/camping-naturaleza-pais-vasco\/\" \/>\n<meta property=\"og:locale\" content=\"es_ES\" \/>\n<meta property=\"og:type\" content=\"article\" \/>\n<meta property=\"og:title\" content=\"Camping naturaleza Pa\u00eds Vasco: tu camping en plena naturaleza vasca\" \/>\n<meta property=\"og:description\" content=\"Reserva ahora tu estancia en un camping en plena naturaleza en el Pa\u00eds Vasco. El camping Suhiberry te da la bienvenida en un entorno arbolado y muy cercano a la naturaleza.\" \/>\n<meta property=\"og:url\" content=\"https:\/\/www.campingsuhiberry.com\/es\/camping-naturaleza-pais-vasco\/\" \/>\n<meta property=\"og:site_name\" content=\"Camping Suhiberry\" \/>\n<meta property=\"article:modified_time\" content=\"2026-02-06T12:03:19+00:00\" \/>\n<meta property=\"og:image\" content=\"https:\/\/www.campingsuhiberry.com\/wp-content\/uploads\/2023\/01\/camping-nature-basque.jpg\" \/>\n\t<meta property=\"og:image:width\" content=\"1920\" \/>\n\t<meta property=\"og:image:height\" content=\"1080\" \/>\n\t<meta property=\"og:image:type\" content=\"image\/jpeg\" \/>\n<meta name=\"twitter:card\" content=\"summary_large_image\" \/>\n<meta name=\"twitter:label1\" content=\"Tiempo de lectura\" \/>\n\t<meta name=\"twitter:data1\" content=\"4 minutos\" \/>\n<!-- \/ Yoast SEO plugin. -->","yoast_head_json":{"title":"Camping naturaleza Pa\u00eds Vasco: tu camping en plena naturaleza vasca","description":"Reserva ahora tu estancia en un camping en plena naturaleza en el Pa\u00eds Vasco. El camping Suhiberry te da la bienvenida en un entorno arbolado y muy cercano a la naturaleza.","robots":{"index":"index","follow":"follow","max-snippet":"max-snippet:-1","max-image-preview":"max-image-preview:large","max-video-preview":"max-video-preview:-1"},"canonical":"https:\/\/www.campingsuhiberry.com\/es\/camping-naturaleza-pais-vasco\/","og_locale":"es_ES","og_type":"article","og_title":"Camping naturaleza Pa\u00eds Vasco: tu camping en plena naturaleza vasca","og_description":"Reserva ahora tu estancia en un camping en plena naturaleza en el Pa\u00eds Vasco. El camping Suhiberry te da la bienvenida en un entorno arbolado y muy cercano a la naturaleza.","og_url":"https:\/\/www.campingsuhiberry.com\/es\/camping-naturaleza-pais-vasco\/","og_site_name":"Camping Suhiberry","article_modified_time":"2026-02-06T12:03:19+00:00","og_image":[{"width":1920,"height":1080,"url":"https:\/\/www.campingsuhiberry.com\/wp-content\/uploads\/2023\/01\/camping-nature-basque.jpg","type":"image\/jpeg"}],"twitter_card":"summary_large_image","twitter_misc":{"Tiempo de lectura":"4 minutos"},"schema":{"@context":"https:\/\/schema.org","@graph":[{"@type":"WebPage","@id":"https:\/\/www.campingsuhiberry.com\/es\/camping-naturaleza-pais-vasco\/","url":"https:\/\/www.campingsuhiberry.com\/es\/camping-naturaleza-pais-vasco\/","name":"Camping naturaleza Pa\u00eds Vasco: tu camping en plena naturaleza vasca","isPartOf":{"@id":"https:\/\/www.campingsuhiberry.com\/es\/#website"},"primaryImageOfPage":{"@id":"https:\/\/www.campingsuhiberry.com\/es\/camping-naturaleza-pais-vasco\/#primaryimage"},"image":{"@id":"https:\/\/www.campingsuhiberry.com\/es\/camping-naturaleza-pais-vasco\/#primaryimage"},"thumbnailUrl":"https:\/\/www.campingsuhiberry.com\/wp-content\/uploads\/2023\/01\/camping-nature-basque.jpg","datePublished":"2023-01-02T12:47:46+00:00","dateModified":"2026-02-06T12:03:19+00:00","description":"Reserva ahora tu estancia en un camping en plena naturaleza en el Pa\u00eds Vasco. El camping Suhiberry te da la bienvenida en un entorno arbolado y muy cercano a la naturaleza.","breadcrumb":{"@id":"https:\/\/www.campingsuhiberry.com\/es\/camping-naturaleza-pais-vasco\/#breadcrumb"},"inLanguage":"es","potentialAction":[{"@type":"ReadAction","target":["https:\/\/www.campingsuhiberry.com\/es\/camping-naturaleza-pais-vasco\/"]}]},{"@type":"ImageObject","inLanguage":"es","@id":"https:\/\/www.campingsuhiberry.com\/es\/camping-naturaleza-pais-vasco\/#primaryimage","url":"https:\/\/www.campingsuhiberry.com\/wp-content\/uploads\/2023\/01\/camping-nature-basque.jpg","contentUrl":"https:\/\/www.campingsuhiberry.com\/wp-content\/uploads\/2023\/01\/camping-nature-basque.jpg","width":1920,"height":1080,"caption":"camping nature pays basque"},{"@type":"BreadcrumbList","@id":"https:\/\/www.campingsuhiberry.com\/es\/camping-naturaleza-pais-vasco\/#breadcrumb","itemListElement":[{"@type":"ListItem","position":1,"name":"Camping Pa\u00eds Vasco","item":"https:\/\/www.campingsuhiberry.com\/es\/"},{"@type":"ListItem","position":2,"name":"Camping en plena naturaleza"}]},{"@type":"WebSite","@id":"https:\/\/www.campingsuhiberry.com\/es\/#website","url":"https:\/\/www.campingsuhiberry.com\/es\/","name":"Camping Suhiberry","description":"","publisher":{"@id":"https:\/\/www.campingsuhiberry.com\/es\/#organization"},"potentialAction":[{"@type":"SearchAction","target":{"@type":"EntryPoint","urlTemplate":"https:\/\/www.campingsuhiberry.com\/es\/?s={search_term_string}"},"query-input":{"@type":"PropertyValueSpecification","valueRequired":true,"valueName":"search_term_string"}}],"inLanguage":"es"},{"@type":"Organization","@id":"https:\/\/www.campingsuhiberry.com\/es\/#organization","name":"Camping Suhiberry","url":"https:\/\/www.campingsuhiberry.com\/es\/","logo":{"@type":"ImageObject","inLanguage":"es","@id":"https:\/\/www.campingsuhiberry.com\/es\/#\/schema\/logo\/image\/","url":"https:\/\/www.campingsuhiberry.com\/wp-content\/uploads\/2022\/02\/26EF22B2-D6C4-4E69-88A8-12AE8EB90411.jpg","contentUrl":"https:\/\/www.campingsuhiberry.com\/wp-content\/uploads\/2022\/02\/26EF22B2-D6C4-4E69-88A8-12AE8EB90411.jpg","width":600,"height":400,"caption":"Camping Suhiberry"},"image":{"@id":"https:\/\/www.campingsuhiberry.com\/es\/#\/schema\/logo\/image\/"}}]}},"_links":{"self":[{"href":"https:\/\/www.campingsuhiberry.com\/es\/wp-json\/wp\/v2\/pages\/7244","targetHints":{"allow":["GET"]}}],"collection":[{"href":"https:\/\/www.campingsuhiberry.com\/es\/wp-json\/wp\/v2\/pages"}],"about":[{"href":"https:\/\/www.campingsuhiberry.com\/es\/wp-json\/wp\/v2\/types\/page"}],"author":[{"embeddable":true,"href":"https:\/\/www.campingsuhiberry.com\/es\/wp-json\/wp\/v2\/users\/1"}],"replies":[{"embeddable":true,"href":"https:\/\/www.campingsuhiberry.com\/es\/wp-json\/wp\/v2\/comments?post=7244"}],"version-history":[{"count":3,"href":"https:\/\/www.campingsuhiberry.com\/es\/wp-json\/wp\/v2\/pages\/7244\/revisions"}],"predecessor-version":[{"id":7455,"href":"https:\/\/www.campingsuhiberry.com\/es\/wp-json\/wp\/v2\/pages\/7244\/revisions\/7455"}],"wp:featuredmedia":[{"embeddable":true,"href":"https:\/\/www.campingsuhiberry.com\/es\/wp-json\/wp\/v2\/media\/5670"}],"wp:attachment":[{"href":"https:\/\/www.campingsuhiberry.com\/es\/wp-json\/wp\/v2\/media?parent=7244"}],"wp:term":[{"taxonomy":"sujet","embeddable":true,"href":"https:\/\/www.campingsuhiberry.com\/es\/wp-json\/wp\/v2\/sujet?post=7244"}],"curies":[{"name":"wp","href":"https:\/\/api.w.org\/{rel}","templated":true}]}}