{"id":7169,"date":"2022-06-24T11:23:18","date_gmt":"2022-06-24T09:23:18","guid":{"rendered":"https:\/\/www.campingsuhiberry.com\/spa-privatif-pays-basque\/"},"modified":"2026-02-04T12:19:47","modified_gmt":"2026-02-04T11:19:47","slug":"spa-privatif-pays-basque","status":"publish","type":"page","link":"https:\/\/www.campingsuhiberry.com\/es\/spa-privatif-pays-basque\/","title":{"rendered":"Camping con spa privado en el Pa\u00eds Vasco"},"content":{"rendered":"<section id=\"ls-section-block_995b24997dabfc578cecefa4a3058bff\" class=\"ls-section  has-p-t p-t-10 has-p-b p-b-0\" >\r\n        <div class=\"container container--wide\">\r\n        \n\n<h1 class=\"ls__heading has-text-align-center animated fadeIn wp-block-heading\" id=\"camping-avec-piscine-a-urrugne-au-pays-basque\">Las vacaciones son sin\u00f3nimo de despreocupaci\u00f3n. En nuestro camping en el Pa\u00eds Vasco, dejar\u00e1 atr\u00e1s su rutina diaria y el estr\u00e9s que la acompa\u00f1a.<\/h1>\n\n\n\n<p class=\"ls-paragraph has-text-align-center\">Las vacaciones son sin\u00f3nimo de despreocupaci\u00f3n. En nuestro <a href=\"\/\">camping en el Pa\u00eds Vasco<\/a>, dejar\u00e1 atr\u00e1s su rutina diaria y el estr\u00e9s que la acompa\u00f1a.  <\/p>\n\n\n\n<p class=\"ls-paragraph has-text-align-center\">El espacio acu\u00e1tico con piscina climatizada, las numerosas actividades deportivas y de baile, las playas de la Costa Vasca o los descubrimientos gastron\u00f3micos le ayudar\u00e1n a recargar energ\u00edas. <\/p>\n\n\n\n<p class=\"ls-paragraph has-text-align-center\">\u00bfPor qu\u00e9 no disfrutar tambi\u00e9n del espacio wellness con su jacuzzi y spa privado para una puesta a punto completa?<\/p>\n\n\r\n    <\/div>\r\n<\/section><section id=\"ls-section-block_2bb27227e8446a1ec1da3b51cc81950b\" class=\"ls-section  flex-center has-p-b p-b-0\" >\r\n        <div class=\"container container--wide\">\r\n        \n\n<div class=\"wp-block-columns is-layout-flex wp-container-core-columns-is-layout-9d6595d7 wp-block-columns-is-layout-flex\">\n<div class=\"wp-block-column is-layout-flow wp-block-column-is-layout-flow\" style=\"flex-basis:60%\">\n<figure class=\"wp-block-image size-full\"><img decoding=\"async\" width=\"922\" height=\"612\" src=\"https:\/\/www.campingsuhiberry.com\/wp-content\/uploads\/2022\/06\/spa-vue-rhune.jpg\" alt=\"spa vue rhune\" class=\"wp-image-5222\" srcset=\"https:\/\/www.campingsuhiberry.com\/wp-content\/uploads\/2022\/06\/spa-vue-rhune.jpg 922w, https:\/\/www.campingsuhiberry.com\/wp-content\/uploads\/2022\/06\/spa-vue-rhune-300x199.jpg 300w, https:\/\/www.campingsuhiberry.com\/wp-content\/uploads\/2022\/06\/spa-vue-rhune-150x100.jpg 150w, https:\/\/www.campingsuhiberry.com\/wp-content\/uploads\/2022\/06\/spa-vue-rhune-768x510.jpg 768w\" sizes=\"(max-width: 922px) 100vw, 922px\" \/><\/figure>\n<\/div>\n\n\n\n<div class=\"wp-block-column is-layout-flow wp-block-column-is-layout-flow\" style=\"flex-basis:40%\">\n<h2 class=\"ls-heading wp-block-heading\">Relaje su cuerpo entre Hendaya y Saint-Jean-de-Luz <\/h2>\n\n\n\n<p class=\"ls-paragraph\">Una sesi\u00f3n de spa solo aporta beneficios. Gracias a la producci\u00f3n de endorfinas, ayuda a liberar la tensi\u00f3n muscular y favorece una agradable sensaci\u00f3n de relajaci\u00f3n.  <\/p>\n\n\n\n<p class=\"ls-paragraph\">En este estado de bienestar, el estr\u00e9s disminuye y los dolores se aten\u00faan. Una pr\u00e1ctica regular incluso puede mejorar la salud general a largo plazo. Pensando en usted, el camping Suhiberry en el Pa\u00eds Vasco ha creado un espacio \u00edntegramente dedicado al descanso y la recuperaci\u00f3n.  <\/p>\n\n\n\n<p class=\"ls-paragraph\">Equipado con un jacuzzi para 4 personas, una sauna para 2 personas y una zona lounge con sof\u00e1, tambi\u00e9n dispone de una terraza con vistas a La Rhune.<\/p>\n\n\n\n<p class=\"ls-paragraph\">Al entrar, el espacio queda reservado exclusivamente para usted durante 45 minutos. Solo o acompa\u00f1ado, se sumergir\u00e1 en agua climatizada a 35 grados para un ba\u00f1o relajante. En nuestro camping con jacuzzi privado, disfrutar\u00e1 de los efectos terap\u00e9uticos de los ba\u00f1os de burbujas, logrando una relajaci\u00f3n corporal completa.  <\/p>\n<\/div>\n<\/div>\n\n\r\n    <\/div>\r\n<\/section><section id=\"ls-section-block_492a4c2f916dd117103f9003e9e87548\" class=\"ls-section  home-third\" >\r\n        <div class=\"container container--wide\">\r\n        \n\n<p class=\"ls-paragraph\">Despu\u00e9s de nadar en la<a href=\"\/camping-pays-basque-avec-piscine\/\"> piscina climatizada del camping<\/a>, una sesi\u00f3n de sauna &#8211; ba\u00f1o de vapor seco &#8211; intensificar\u00e1 la sensaci\u00f3n de bienestar. \u00bfSab\u00eda que el calor seco es beneficioso para el coraz\u00f3n y puede ayudar a aliviar los dolores articulares? Podr\u00e1 regular la temperatura, generada por un horno de piedras, para encontrar el nivel de confort ideal.  <\/p>\n\n\n\n<p class=\"ls-paragraph\">Tras estos momentos dedicados a su cuerpo, podr\u00e1 disfrutar de la terraza con vistas a La Rhune y dejarse llevar por una suave meditaci\u00f3n frente a la magn\u00edfica monta\u00f1a vasca. <\/p>\n\n\n\n<p class=\"ls-paragraph\">Con reserva previa, puede completar la sesi\u00f3n con un masaje de reflexolog\u00eda podal. Procedente de la medicina china ancestral, esta t\u00e9cnica es conocida por corregir los desequilibrios del cuerpo y aportar bienestar. El terapeuta aplica presiones manuales en puntos espec\u00edficos de la planta de los pies.   <\/p>\n\n\r\n    <\/div>\r\n<\/section><section id=\"ls-section-block_ee0b7b120ec97d9e29740e19375c2d75\" class=\"ls-section  home-third-bis\" >\r\n        <div class=\"container container--full\">\r\n        \n\n<div class=\"wp-block-columns animated fadeInRightBig is-layout-flex wp-container-core-columns-is-layout-9d6595d7 wp-block-columns-is-layout-flex\">\n<div class=\"wp-block-column is-layout-flow wp-block-column-is-layout-flow\">\n<figure class=\"wp-block-image size-full\"><img decoding=\"async\" width=\"600\" height=\"400\" src=\"https:\/\/www.campingsuhiberry.com\/wp-content\/uploads\/2022\/06\/spa-privatif-pays-basque.jpg\" alt=\"spa privatif pays basque\" class=\"wp-image-5213\" srcset=\"https:\/\/www.campingsuhiberry.com\/wp-content\/uploads\/2022\/06\/spa-privatif-pays-basque.jpg 600w, https:\/\/www.campingsuhiberry.com\/wp-content\/uploads\/2022\/06\/spa-privatif-pays-basque-300x200.jpg 300w, https:\/\/www.campingsuhiberry.com\/wp-content\/uploads\/2022\/06\/spa-privatif-pays-basque-150x100.jpg 150w\" sizes=\"(max-width: 600px) 100vw, 600px\" \/><\/figure>\n<\/div>\n\n\n\n<div class=\"wp-block-column is-layout-flow wp-block-column-is-layout-flow\">\n<figure class=\"wp-block-image size-full\"><img decoding=\"async\" width=\"600\" height=\"400\" src=\"https:\/\/www.campingsuhiberry.com\/wp-content\/uploads\/2022\/06\/sauna-pays-basque.jpg\" alt=\"\" class=\"wp-image-5143\" srcset=\"https:\/\/www.campingsuhiberry.com\/wp-content\/uploads\/2022\/06\/sauna-pays-basque.jpg 600w, https:\/\/www.campingsuhiberry.com\/wp-content\/uploads\/2022\/06\/sauna-pays-basque-300x200.jpg 300w, https:\/\/www.campingsuhiberry.com\/wp-content\/uploads\/2022\/06\/sauna-pays-basque-150x100.jpg 150w\" sizes=\"(max-width: 600px) 100vw, 600px\" \/><\/figure>\n<\/div>\n\n\n\n<div class=\"wp-block-column is-layout-flow wp-block-column-is-layout-flow\">\n<figure class=\"wp-block-image size-full\"><img decoding=\"async\" width=\"600\" height=\"400\" src=\"https:\/\/www.campingsuhiberry.com\/wp-content\/uploads\/2022\/06\/massage-plantaire-spa-pays-basque.jpg\" alt=\"massage plantaire spa pays basque\" class=\"wp-image-5139\" srcset=\"https:\/\/www.campingsuhiberry.com\/wp-content\/uploads\/2022\/06\/massage-plantaire-spa-pays-basque.jpg 600w, https:\/\/www.campingsuhiberry.com\/wp-content\/uploads\/2022\/06\/massage-plantaire-spa-pays-basque-300x200.jpg 300w, https:\/\/www.campingsuhiberry.com\/wp-content\/uploads\/2022\/06\/massage-plantaire-spa-pays-basque-150x100.jpg 150w\" sizes=\"(max-width: 600px) 100vw, 600px\" \/><\/figure>\n<\/div>\n<\/div>\n\n\r\n    <\/div>\r\n<\/section><section id=\"ls-section-block_9329d01d4d4747f077c6e928ad51f513\" class=\"ls-section  flex-center\" >\r\n        <div class=\"container container--wide\">\r\n        \n\n<div class=\"wp-block-columns is-layout-flex wp-container-core-columns-is-layout-9d6595d7 wp-block-columns-is-layout-flex\">\n<div class=\"wp-block-column is-layout-flow wp-block-column-is-layout-flow\">\n<figure class=\"wp-block-image size-full\"><img decoding=\"async\" width=\"716\" height=\"477\" src=\"https:\/\/www.campingsuhiberry.com\/wp-content\/uploads\/2022\/01\/camping-suhiberry-jacuzzi.jpg\" alt=\"camping suhiberry jacuzzi\" class=\"wp-image-388\" srcset=\"https:\/\/www.campingsuhiberry.com\/wp-content\/uploads\/2022\/01\/camping-suhiberry-jacuzzi.jpg 716w, https:\/\/www.campingsuhiberry.com\/wp-content\/uploads\/2022\/01\/camping-suhiberry-jacuzzi-300x200.jpg 300w, https:\/\/www.campingsuhiberry.com\/wp-content\/uploads\/2022\/01\/camping-suhiberry-jacuzzi-150x100.jpg 150w\" sizes=\"(max-width: 716px) 100vw, 716px\" \/><\/figure>\n<\/div>\n\n\n\n<div class=\"wp-block-column is-layout-flow wp-block-column-is-layout-flow\">\n<h2 class=\"ls-heading wp-block-heading\">\u00bfC\u00f3mo funcionan los tratamientos corporales en nuestro camping con jacuzzi en el Pa\u00eds Vasco?<\/h2>\n\n\n\n<p class=\"ls-paragraph\">Nuestro espacio wellness est\u00e1 disponible con reserva previa, por una tarifa de 12 \u20ac por persona. <\/p>\n\n\n\n<p class=\"ls-paragraph\">Una vez que dispone del espacio en exclusiva durante 45 minutos, usted decide cu\u00e1nto tiempo pasar en el jacuzzi, la sauna, la zona lounge y la terraza con vistas a La Rhune.<\/p>\n\n\n\n<p class=\"ls-paragraph\">Entre cada sesi\u00f3n, el espacio se limpia completamente durante unos 15 minutos.<\/p>\n\n\n\n<p class=\"ls-paragraph\">El masaje de reflexolog\u00eda debe reservarse aparte en recepci\u00f3n.<\/p>\n\n\n\n<p class=\"ls-paragraph\">As\u00ed podr\u00e1 vivir un aut\u00e9ntico momento de relajaci\u00f3n y aprovechar al m\u00e1ximo su<a href=\"\/week-end-pays-basque\/en-amoureux\/\"> fin de semana en pareja <\/a>o sus vacaciones de camping en el Pa\u00eds Vasco.<\/p>\n\n\n\n<p class=\"ls-paragraph\">Y si desea prolongar la experiencia, tambi\u00e9n podemos aconsejarle sobre <a href=\"https:\/\/www.campingsuhiberry.com\/week-end-pays-basque\/thalasso\/\">fines de semana de talasoterapia en el Pa\u00eds Vasco<\/a>.<\/p>\n<\/div>\n<\/div>\n\n\r\n    <\/div>\r\n<\/section><section id=\"ls-section-block_69e43613e83207ce7ff5a037bef24e65\" class=\"ls-section  has-p-t p-t-0\" >\r\n        <div class=\"container container--full\">\r\n        \n\n<h2 class=\"ls__heading has-text-align-center has-color-1-color has-text-color wp-block-heading\">Descubra nuestra piscina y nuestros servicios con estrellas<\/h2>\n\n\n\n<div class=\"wp-block-columns is-layout-flex wp-container-core-columns-is-layout-9d6595d7 wp-block-columns-is-layout-flex\">\n<div class=\"wp-block-column is-layout-flow wp-block-column-is-layout-flow\"><div id=\"ls-maillage-block_d780f19730015dad456d7ca57c09d780\" class=\"ls-maillage cta-style-normal\" data-rows=\"1\">\r\n    <div class=\"wp-block-columns\"><div class=\"wp-block-column\">\n\n<a href=\"https:\/\/www.campingsuhiberry.com\/es\/camping-pais-vasco-con-piscina\/\" target=\"\" rel=\"noopener\" class=\"ls-cta__link\">\n\n\t<div class=\"ls-cta__image\"><img decoding=\"async\" src=\"https:\/\/www.campingsuhiberry.com\/wp-content\/uploads\/2022\/02\/B74C624B-6755-4A60-9837-368E49A97163-2-768x512.jpg\" alt=\"camping suhiberry piscine chauffee\"><\/div>\n\t<div class=\"ls-cta__title\">\n\t\tPiscina\t<\/div>\n\n\t\t\n<\/a><\/div><\/div><\/div><\/div>\n\n\n\n<div class=\"wp-block-column is-layout-flow wp-block-column-is-layout-flow\"><div id=\"ls-maillage-block_28482daf325605f7482644650ceba8b8\" class=\"ls-maillage cta-style-normal\" data-rows=\"1\">\r\n    <div class=\"wp-block-columns\"><div class=\"wp-block-column\">\n\n<a href=\"https:\/\/www.campingsuhiberry.com\/es\/ubicacion-movil-casa-pais-vasco\/\" target=\"\" rel=\"noopener\" class=\"ls-cta__link\">\n\n\t<div class=\"ls-cta__image\"><img decoding=\"async\" src=\"https:\/\/www.campingsuhiberry.com\/wp-content\/uploads\/2022\/01\/camping-location-mobil-home-pays-basque.jpg\" alt=\"camping location mobil home pays basque\"><\/div>\n\t<div class=\"ls-cta__title\">\n\t\tCasa m\u00f3vil\t<\/div>\n\n\t\t\n<\/a><\/div><\/div><\/div><\/div>\n\n\n\n<div class=\"wp-block-column is-layout-flow wp-block-column-is-layout-flow\"><div id=\"ls-maillage-block_01ae63b91c6a57e9d6a8966ccd67802f\" class=\"ls-maillage cta-style-normal\" data-rows=\"1\">\r\n    <div class=\"wp-block-columns\"><div class=\"wp-block-column\">\n\n<a href=\"https:\/\/www.campingsuhiberry.com\/es\/actividades-camping-urrugne\/\" target=\"\" rel=\"noopener\" class=\"ls-cta__link\">\n\n\t<div class=\"ls-cta__image\"><img decoding=\"async\" src=\"https:\/\/www.campingsuhiberry.com\/wp-content\/uploads\/2022\/02\/camping-urrugne-activite-sport.jpg\" alt=\"camping urrugne activite sport\"><\/div>\n\t<div class=\"ls-cta__title\">\n\t\tActividades l\u00fadicas y deportivas\t<\/div>\n\n\t\t\n<\/a><\/div><\/div><\/div><\/div>\n<\/div>\n\n\r\n    <\/div>\r\n<\/section>","protected":false},"excerpt":{"rendered":"","protected":false},"author":1,"featured_media":4211,"parent":0,"menu_order":0,"comment_status":"closed","ping_status":"closed","template":"","meta":{"_acf_changed":false,"footnotes":""},"sujet":[],"class_list":["post-7169","page","type-page","status-publish","has-post-thumbnail","hentry"],"acf":[],"yoast_head":"<!-- This site is optimized with the Yoast SEO plugin v23.4 - https:\/\/yoast.com\/wordpress\/plugins\/seo\/ -->\n<title>Camping con spa privado y jacuzzi para su bienestar en el Pa\u00eds Vasco<\/title>\n<meta name=\"description\" content=\"Spa privatizable en el Pa\u00eds Vasco en nuestro camping Suhiberry, d\u00e9 paso a la relajaci\u00f3n: jacuzzi, sauna, tratamientos y masajes con vistas a La Rhune\" \/>\n<meta name=\"robots\" content=\"index, follow, max-snippet:-1, max-image-preview:large, max-video-preview:-1\" \/>\n<link rel=\"canonical\" href=\"https:\/\/www.campingsuhiberry.com\/es\/spa-privatif-pays-basque\/\" \/>\n<meta property=\"og:locale\" content=\"es_ES\" \/>\n<meta property=\"og:type\" content=\"article\" \/>\n<meta property=\"og:title\" content=\"Camping con spa privado y jacuzzi para su bienestar en el Pa\u00eds Vasco\" \/>\n<meta property=\"og:description\" content=\"Spa privatizable en el Pa\u00eds Vasco en nuestro camping Suhiberry, d\u00e9 paso a la relajaci\u00f3n: jacuzzi, sauna, tratamientos y masajes con vistas a La Rhune\" \/>\n<meta property=\"og:url\" content=\"https:\/\/www.campingsuhiberry.com\/es\/spa-privatif-pays-basque\/\" \/>\n<meta property=\"og:site_name\" content=\"Camping Suhiberry\" \/>\n<meta property=\"article:modified_time\" content=\"2026-02-04T11:19:47+00:00\" \/>\n<meta property=\"og:image\" content=\"https:\/\/www.campingsuhiberry.com\/wp-content\/uploads\/2022\/02\/spa-jaccuzzi-suhiberry.jpg\" \/>\n\t<meta property=\"og:image:width\" content=\"1900\" \/>\n\t<meta property=\"og:image:height\" content=\"700\" \/>\n\t<meta property=\"og:image:type\" content=\"image\/jpeg\" \/>\n<meta name=\"twitter:card\" content=\"summary_large_image\" \/>\n<meta name=\"twitter:label1\" content=\"Tiempo de lectura\" \/>\n\t<meta name=\"twitter:data1\" content=\"4 minutos\" \/>\n<!-- \/ Yoast SEO plugin. -->","yoast_head_json":{"title":"Camping con spa privado y jacuzzi para su bienestar en el Pa\u00eds Vasco","description":"Spa privatizable en el Pa\u00eds Vasco en nuestro camping Suhiberry, d\u00e9 paso a la relajaci\u00f3n: jacuzzi, sauna, tratamientos y masajes con vistas a La Rhune","robots":{"index":"index","follow":"follow","max-snippet":"max-snippet:-1","max-image-preview":"max-image-preview:large","max-video-preview":"max-video-preview:-1"},"canonical":"https:\/\/www.campingsuhiberry.com\/es\/spa-privatif-pays-basque\/","og_locale":"es_ES","og_type":"article","og_title":"Camping con spa privado y jacuzzi para su bienestar en el Pa\u00eds Vasco","og_description":"Spa privatizable en el Pa\u00eds Vasco en nuestro camping Suhiberry, d\u00e9 paso a la relajaci\u00f3n: jacuzzi, sauna, tratamientos y masajes con vistas a La Rhune","og_url":"https:\/\/www.campingsuhiberry.com\/es\/spa-privatif-pays-basque\/","og_site_name":"Camping Suhiberry","article_modified_time":"2026-02-04T11:19:47+00:00","og_image":[{"width":1900,"height":700,"url":"https:\/\/www.campingsuhiberry.com\/wp-content\/uploads\/2022\/02\/spa-jaccuzzi-suhiberry.jpg","type":"image\/jpeg"}],"twitter_card":"summary_large_image","twitter_misc":{"Tiempo de lectura":"4 minutos"},"schema":{"@context":"https:\/\/schema.org","@graph":[{"@type":"WebPage","@id":"https:\/\/www.campingsuhiberry.com\/es\/spa-privatif-pays-basque\/","url":"https:\/\/www.campingsuhiberry.com\/es\/spa-privatif-pays-basque\/","name":"Camping con spa privado y jacuzzi para su bienestar en el Pa\u00eds Vasco","isPartOf":{"@id":"https:\/\/www.campingsuhiberry.com\/es\/#website"},"primaryImageOfPage":{"@id":"https:\/\/www.campingsuhiberry.com\/es\/spa-privatif-pays-basque\/#primaryimage"},"image":{"@id":"https:\/\/www.campingsuhiberry.com\/es\/spa-privatif-pays-basque\/#primaryimage"},"thumbnailUrl":"https:\/\/www.campingsuhiberry.com\/wp-content\/uploads\/2022\/02\/spa-jaccuzzi-suhiberry.jpg","datePublished":"2022-06-24T09:23:18+00:00","dateModified":"2026-02-04T11:19:47+00:00","description":"Spa privatizable en el Pa\u00eds Vasco en nuestro camping Suhiberry, d\u00e9 paso a la relajaci\u00f3n: jacuzzi, sauna, tratamientos y masajes con vistas a La Rhune","breadcrumb":{"@id":"https:\/\/www.campingsuhiberry.com\/es\/spa-privatif-pays-basque\/#breadcrumb"},"inLanguage":"es","potentialAction":[{"@type":"ReadAction","target":["https:\/\/www.campingsuhiberry.com\/es\/spa-privatif-pays-basque\/"]}]},{"@type":"ImageObject","inLanguage":"es","@id":"https:\/\/www.campingsuhiberry.com\/es\/spa-privatif-pays-basque\/#primaryimage","url":"https:\/\/www.campingsuhiberry.com\/wp-content\/uploads\/2022\/02\/spa-jaccuzzi-suhiberry.jpg","contentUrl":"https:\/\/www.campingsuhiberry.com\/wp-content\/uploads\/2022\/02\/spa-jaccuzzi-suhiberry.jpg","width":1900,"height":700,"caption":"spa jaccuzzi suhiberry"},{"@type":"BreadcrumbList","@id":"https:\/\/www.campingsuhiberry.com\/es\/spa-privatif-pays-basque\/#breadcrumb","itemListElement":[{"@type":"ListItem","position":1,"name":"Camping Pa\u00eds Vasco","item":"https:\/\/www.campingsuhiberry.com\/es\/"},{"@type":"ListItem","position":2,"name":"Spa privado Pa\u00eds Vasco"}]},{"@type":"WebSite","@id":"https:\/\/www.campingsuhiberry.com\/es\/#website","url":"https:\/\/www.campingsuhiberry.com\/es\/","name":"Camping Suhiberry","description":"","publisher":{"@id":"https:\/\/www.campingsuhiberry.com\/es\/#organization"},"potentialAction":[{"@type":"SearchAction","target":{"@type":"EntryPoint","urlTemplate":"https:\/\/www.campingsuhiberry.com\/es\/?s={search_term_string}"},"query-input":{"@type":"PropertyValueSpecification","valueRequired":true,"valueName":"search_term_string"}}],"inLanguage":"es"},{"@type":"Organization","@id":"https:\/\/www.campingsuhiberry.com\/es\/#organization","name":"Camping Suhiberry","url":"https:\/\/www.campingsuhiberry.com\/es\/","logo":{"@type":"ImageObject","inLanguage":"es","@id":"https:\/\/www.campingsuhiberry.com\/es\/#\/schema\/logo\/image\/","url":"https:\/\/www.campingsuhiberry.com\/wp-content\/uploads\/2022\/02\/26EF22B2-D6C4-4E69-88A8-12AE8EB90411.jpg","contentUrl":"https:\/\/www.campingsuhiberry.com\/wp-content\/uploads\/2022\/02\/26EF22B2-D6C4-4E69-88A8-12AE8EB90411.jpg","width":600,"height":400,"caption":"Camping Suhiberry"},"image":{"@id":"https:\/\/www.campingsuhiberry.com\/es\/#\/schema\/logo\/image\/"}}]}},"_links":{"self":[{"href":"https:\/\/www.campingsuhiberry.com\/es\/wp-json\/wp\/v2\/pages\/7169","targetHints":{"allow":["GET"]}}],"collection":[{"href":"https:\/\/www.campingsuhiberry.com\/es\/wp-json\/wp\/v2\/pages"}],"about":[{"href":"https:\/\/www.campingsuhiberry.com\/es\/wp-json\/wp\/v2\/types\/page"}],"author":[{"embeddable":true,"href":"https:\/\/www.campingsuhiberry.com\/es\/wp-json\/wp\/v2\/users\/1"}],"replies":[{"embeddable":true,"href":"https:\/\/www.campingsuhiberry.com\/es\/wp-json\/wp\/v2\/comments?post=7169"}],"version-history":[{"count":3,"href":"https:\/\/www.campingsuhiberry.com\/es\/wp-json\/wp\/v2\/pages\/7169\/revisions"}],"predecessor-version":[{"id":7172,"href":"https:\/\/www.campingsuhiberry.com\/es\/wp-json\/wp\/v2\/pages\/7169\/revisions\/7172"}],"wp:featuredmedia":[{"embeddable":true,"href":"https:\/\/www.campingsuhiberry.com\/es\/wp-json\/wp\/v2\/media\/4211"}],"wp:attachment":[{"href":"https:\/\/www.campingsuhiberry.com\/es\/wp-json\/wp\/v2\/media?parent=7169"}],"wp:term":[{"taxonomy":"sujet","embeddable":true,"href":"https:\/\/www.campingsuhiberry.com\/es\/wp-json\/wp\/v2\/sujet?post=7169"}],"curies":[{"name":"wp","href":"https:\/\/api.w.org\/{rel}","templated":true}]}}