{"id":3107,"date":"2022-01-27T14:09:17","date_gmt":"2022-01-27T13:09:17","guid":{"rendered":"https:\/\/www.campingsuhiberry.com\/camping-pays-basque\/restaurant-camping-urrugne\/"},"modified":"2023-06-16T09:43:39","modified_gmt":"2023-06-16T07:43:39","slug":"restaurante-camping-urrugne","status":"publish","type":"page","link":"https:\/\/www.campingsuhiberry.com\/es\/restaurante-camping-urrugne\/","title":{"rendered":"Restaurant et Snack"},"content":{"rendered":"<section id=\"ls-section-block_d7756a0714fc53935ce831876d78ba66\" class=\"ls-section  page-one\" >\r\n        <div class=\"container \">\r\n        \n\n<h1 class=\"ls__heading wp-block-heading has-text-align-center\" id=\"restaurant-et-snack\">Restaurante y snack bar<\/h1>\n\n\r\n    <\/div>\r\n<\/section>\n\n<section id=\"ls-section-block_a50f777d36476104ad5f63bbcb6c25af\" class=\"ls-section  page-two\" >\r\n        <div class=\"container container--wide\">\r\n        \n\n<h2 class=\"ls__heading wp-block-heading has-text-align-center\" id=\"animations-et-detente-au-camping-suhiberry-un-bon-combine-pour-des-vacances-reussies\">Disfrute de los platos t\u00edpicos del Pa\u00eds Vasco<\/h2>\n\n\n\n<div class=\"wp-block-columns is-layout-flex wp-container-core-columns-is-layout-9d6595d7 wp-block-columns-is-layout-flex\">\n<div class=\"wp-block-column is-layout-flow wp-block-column-is-layout-flow\" style=\"flex-basis:60%\">\n<figure class=\"wp-block-image size-large\"><a href=\"https:\/\/www.campingsuhiberry.com\/wp-content\/uploads\/2022\/01\/camping-restaurant-urrugne.jpg\"><img decoding=\"async\" width=\"1024\" height=\"683\" src=\"https:\/\/www.campingsuhiberry.com\/wp-content\/uploads\/2022\/01\/camping-restaurant-urrugne-1024x683.jpg\" alt=\"camping restaurante urrugne\" class=\"wp-image-1205\" srcset=\"https:\/\/www.campingsuhiberry.com\/wp-content\/uploads\/2022\/01\/camping-restaurant-urrugne-1024x683.jpg 1024w, https:\/\/www.campingsuhiberry.com\/wp-content\/uploads\/2022\/01\/camping-restaurant-urrugne-300x200.jpg 300w, https:\/\/www.campingsuhiberry.com\/wp-content\/uploads\/2022\/01\/camping-restaurant-urrugne-150x100.jpg 150w, https:\/\/www.campingsuhiberry.com\/wp-content\/uploads\/2022\/01\/camping-restaurant-urrugne-768x512.jpg 768w, https:\/\/www.campingsuhiberry.com\/wp-content\/uploads\/2022\/01\/camping-restaurant-urrugne.jpg 1200w\" sizes=\"(max-width: 1024px) 100vw, 1024px\" \/><\/a><\/figure>\n<\/div>\n\n\n\n<div class=\"wp-block-column is-layout-flow wp-block-column-is-layout-flow\" style=\"flex-basis:40%\">\n<p class=\"ls-paragraph\">El snack-restaurante Suhiberry sirve cocina local casera basada en productos frescos de la zona para almorzar y cenar en julio y agosto.<\/p>\n\n\n\n<p class=\"ls-paragraph\">Siempre inspirados en los <strong>sabores del suroeste<\/strong>, nuestros platos le deleitar\u00e1n y contribuir\u00e1n a que descubra el territorio vasco y su cultura.<\/p>\n\n\n\n<p class=\"ls-paragraph\">A trav\u00e9s de nuestro men\u00fa y nuestras sugerencias diarias, pretendemos ofrecerle una exitosa inmersi\u00f3n en la cultura y las tradiciones vascas.<\/p>\n\n\n\n<p class=\"ls-paragraph\">Adem\u00e1s de estas magn\u00edficas <strong>veladas tem\u00e1ticas<\/strong>, en nuestro restaurante encontrar\u00e1 a diario los principales productos y preparaciones de la costa vasca francesa y espa\u00f1ola.<\/p>\n\n\n\n<p class=\"ls-paragraph\">Entre <strong>tapas<\/strong>y <strong>sidras locales<\/strong>, \u00a1d\u00e9jate sorprender por nuestro <strong>helado de leche de oveja<\/strong>! En la m\u00e1s pura tradici\u00f3n vasca, reconocer\u00e1 en el ambiente de nuestro restaurante como en sus men\u00fas las palabras clave de <strong>generosidad<\/strong>, <strong>sabor<\/strong>, <strong>car\u00e1cter<\/strong>y <strong>codicia<\/strong>.<\/p>\n<\/div>\n<\/div>\n\n\r\n    <\/div>\r\n<\/section>\n\n<section id=\"ls-section-block_ac793d216b0671b963c6fb015f5be77a\" class=\"ls-section  page-three has-background-image has-background has-color-1-background-color\" >\r\n    <div class=\"ls-section__background-image opacity-33\"><img decoding=\"async\" src=\"https:\/\/www.campingsuhiberry.com\/wp-content\/uploads\/2022\/02\/camping-avec-restaurant-pays-basque-890x419-1.jpg\" alt=\"camping-restaurant-snack pays basque\"><\/div>    <div class=\"container \">\r\n        \n\n<h2 class=\"ls__heading wp-block-heading has-text-align-center\" id=\"les-specialites-du-pays-basque\"><span style=\"color:#ffffff\" class=\"tadv-color\">Especialidades del Pa\u00eds Vasco<\/span><\/h2>\n\n\n\n<p class=\"ls-paragraph has-text-align-left\">Venga a sentir el <strong>ambiente vasco<\/strong> tomando una copa o comiendo en el Resto-Snack-Bar del <a href=\"https:\/\/www.campingsuhiberry.com\/es\/\">camping Urrugne<\/a>:<\/p>\n\n\n\n<ul class=\"ls-list wp-block-list\"><li><strong>Pan y boller\u00eda frescos<\/strong> por la ma\u00f1ana (no es necesario reservar, ya que el pan se elabora in situ)<\/li><li>Restaurante con <strong>cocina local<\/strong> al mediod\u00eda y por la noche entre las 12 y las 15 horas y a partir de las 19.30 horas.<\/li><li>Los<strong>productos de aperitivo<\/strong> toman el relevo despu\u00e9s del servicio por <strong>las tardes<\/strong>.<\/li><li><strong>Barras de hielo<\/strong>para neveras.<\/li><li><strong>Comidas para llevar<\/strong>si prefiere disfrutar de la comodidad de su alojamiento, ya sea una parcela de camping o una casa m\u00f3vil. El <strong>personal est\u00e1 dispuesto<\/strong>a prepararle un buen plato vasco.<\/li><li>El men\u00fa del bar de aperitivos con los precios se muestra en el lugar.<\/li><\/ul>\n\n\r\n    <\/div>\r\n<\/section>\n\n<section id=\"ls-section-block_284802a62f4f55f5878b4bb28e71ae7e\" class=\"ls-section  page-six\" >\r\n        <div class=\"container container--wide\">\r\n        \n\n<div id=\"ls-heading ls-titre-div-block_ae453f030a12a61fe0fcd754d9ab83b1\" class=\"ls-titre-div aligncenter h2-like\" >\n    Descubra las dem\u00e1s actividades y servicios de nuestro camping en Urrugne<\/div>\n\n\n\n<div class=\"wp-block-columns is-layout-flex wp-container-core-columns-is-layout-9d6595d7 wp-block-columns-is-layout-flex\">\n<div class=\"wp-block-column is-layout-flow wp-block-column-is-layout-flow\"><div id=\"ls-maillage-block_cc7005c287b78f04c287ba4fcc5ec91b\" class=\"ls-maillage cta-style-normal\" data-rows=\"3\">\r\n    <div class=\"wp-block-columns\"><div class=\"wp-block-column\">\n\n<a href=\"https:\/\/www.campingsuhiberry.com\/es\/actividades-camping-urrugne\/\" target=\"\" rel=\"noopener\" class=\"ls-cta__link\">\n\n\t<div class=\"ls-cta__image\"><img decoding=\"async\" src=\"https:\/\/www.campingsuhiberry.com\/wp-content\/uploads\/2022\/02\/camping-urrugne-activite-sport.jpg\" alt=\"camping urrugne activite sport\"><\/div>\n\t<div class=\"ls-cta__title\">\n\t\tActividades l\u00fadicas y deportivas\t<\/div>\n\n\t\t\n<\/a><\/div><\/div><\/div><\/div>\n\n\n\n<div class=\"wp-block-column is-layout-flow wp-block-column-is-layout-flow\"><div id=\"ls-maillage-block_bc993fa741e2111006590f56125d726c\" class=\"ls-maillage cta-style-normal\" data-rows=\"3\">\r\n    <div class=\"wp-block-columns\"><div class=\"wp-block-column\">\n\n<a href=\"https:\/\/www.campingsuhiberry.com\/es\/camping-con-animaciones-pais-vasco\/\" target=\"\" rel=\"noopener\" class=\"ls-cta__link\">\n\n\t<div class=\"ls-cta__image\"><img decoding=\"async\" src=\"https:\/\/www.campingsuhiberry.com\/wp-content\/uploads\/2022\/01\/camping-soiree-animee-hendaye-768x512.jpg\" alt=\"camping soiree animee hendaye\"><\/div>\n\t<div class=\"ls-cta__title\">\n\t\tEntretenimiento y fiestas\t<\/div>\n\n\t\t\n<\/a><\/div><\/div><\/div><\/div>\n\n\n\n<div class=\"wp-block-column is-layout-flow wp-block-column-is-layout-flow\"><div id=\"ls-maillage-block_6187c87901e70d700915418482f2489d\" class=\"ls-maillage cta-style-normal\" data-rows=\"3\">\r\n    <div class=\"wp-block-columns\"><div class=\"wp-block-column\">\n\n<a href=\"https:\/\/www.campingsuhiberry.com\/es\/camping-4-estrellas-pais-vasco\/\" target=\"\" rel=\"noopener\" class=\"ls-cta__link\">\n\n\t<div class=\"ls-cta__image\"><img decoding=\"async\" src=\"https:\/\/www.campingsuhiberry.com\/wp-content\/uploads\/2022\/06\/camping-etoiles-pays-basque.jpg\" alt=\"camping avec services \u00e9toil\u00e9s au pays basque\"><\/div>\n\t<div class=\"ls-cta__title\">\n\t\tLos servicios\t<\/div>\n\n\t\t\n<\/a><\/div><\/div><\/div><\/div>\n<\/div>\n\n\r\n    <\/div>\r\n<\/section>","protected":false},"excerpt":{"rendered":"","protected":false},"author":1,"featured_media":1212,"parent":0,"menu_order":0,"comment_status":"closed","ping_status":"closed","template":"","meta":{"_acf_changed":false,"footnotes":""},"sujet":[],"class_list":["post-3107","page","type-page","status-publish","has-post-thumbnail","hentry"],"acf":[],"yoast_head":"<!-- This site is optimized with the Yoast SEO plugin v23.4 - https:\/\/yoast.com\/wordpress\/plugins\/seo\/ -->\n<title>Restaurante y snack bar en Urrugne: disfrute de la gastronom\u00eda vasca en el camping<\/title>\n<meta name=\"description\" content=\"Descubra el restaurante del Camping Suhiberry en el Pa\u00eds Vasco: una oportunidad para degustar las especialidades locales.\" \/>\n<meta name=\"robots\" content=\"index, follow, max-snippet:-1, max-image-preview:large, max-video-preview:-1\" \/>\n<link rel=\"canonical\" href=\"https:\/\/www.campingsuhiberry.com\/es\/restaurante-camping-urrugne\/\" \/>\n<meta property=\"og:locale\" content=\"es_ES\" \/>\n<meta property=\"og:type\" content=\"article\" \/>\n<meta property=\"og:title\" content=\"Restaurante y snack bar en Urrugne: disfrute de la gastronom\u00eda vasca en el camping\" \/>\n<meta property=\"og:description\" content=\"Descubra el restaurante del Camping Suhiberry en el Pa\u00eds Vasco: una oportunidad para degustar las especialidades locales.\" \/>\n<meta property=\"og:url\" content=\"https:\/\/www.campingsuhiberry.com\/es\/restaurante-camping-urrugne\/\" \/>\n<meta property=\"og:site_name\" content=\"Camping Suhiberry\" \/>\n<meta property=\"article:modified_time\" content=\"2023-06-16T07:43:39+00:00\" \/>\n<meta property=\"og:image\" content=\"https:\/\/www.campingsuhiberry.com\/wp-content\/uploads\/2022\/01\/camping-restaurant-pays-basque.jpg\" \/>\n\t<meta property=\"og:image:width\" content=\"1900\" \/>\n\t<meta property=\"og:image:height\" content=\"701\" \/>\n\t<meta property=\"og:image:type\" content=\"image\/jpeg\" \/>\n<meta name=\"twitter:card\" content=\"summary_large_image\" \/>\n<meta name=\"twitter:label1\" content=\"Tiempo de lectura\" \/>\n\t<meta name=\"twitter:data1\" content=\"2 minutos\" \/>\n<!-- \/ Yoast SEO plugin. -->","yoast_head_json":{"title":"Restaurante y snack bar en Urrugne: disfrute de la gastronom\u00eda vasca en el camping","description":"Descubra el restaurante del Camping Suhiberry en el Pa\u00eds Vasco: una oportunidad para degustar las especialidades locales.","robots":{"index":"index","follow":"follow","max-snippet":"max-snippet:-1","max-image-preview":"max-image-preview:large","max-video-preview":"max-video-preview:-1"},"canonical":"https:\/\/www.campingsuhiberry.com\/es\/restaurante-camping-urrugne\/","og_locale":"es_ES","og_type":"article","og_title":"Restaurante y snack bar en Urrugne: disfrute de la gastronom\u00eda vasca en el camping","og_description":"Descubra el restaurante del Camping Suhiberry en el Pa\u00eds Vasco: una oportunidad para degustar las especialidades locales.","og_url":"https:\/\/www.campingsuhiberry.com\/es\/restaurante-camping-urrugne\/","og_site_name":"Camping Suhiberry","article_modified_time":"2023-06-16T07:43:39+00:00","og_image":[{"width":1900,"height":701,"url":"https:\/\/www.campingsuhiberry.com\/wp-content\/uploads\/2022\/01\/camping-restaurant-pays-basque.jpg","type":"image\/jpeg"}],"twitter_card":"summary_large_image","twitter_misc":{"Tiempo de lectura":"2 minutos"},"schema":{"@context":"https:\/\/schema.org","@graph":[{"@type":"WebPage","@id":"https:\/\/www.campingsuhiberry.com\/es\/restaurante-camping-urrugne\/","url":"https:\/\/www.campingsuhiberry.com\/es\/restaurante-camping-urrugne\/","name":"Restaurante y snack bar en Urrugne: disfrute de la gastronom\u00eda vasca en el camping","isPartOf":{"@id":"https:\/\/www.campingsuhiberry.com\/es\/#website"},"primaryImageOfPage":{"@id":"https:\/\/www.campingsuhiberry.com\/es\/restaurante-camping-urrugne\/#primaryimage"},"image":{"@id":"https:\/\/www.campingsuhiberry.com\/es\/restaurante-camping-urrugne\/#primaryimage"},"thumbnailUrl":"https:\/\/www.campingsuhiberry.com\/wp-content\/uploads\/2022\/01\/camping-restaurant-pays-basque.jpg","datePublished":"2022-01-27T13:09:17+00:00","dateModified":"2023-06-16T07:43:39+00:00","description":"Descubra el restaurante del Camping Suhiberry en el Pa\u00eds Vasco: una oportunidad para degustar las especialidades locales.","breadcrumb":{"@id":"https:\/\/www.campingsuhiberry.com\/es\/restaurante-camping-urrugne\/#breadcrumb"},"inLanguage":"es","potentialAction":[{"@type":"ReadAction","target":["https:\/\/www.campingsuhiberry.com\/es\/restaurante-camping-urrugne\/"]}]},{"@type":"ImageObject","inLanguage":"es","@id":"https:\/\/www.campingsuhiberry.com\/es\/restaurante-camping-urrugne\/#primaryimage","url":"https:\/\/www.campingsuhiberry.com\/wp-content\/uploads\/2022\/01\/camping-restaurant-pays-basque.jpg","contentUrl":"https:\/\/www.campingsuhiberry.com\/wp-content\/uploads\/2022\/01\/camping-restaurant-pays-basque.jpg","width":1900,"height":701,"caption":"camping restaurant pays basque"},{"@type":"BreadcrumbList","@id":"https:\/\/www.campingsuhiberry.com\/es\/restaurante-camping-urrugne\/#breadcrumb","itemListElement":[{"@type":"ListItem","position":1,"name":"Camping Pa\u00eds Vasco","item":"https:\/\/www.campingsuhiberry.com\/es\/"},{"@type":"ListItem","position":2,"name":"Restaurante-snack"}]},{"@type":"WebSite","@id":"https:\/\/www.campingsuhiberry.com\/es\/#website","url":"https:\/\/www.campingsuhiberry.com\/es\/","name":"Camping Suhiberry","description":"","publisher":{"@id":"https:\/\/www.campingsuhiberry.com\/es\/#organization"},"potentialAction":[{"@type":"SearchAction","target":{"@type":"EntryPoint","urlTemplate":"https:\/\/www.campingsuhiberry.com\/es\/?s={search_term_string}"},"query-input":{"@type":"PropertyValueSpecification","valueRequired":true,"valueName":"search_term_string"}}],"inLanguage":"es"},{"@type":"Organization","@id":"https:\/\/www.campingsuhiberry.com\/es\/#organization","name":"Camping Suhiberry","url":"https:\/\/www.campingsuhiberry.com\/es\/","logo":{"@type":"ImageObject","inLanguage":"es","@id":"https:\/\/www.campingsuhiberry.com\/es\/#\/schema\/logo\/image\/","url":"https:\/\/www.campingsuhiberry.com\/wp-content\/uploads\/2022\/02\/26EF22B2-D6C4-4E69-88A8-12AE8EB90411.jpg","contentUrl":"https:\/\/www.campingsuhiberry.com\/wp-content\/uploads\/2022\/02\/26EF22B2-D6C4-4E69-88A8-12AE8EB90411.jpg","width":600,"height":400,"caption":"Camping Suhiberry"},"image":{"@id":"https:\/\/www.campingsuhiberry.com\/es\/#\/schema\/logo\/image\/"}}]}},"_links":{"self":[{"href":"https:\/\/www.campingsuhiberry.com\/es\/wp-json\/wp\/v2\/pages\/3107","targetHints":{"allow":["GET"]}}],"collection":[{"href":"https:\/\/www.campingsuhiberry.com\/es\/wp-json\/wp\/v2\/pages"}],"about":[{"href":"https:\/\/www.campingsuhiberry.com\/es\/wp-json\/wp\/v2\/types\/page"}],"author":[{"embeddable":true,"href":"https:\/\/www.campingsuhiberry.com\/es\/wp-json\/wp\/v2\/users\/1"}],"replies":[{"embeddable":true,"href":"https:\/\/www.campingsuhiberry.com\/es\/wp-json\/wp\/v2\/comments?post=3107"}],"version-history":[{"count":8,"href":"https:\/\/www.campingsuhiberry.com\/es\/wp-json\/wp\/v2\/pages\/3107\/revisions"}],"predecessor-version":[{"id":7484,"href":"https:\/\/www.campingsuhiberry.com\/es\/wp-json\/wp\/v2\/pages\/3107\/revisions\/7484"}],"wp:featuredmedia":[{"embeddable":true,"href":"https:\/\/www.campingsuhiberry.com\/es\/wp-json\/wp\/v2\/media\/1212"}],"wp:attachment":[{"href":"https:\/\/www.campingsuhiberry.com\/es\/wp-json\/wp\/v2\/media?parent=3107"}],"wp:term":[{"taxonomy":"sujet","embeddable":true,"href":"https:\/\/www.campingsuhiberry.com\/es\/wp-json\/wp\/v2\/sujet?post=3107"}],"curies":[{"name":"wp","href":"https:\/\/api.w.org\/{rel}","templated":true}]}}