{"id":3104,"date":"2022-01-27T15:11:50","date_gmt":"2022-01-27T14:11:50","guid":{"rendered":"https:\/\/www.campingsuhiberry.com\/camping-pays-basque\/camping-4-etoiles-pays-basque\/"},"modified":"2022-02-23T14:06:31","modified_gmt":"2022-02-23T13:06:31","slug":"camping-4-estrellas-pais-vasco","status":"publish","type":"page","link":"https:\/\/www.campingsuhiberry.com\/es\/camping-4-estrellas-pais-vasco\/","title":{"rendered":"Les services"},"content":{"rendered":"<section id=\"ls-section-block_61def1e1de3a3\" class=\"ls-section  page-one\" >\r\n        <div class=\"container \">\r\n        \n\n<h1 class=\"ls__heading has-text-align-center wp-block-heading\" id=\"camping-4-etoiles-au-pays-basque\">CAMPING DE 4 ESTRELLAS EN EL PA\u00cdS VASCO<\/h1>\n\n\r\n    <\/div>\r\n<\/section>\n\n<section id=\"ls-section-block_61def217de3a4\" class=\"ls-section  page-two\" >\r\n        <div class=\"container container--wide\">\r\n        \n\n<p class=\"ls-paragraph\" id=\"animations-et-detente-au-camping-suhiberry-un-bon-combine-pour-des-vacances-reussies\"><\/p>\n\n\n\n<div class=\"wp-block-columns is-layout-flex wp-container-core-columns-is-layout-9d6595d7 wp-block-columns-is-layout-flex\">\n<div class=\"wp-block-column is-layout-flow wp-block-column-is-layout-flow\" style=\"flex-basis:60%\">\n<figure class=\"wp-block-image size-full\"><a href=\"https:\/\/www.campingsuhiberry.com\/wp-content\/uploads\/2022\/02\/Pot-daccueil.jpg\"><img decoding=\"async\" width=\"1024\" height=\"683\" src=\"https:\/\/www.campingsuhiberry.com\/wp-content\/uploads\/2022\/02\/Pot-daccueil.jpg\" alt=\"bienvenido pot camping suhiberry\" class=\"wp-image-2709\" srcset=\"https:\/\/www.campingsuhiberry.com\/wp-content\/uploads\/2022\/02\/Pot-daccueil.jpg 1024w, https:\/\/www.campingsuhiberry.com\/wp-content\/uploads\/2022\/02\/Pot-daccueil-300x200.jpg 300w, https:\/\/www.campingsuhiberry.com\/wp-content\/uploads\/2022\/02\/Pot-daccueil-150x100.jpg 150w, https:\/\/www.campingsuhiberry.com\/wp-content\/uploads\/2022\/02\/Pot-daccueil-768x512.jpg 768w\" sizes=\"(max-width: 1024px) 100vw, 1024px\" \/><\/a><\/figure>\n<\/div>\n\n\n\n<div class=\"wp-block-column is-layout-flow wp-block-column-is-layout-flow\" style=\"flex-basis:40%\">\n<p class=\"ls-paragraph\"><strong>BEBIDA DE BIENVENIDA ORGANIZADA UNA VEZ A LA SEMANA PARA CONOCERNOS Y DARLE NUESTROS BUENOS CONSEJOS DE PASEOS Y VISITAS PARA QUE SUS VACACIONES SEAN UN \u00c9XITO.<\/strong><\/p>\n\n\n\n<p class=\"ls-paragraph\">Mant\u00e9ngase conectado. <strong>WIFI gratuito<\/strong>instalado en el eje principal del camping. Posibilidad de acercarse a un punto de conexi\u00f3n muy r\u00e1pidamente desde todos los lugares.<\/p>\n\n\n\n<p class=\"ls-paragraph\">Piscina climatizada con una <strong>gran piscina para los nadadores<\/strong> y una piscina infantil para los m\u00e1s peque\u00f1os.<\/p>\n\n\n\n<p class=\"ls-paragraph\">Aqu\u00ed se organizan sesiones de gimnasia acu\u00e1tica gratuitas para hombres y mujeres, as\u00ed como <strong>muchas otras actividades<\/strong>.<br>\u00a1Ven a sentir el ambiente vasco y disfruta de nuestro Resto-Snack-Bar!<\/p>\n<\/div>\n<\/div>\n\n\r\n    <\/div>\r\n<\/section>\n\n<section id=\"ls-section-block_61def663de3a8\" class=\"ls-section  page-three has-background-image has-background has-color-white-background-color\" >\r\n    <div class=\"ls-section__background-image opacity-33\"><img decoding=\"async\" src=\"https:\/\/www.campingsuhiberry.com\/wp-content\/uploads\/2022\/02\/camping-sanitaires-suhiberry.jpg\" alt=\"camping sanitaires suhiberry\"><\/div>    <div class=\"container \">\r\n        \n\n<p class=\"ls-paragraph has-text-align-center\"><strong>PARA SU BIENESTAR Y COMODIDAD:<\/strong><\/p>\n\n\n\n<p class=\"ls-paragraph has-text-align-center\">Los<strong>tres bloques sanitarios<\/strong> (dos de ellos en edificios cerrados), distribuidos geogr\u00e1ficamente para dar el mejor servicio a todas las parcelas, est\u00e1n equipados con <strong>cabinas de ducha<\/strong>,<strong>lavabos con espejos<\/strong> y <strong>secadores de pelo<\/strong>, <strong>aseos<\/strong>, as\u00ed como <strong>lavaderos<\/strong>y fregaderos que dan al exterior.<\/p>\n\n\n\n<p class=\"ls-paragraph has-text-align-center\">La <strong>lavander\u00eda<\/strong>cuenta con <strong>4 m\u00e1quinas de lavado<\/strong> y <strong>secado<\/strong>(5\u20ac de lavado y 4\u20ac de secado pagando con tarjeta o monedas en la lavander\u00eda). Durante sus vacaciones, para los m\u00e1s valientes, hay una tabla de <strong>planchar con plancha<\/strong>disponible en la recepci\u00f3n.<\/p>\n\n\n\n<p class=\"ls-paragraph has-text-align-center\">Se le entregar\u00e1 un <strong>lector de tarjetas<\/strong> para entrar y salir del camping en coche (v\u00e1lido para un solo veh\u00edculo). Para evitar las molestias, la <strong>barrera<\/strong>se cierra autom\u00e1ticamente entre las 23.30 y las 7.00 horas. El <strong>aparcamiento privado<\/strong> est\u00e1 disponible para las llegadas tard\u00edas en el Camping SUHIBERRY.<\/p>\n\n\n\n<p class=\"ls-paragraph has-text-align-center\">\u00bfNecesita una nevera durante su estancia en el <a href=\"https:\/\/www.campingsuhiberry.com\/es\/\">Camping Pa\u00eds Vasco<\/a>? El camping ofrece <strong>alquiler de neveras<\/strong> desde 5\u20ac\/d\u00eda.<\/p>\n\n\n\n<p class=\"ls-paragraph has-text-align-center\">Aproveche la<strong>barbacoa colectiva<\/strong> disponible para una comida de convivencia con los amigos o la familia. Se encuentra entre el parque infantil y el terreno polideportivo, bajo una amplia zona protegida con<strong>mesas de picnic<\/strong>para su comodidad. Este es el momento perfecto para compartir sus impresiones sobre las excursiones del d\u00eda. \u00a1Baila en el camping SUHIBERRY al ritmo de los 80 y los \u00e9xitos del momento todos los martes y viernes por la noche! Un DJ vendr\u00e1 a amenizar tus comidas y a incendiar la pista de baile. \u00a1Atm\u00f3sfera y risas garantizadas!<\/p>\n\n\r\n    <\/div>\r\n<\/section>\n\n<section id=\"ls-section-block_61f16916d421c\" class=\"ls-section  page-six\" >\r\n        <div class=\"container container--wide\">\r\n        \n\n<div id=\"ls-heading ls-titre-div-block_61f1691cd421d\" class=\"ls-titre-div aligncenter h2-like\" >\n    Descubra las dem\u00e1s actividades y servicios de nuestro camping en Urrugne<\/div>\n\n\n\n<div class=\"wp-block-columns is-layout-flex wp-container-core-columns-is-layout-9d6595d7 wp-block-columns-is-layout-flex\">\n<div class=\"wp-block-column is-layout-flow wp-block-column-is-layout-flow\"><div id=\"ls-maillage-block_61f16955d421e\" class=\"ls-maillage cta-style-normal\" data-rows=\"3\">\r\n    <div class=\"wp-block-columns\"><div class=\"wp-block-column\">\n\n<a href=\"https:\/\/www.campingsuhiberry.com\/es\/restaurante-camping-urrugne\/\" target=\"\" rel=\"noopener\" class=\"ls-cta__link\">\n\n\t<div class=\"ls-cta__image\"><img decoding=\"async\" src=\"https:\/\/www.campingsuhiberry.com\/wp-content\/uploads\/2022\/01\/camping-snack-bar-pays-basque.jpg\" alt=\"camping-snack-bar-pays-basque\"><\/div>\n\t<div class=\"ls-cta__title\">\n\t\tRestaurante y snack bar\t<\/div>\n\n\t\t\n<\/a><\/div><\/div><\/div><\/div>\n\n\n\n<div class=\"wp-block-column is-layout-flow wp-block-column-is-layout-flow\"><div id=\"ls-maillage-block_61f1695ad421f\" class=\"ls-maillage cta-style-normal\" data-rows=\"3\">\r\n    <div class=\"wp-block-columns\"><div class=\"wp-block-column\">\n\n<a href=\"https:\/\/www.campingsuhiberry.com\/es\/camping-con-animaciones-pais-vasco\/\" target=\"\" rel=\"noopener\" class=\"ls-cta__link\">\n\n\t<div class=\"ls-cta__image\"><img decoding=\"async\" src=\"https:\/\/www.campingsuhiberry.com\/wp-content\/uploads\/2022\/01\/camping-soiree-animee-hendaye-768x512.jpg\" alt=\"camping soiree animee hendaye\"><\/div>\n\t<div class=\"ls-cta__title\">\n\t\tEntretenimiento y fiestas\t<\/div>\n\n\t\t\n<\/a><\/div><\/div><\/div><\/div>\n\n\n\n<div class=\"wp-block-column is-layout-flow wp-block-column-is-layout-flow\"><div id=\"ls-maillage-block_61f16960d4220\" class=\"ls-maillage cta-style-normal\" data-rows=\"3\">\r\n    <div class=\"wp-block-columns\"><div class=\"wp-block-column\">\n\n<a href=\"https:\/\/www.campingsuhiberry.com\/es\/actividades-camping-urrugne\/\" target=\"\" rel=\"noopener\" class=\"ls-cta__link\">\n\n\t<div class=\"ls-cta__image\"><img decoding=\"async\" src=\"https:\/\/www.campingsuhiberry.com\/wp-content\/uploads\/2022\/02\/camping-urrugne-activite-sport.jpg\" alt=\"camping urrugne activite sport\"><\/div>\n\t<div class=\"ls-cta__title\">\n\t\tActividades l\u00fadicas y deportivas\t<\/div>\n\n\t\t\n<\/a><\/div><\/div><\/div><\/div>\n<\/div>\n\n\r\n    <\/div>\r\n<\/section>","protected":false},"excerpt":{"rendered":"","protected":false},"author":1,"featured_media":4211,"parent":0,"menu_order":0,"comment_status":"closed","ping_status":"closed","template":"","meta":{"_acf_changed":false,"footnotes":""},"sujet":[],"class_list":["post-3104","page","type-page","status-publish","has-post-thumbnail","hentry"],"acf":[],"yoast_head":"<!-- This site is optimized with the Yoast SEO plugin v23.4 - https:\/\/yoast.com\/wordpress\/plugins\/seo\/ -->\n<title>Camping 4 estrellas Pa\u00eds Vasco - Servicios camping costa vasca 4 estrellas<\/title>\n<meta name=\"description\" content=\"M\u00e1s informaci\u00f3n sobre el camping Suhiberry: camping de 4 estrellas en el coraz\u00f3n del Pa\u00eds Vasco en Urrugne\" \/>\n<meta name=\"robots\" content=\"index, follow, max-snippet:-1, max-image-preview:large, max-video-preview:-1\" \/>\n<link rel=\"canonical\" href=\"https:\/\/www.campingsuhiberry.com\/es\/camping-4-estrellas-pais-vasco\/\" \/>\n<meta property=\"og:locale\" content=\"es_ES\" \/>\n<meta property=\"og:type\" content=\"article\" \/>\n<meta property=\"og:title\" content=\"Camping 4 estrellas Pa\u00eds Vasco - Servicios camping costa vasca 4 estrellas\" \/>\n<meta property=\"og:description\" content=\"M\u00e1s informaci\u00f3n sobre el camping Suhiberry: camping de 4 estrellas en el coraz\u00f3n del Pa\u00eds Vasco en Urrugne\" \/>\n<meta property=\"og:url\" content=\"https:\/\/www.campingsuhiberry.com\/es\/camping-4-estrellas-pais-vasco\/\" \/>\n<meta property=\"og:site_name\" content=\"Camping Suhiberry\" \/>\n<meta property=\"article:modified_time\" content=\"2022-02-23T13:06:31+00:00\" \/>\n<meta property=\"og:image\" content=\"https:\/\/www.campingsuhiberry.com\/wp-content\/uploads\/2022\/02\/spa-jaccuzzi-suhiberry.jpg\" \/>\n\t<meta property=\"og:image:width\" content=\"1900\" \/>\n\t<meta property=\"og:image:height\" content=\"700\" \/>\n\t<meta property=\"og:image:type\" content=\"image\/jpeg\" \/>\n<meta name=\"twitter:card\" content=\"summary_large_image\" \/>\n<meta name=\"twitter:label1\" content=\"Tiempo de lectura\" \/>\n\t<meta name=\"twitter:data1\" content=\"3 minutos\" \/>\n<!-- \/ Yoast SEO plugin. -->","yoast_head_json":{"title":"Camping 4 estrellas Pa\u00eds Vasco - Servicios camping costa vasca 4 estrellas","description":"M\u00e1s informaci\u00f3n sobre el camping Suhiberry: camping de 4 estrellas en el coraz\u00f3n del Pa\u00eds Vasco en Urrugne","robots":{"index":"index","follow":"follow","max-snippet":"max-snippet:-1","max-image-preview":"max-image-preview:large","max-video-preview":"max-video-preview:-1"},"canonical":"https:\/\/www.campingsuhiberry.com\/es\/camping-4-estrellas-pais-vasco\/","og_locale":"es_ES","og_type":"article","og_title":"Camping 4 estrellas Pa\u00eds Vasco - Servicios camping costa vasca 4 estrellas","og_description":"M\u00e1s informaci\u00f3n sobre el camping Suhiberry: camping de 4 estrellas en el coraz\u00f3n del Pa\u00eds Vasco en Urrugne","og_url":"https:\/\/www.campingsuhiberry.com\/es\/camping-4-estrellas-pais-vasco\/","og_site_name":"Camping Suhiberry","article_modified_time":"2022-02-23T13:06:31+00:00","og_image":[{"width":1900,"height":700,"url":"https:\/\/www.campingsuhiberry.com\/wp-content\/uploads\/2022\/02\/spa-jaccuzzi-suhiberry.jpg","type":"image\/jpeg"}],"twitter_card":"summary_large_image","twitter_misc":{"Tiempo de lectura":"3 minutos"},"schema":{"@context":"https:\/\/schema.org","@graph":[{"@type":"WebPage","@id":"https:\/\/www.campingsuhiberry.com\/es\/camping-4-estrellas-pais-vasco\/","url":"https:\/\/www.campingsuhiberry.com\/es\/camping-4-estrellas-pais-vasco\/","name":"Camping 4 estrellas Pa\u00eds Vasco - Servicios camping costa vasca 4 estrellas","isPartOf":{"@id":"https:\/\/www.campingsuhiberry.com\/es\/#website"},"primaryImageOfPage":{"@id":"https:\/\/www.campingsuhiberry.com\/es\/camping-4-estrellas-pais-vasco\/#primaryimage"},"image":{"@id":"https:\/\/www.campingsuhiberry.com\/es\/camping-4-estrellas-pais-vasco\/#primaryimage"},"thumbnailUrl":"https:\/\/www.campingsuhiberry.com\/wp-content\/uploads\/2022\/02\/spa-jaccuzzi-suhiberry.jpg","datePublished":"2022-01-27T14:11:50+00:00","dateModified":"2022-02-23T13:06:31+00:00","description":"M\u00e1s informaci\u00f3n sobre el camping Suhiberry: camping de 4 estrellas en el coraz\u00f3n del Pa\u00eds Vasco en Urrugne","breadcrumb":{"@id":"https:\/\/www.campingsuhiberry.com\/es\/camping-4-estrellas-pais-vasco\/#breadcrumb"},"inLanguage":"es","potentialAction":[{"@type":"ReadAction","target":["https:\/\/www.campingsuhiberry.com\/es\/camping-4-estrellas-pais-vasco\/"]}]},{"@type":"ImageObject","inLanguage":"es","@id":"https:\/\/www.campingsuhiberry.com\/es\/camping-4-estrellas-pais-vasco\/#primaryimage","url":"https:\/\/www.campingsuhiberry.com\/wp-content\/uploads\/2022\/02\/spa-jaccuzzi-suhiberry.jpg","contentUrl":"https:\/\/www.campingsuhiberry.com\/wp-content\/uploads\/2022\/02\/spa-jaccuzzi-suhiberry.jpg","width":1900,"height":700,"caption":"spa jaccuzzi suhiberry"},{"@type":"BreadcrumbList","@id":"https:\/\/www.campingsuhiberry.com\/es\/camping-4-estrellas-pais-vasco\/#breadcrumb","itemListElement":[{"@type":"ListItem","position":1,"name":"Camping Pa\u00eds Vasco","item":"https:\/\/www.campingsuhiberry.com\/es\/"},{"@type":"ListItem","position":2,"name":"Camping Urrugne, Pa\u00eds Vasco","item":"https:\/\/www.campingsuhiberry.com\/es\/camping-pais-vasco\/"},{"@type":"ListItem","position":3,"name":"Camping de 4 estrellas en el Pa\u00eds Vasco"}]},{"@type":"WebSite","@id":"https:\/\/www.campingsuhiberry.com\/es\/#website","url":"https:\/\/www.campingsuhiberry.com\/es\/","name":"Camping Suhiberry","description":"","publisher":{"@id":"https:\/\/www.campingsuhiberry.com\/es\/#organization"},"potentialAction":[{"@type":"SearchAction","target":{"@type":"EntryPoint","urlTemplate":"https:\/\/www.campingsuhiberry.com\/es\/?s={search_term_string}"},"query-input":{"@type":"PropertyValueSpecification","valueRequired":true,"valueName":"search_term_string"}}],"inLanguage":"es"},{"@type":"Organization","@id":"https:\/\/www.campingsuhiberry.com\/es\/#organization","name":"Camping Suhiberry","url":"https:\/\/www.campingsuhiberry.com\/es\/","logo":{"@type":"ImageObject","inLanguage":"es","@id":"https:\/\/www.campingsuhiberry.com\/es\/#\/schema\/logo\/image\/","url":"https:\/\/www.campingsuhiberry.com\/wp-content\/uploads\/2022\/02\/26EF22B2-D6C4-4E69-88A8-12AE8EB90411.jpg","contentUrl":"https:\/\/www.campingsuhiberry.com\/wp-content\/uploads\/2022\/02\/26EF22B2-D6C4-4E69-88A8-12AE8EB90411.jpg","width":600,"height":400,"caption":"Camping Suhiberry"},"image":{"@id":"https:\/\/www.campingsuhiberry.com\/es\/#\/schema\/logo\/image\/"}}]}},"_links":{"self":[{"href":"https:\/\/www.campingsuhiberry.com\/es\/wp-json\/wp\/v2\/pages\/3104","targetHints":{"allow":["GET"]}}],"collection":[{"href":"https:\/\/www.campingsuhiberry.com\/es\/wp-json\/wp\/v2\/pages"}],"about":[{"href":"https:\/\/www.campingsuhiberry.com\/es\/wp-json\/wp\/v2\/types\/page"}],"author":[{"embeddable":true,"href":"https:\/\/www.campingsuhiberry.com\/es\/wp-json\/wp\/v2\/users\/1"}],"replies":[{"embeddable":true,"href":"https:\/\/www.campingsuhiberry.com\/es\/wp-json\/wp\/v2\/comments?post=3104"}],"version-history":[{"count":11,"href":"https:\/\/www.campingsuhiberry.com\/es\/wp-json\/wp\/v2\/pages\/3104\/revisions"}],"predecessor-version":[{"id":3739,"href":"https:\/\/www.campingsuhiberry.com\/es\/wp-json\/wp\/v2\/pages\/3104\/revisions\/3739"}],"wp:featuredmedia":[{"embeddable":true,"href":"https:\/\/www.campingsuhiberry.com\/es\/wp-json\/wp\/v2\/media\/4211"}],"wp:attachment":[{"href":"https:\/\/www.campingsuhiberry.com\/es\/wp-json\/wp\/v2\/media?parent=3104"}],"wp:term":[{"taxonomy":"sujet","embeddable":true,"href":"https:\/\/www.campingsuhiberry.com\/es\/wp-json\/wp\/v2\/sujet?post=3104"}],"curies":[{"name":"wp","href":"https:\/\/api.w.org\/{rel}","templated":true}]}}