{"id":3098,"date":"2022-01-06T16:45:12","date_gmt":"2022-01-06T15:45:12","guid":{"rendered":"https:\/\/www.campingsuhiberry.com\/camping-pays-basque\/activites-camping-urrugne\/"},"modified":"2022-02-23T14:06:11","modified_gmt":"2022-02-23T13:06:11","slug":"actividades-camping-urrugne","status":"publish","type":"page","link":"https:\/\/www.campingsuhiberry.com\/es\/actividades-camping-urrugne\/","title":{"rendered":"Actividades l\u00fadicas y deportivas"},"content":{"rendered":"<section id=\"ls-section-block_61def1e1de3a3\" class=\"ls-section  page-one\" >\r\n        <div class=\"container \">\r\n        \n\n<h1 class=\"ls__heading has-text-align-center wp-block-heading\" id=\"activites-ludiques-et-sportives\">Actividades l\u00fadicas y deportivas<\/h1>\n\n\n\n<p class=\"ls-paragraph has-text-align-center\">Disfrute de unas relajantes vacaciones en un parque con varias zonas de juego en un entorno natural.<\/p>\n\n\n\n<p class=\"ls-paragraph has-text-align-center\"><a href=\"https:\/\/www.campingsuhiberry.com\/es\/\">CAMPING SUHIBERRY EN EL PA\u00cdS VASCO<\/a>, \u00a1ES UN PEQUE\u00d1O PLACER PARA COMPARTIR CON LA FAMILIA O LOS AMIGOS!<\/p>\n\n\r\n    <\/div>\r\n<\/section>\n\n<section id=\"ls-section-block_61def217de3a4\" class=\"ls-section  page-two\" >\r\n        <div class=\"container container--wide\">\r\n        \n\n<div class=\"wp-block-columns is-layout-flex wp-container-core-columns-is-layout-9d6595d7 wp-block-columns-is-layout-flex\">\n<div class=\"wp-block-column is-layout-flow wp-block-column-is-layout-flow\" style=\"flex-basis:60%\">\n<figure class=\"wp-block-image size-full\"><a href=\"https:\/\/www.campingsuhiberry.com\/wp-content\/uploads\/2022\/02\/camping-suhiberry-beach-volley-1.jpg\"><img decoding=\"async\" width=\"900\" height=\"600\" src=\"https:\/\/www.campingsuhiberry.com\/wp-content\/uploads\/2022\/02\/camping-suhiberry-beach-volley-1.jpg\" alt=\"camping suhiberry voleibol de playa\" class=\"wp-image-3288\" srcset=\"https:\/\/www.campingsuhiberry.com\/wp-content\/uploads\/2022\/02\/camping-suhiberry-beach-volley-1.jpg 900w, https:\/\/www.campingsuhiberry.com\/wp-content\/uploads\/2022\/02\/camping-suhiberry-beach-volley-1-300x200.jpg 300w, https:\/\/www.campingsuhiberry.com\/wp-content\/uploads\/2022\/02\/camping-suhiberry-beach-volley-1-150x100.jpg 150w, https:\/\/www.campingsuhiberry.com\/wp-content\/uploads\/2022\/02\/camping-suhiberry-beach-volley-1-768x512.jpg 768w\" sizes=\"(max-width: 900px) 100vw, 900px\" \/><\/a><\/figure>\n<\/div>\n\n\n\n<div class=\"wp-block-column is-layout-flow wp-block-column-is-layout-flow\" style=\"flex-basis:40%\">\n<p class=\"ls-paragraph\"><strong>RELAJACI\u00d3N&#8230; EN UN CAMPING FAMILIAR JUNTO A LA NATURALEZA.<\/strong><\/p>\n\n\n\n<p class=\"ls-paragraph\">Y a la <strong>zona de juegos para los ni\u00f1os<\/strong> que buscan amigos con su hermano o hermana mayor mientras sus padres duermen la siesta.<\/p>\n\n\n\n<p class=\"ls-paragraph\">La zona de juegos al aire libre satisfar\u00e1 sus primeras ganas de aventura: un <strong>spinner<\/strong>, <strong>columpios<\/strong>, un<strong>palo de parachoques<\/strong>, <strong>gallos<\/strong>y las primeras sensaciones de deslizarse por un <strong>tobog\u00e1n<\/strong>, \u00a1una zona de juegos variada para la mayor felicidad de los m\u00e1s peque\u00f1os!<\/p>\n\n\n\n<p class=\"ls-paragraph\">Un <strong>castillo hinchable<\/strong> en verano para entretener a sus hijos con una rica imaginaci\u00f3n siempre dispuesta a gastar.<\/p>\n\n\n\n<p class=\"ls-paragraph\">Para <strong>pescar<\/strong>, el r\u00edo corre a lo largo del borde del camping. Las<strong>ca\u00f1as de pescar<\/strong> le esperan en la recepci\u00f3n.<\/p>\n\n\n\n<p class=\"ls-paragraph\">La <strong>petanca<\/strong>, un campo preparado cerca del <strong>recinto de los animales<\/strong>, un lugar tranquilo, ideal para elegir el ganador de los platos o la invitaci\u00f3n al aperitivo&#8230; \u00a1as\u00ed que punteros y tiradores sean precisos!<br><strong>Tardes de m\u00fasica<\/strong> y baile para todos Ven a bailar y a cantar&#8230; \u00a1Y por qu\u00e9 no <strong>en euskera<\/strong>!<\/p>\n<\/div>\n<\/div>\n\n\r\n    <\/div>\r\n<\/section>\n\n<section id=\"ls-section-block_61def2b4de3a5\" class=\"ls-section  page-three has-background-image has-background has-color-1-background-color\" >\r\n    <div class=\"ls-section__background-image opacity-33\"><img decoding=\"async\" src=\"https:\/\/www.campingsuhiberry.com\/wp-content\/uploads\/2022\/02\/camping-city-pays-basque.jpg\" alt=\"camping city pays basque\"><\/div>    <div class=\"container \">\r\n        \n\n<p class=\"ls-paragraph\" id=\"cote-sport-entre-instants-repos-visites-et-farniente-laissez-vous-un-peu-de-temps-pour-du-sport-cela-vous-fera-un-grand-bien\"><strong>SPORT SIDE&#8230; ENTRE EL DESCANSO, LAS VISITAS Y LA HOLGAZANER\u00cdA, \u00a1DEJA TIEMPO PARA EL DEPORTE! \u00a1TE HAR\u00c1 MUCHO BIEN!<\/strong><\/p>\n\n\n\n<p class=\"ls-paragraph\">Partidos de <strong>baloncesto<\/strong>, torneos de <strong>f\u00fatbol<\/strong>,<strong>voleibol y b\u00e1dminton<\/strong>.<\/p>\n\n\n\n<p class=\"ls-paragraph\">La<strong>pista de tenis<\/strong>, que suele reunir a todas las generaciones, con habituales de la pista que no dudan en compartir su experiencia con los j\u00f3venes, siempre dentro del esp\u00edritu familiar del camping.<\/p>\n\n\n\n<p class=\"ls-paragraph\">Un hermoso <strong>front\u00f3n<\/strong>donde se puede aprender a jugar a la <strong>pala<\/strong> o a <strong>mano alzada<\/strong>, \u00a1dos especialidades de la <strong>pelota vasca<\/strong> conocidas en el interior y en la costa vasca! \u00a1Caer\u00e1s f\u00e1cilmente en la trampa!<\/p>\n\n\n\n<p class=\"ls-paragraph\"><br>Desde el Camping Suhiberry puede ir de <strong>excursi\u00f3n<\/strong> al mar o a la monta\u00f1a, le mostraremos algunos caminos poco conocidos.<\/p>\n\n\r\n    <\/div>\r\n<\/section>\n\n<section id=\"ls-section-block_61f1497eaf5e6\" class=\"ls-section  page-six\" >\r\n        <div class=\"container container--wide\">\r\n        \n\n<div id=\"ls-heading ls-titre-div-block_61f1498aaf5e7\" class=\"ls-titre-div ls__heading aligncenter h2-like\" >\n    Descubra los dem\u00e1s servicios y actividades de nuestro camping en el Pa\u00eds Vasco<\/div>\n\n\n\n<div class=\"wp-block-columns is-layout-flex wp-container-core-columns-is-layout-9d6595d7 wp-block-columns-is-layout-flex\">\n<div class=\"wp-block-column is-layout-flow wp-block-column-is-layout-flow\"><div id=\"ls-maillage-block_61f149c2af5e8\" class=\"ls-maillage cta-style-normal\" data-rows=\"3\">\r\n    <div class=\"wp-block-columns\"><div class=\"wp-block-column\">\n\n<a href=\"https:\/\/www.campingsuhiberry.com\/es\/camping-4-estrellas-pais-vasco\/\" target=\"\" rel=\"noopener\" class=\"ls-cta__link\">\n\n\t<div class=\"ls-cta__image\"><img decoding=\"async\" src=\"https:\/\/www.campingsuhiberry.com\/wp-content\/uploads\/2022\/06\/camping-etoiles-pays-basque.jpg\" alt=\"camping avec services \u00e9toil\u00e9s au pays basque\"><\/div>\n\t<div class=\"ls-cta__title\">\n\t\tLos servicios\t<\/div>\n\n\t\t\n<\/a><\/div><\/div><\/div><\/div>\n\n\n\n<div class=\"wp-block-column is-layout-flow wp-block-column-is-layout-flow\"><div id=\"ls-maillage-block_61f149cbaf5e9\" class=\"ls-maillage cta-style-normal\" data-rows=\"3\">\r\n    <div class=\"wp-block-columns\"><div class=\"wp-block-column\">\n\n<a href=\"https:\/\/www.campingsuhiberry.com\/es\/camping-con-animaciones-pais-vasco\/\" target=\"\" rel=\"noopener\" class=\"ls-cta__link\">\n\n\t<div class=\"ls-cta__image\"><img decoding=\"async\" src=\"https:\/\/www.campingsuhiberry.com\/wp-content\/uploads\/2022\/01\/camping-soiree-animee-hendaye-768x512.jpg\" alt=\"camping soiree animee hendaye\"><\/div>\n\t<div class=\"ls-cta__title\">\n\t\tEntretenimiento y fiestas\t<\/div>\n\n\t\t\n<\/a><\/div><\/div><\/div><\/div>\n\n\n\n<div class=\"wp-block-column is-layout-flow wp-block-column-is-layout-flow\"><div id=\"ls-maillage-block_61f149d0af5ea\" class=\"ls-maillage cta-style-normal\" data-rows=\"3\">\r\n    <div class=\"wp-block-columns\"><div class=\"wp-block-column\">\n\n<a href=\"https:\/\/www.campingsuhiberry.com\/es\/restaurante-camping-urrugne\/\" target=\"\" rel=\"noopener\" class=\"ls-cta__link\">\n\n\t<div class=\"ls-cta__image\"><img decoding=\"async\" src=\"https:\/\/www.campingsuhiberry.com\/wp-content\/uploads\/2022\/01\/camping-snack-bar-pays-basque.jpg\" alt=\"camping-snack-bar-pays-basque\"><\/div>\n\t<div class=\"ls-cta__title\">\n\t\tRestaurante y snack bar\t<\/div>\n\n\t\t\n<\/a><\/div><\/div><\/div><\/div>\n<\/div>\n\n\r\n    <\/div>\r\n<\/section>","protected":false},"excerpt":{"rendered":"","protected":false},"author":1,"featured_media":1135,"parent":0,"menu_order":0,"comment_status":"closed","ping_status":"closed","template":"","meta":{"_acf_changed":false,"footnotes":""},"sujet":[],"class_list":["post-3098","page","type-page","status-publish","has-post-thumbnail","hentry"],"acf":[],"yoast_head":"<!-- This site is optimized with the Yoast SEO plugin v23.4 - https:\/\/yoast.com\/wordpress\/plugins\/seo\/ -->\n<title>Vacaciones deportivas en Urrugne: actividades deportivas y de ocio en el camping<\/title>\n<meta name=\"description\" content=\"M\u00e1s informaci\u00f3n sobre las actividades en el Pa\u00eds Vasco: prepare sus vacaciones en el Pa\u00eds Vasco\" \/>\n<meta name=\"robots\" content=\"index, follow, max-snippet:-1, max-image-preview:large, max-video-preview:-1\" \/>\n<link rel=\"canonical\" href=\"https:\/\/www.campingsuhiberry.com\/es\/actividades-camping-urrugne\/\" \/>\n<meta property=\"og:locale\" content=\"es_ES\" \/>\n<meta property=\"og:type\" content=\"article\" \/>\n<meta property=\"og:title\" content=\"Vacaciones deportivas en Urrugne: actividades deportivas y de ocio en el camping\" \/>\n<meta property=\"og:description\" content=\"M\u00e1s informaci\u00f3n sobre las actividades en el Pa\u00eds Vasco: prepare sus vacaciones en el Pa\u00eds Vasco\" \/>\n<meta property=\"og:url\" content=\"https:\/\/www.campingsuhiberry.com\/es\/actividades-camping-urrugne\/\" \/>\n<meta property=\"og:site_name\" content=\"Camping Suhiberry\" \/>\n<meta property=\"article:modified_time\" content=\"2022-02-23T13:06:11+00:00\" \/>\n<meta property=\"og:image\" content=\"https:\/\/www.campingsuhiberry.com\/wp-content\/uploads\/2022\/01\/camping-activites-sportives-urrugne.jpg\" \/>\n\t<meta property=\"og:image:width\" content=\"1900\" \/>\n\t<meta property=\"og:image:height\" content=\"700\" \/>\n\t<meta property=\"og:image:type\" content=\"image\/jpeg\" \/>\n<meta name=\"twitter:card\" content=\"summary_large_image\" \/>\n<meta name=\"twitter:label1\" content=\"Tiempo de lectura\" \/>\n\t<meta name=\"twitter:data1\" content=\"2 minutos\" \/>\n<!-- \/ Yoast SEO plugin. -->","yoast_head_json":{"title":"Vacaciones deportivas en Urrugne: actividades deportivas y de ocio en el camping","description":"M\u00e1s informaci\u00f3n sobre las actividades en el Pa\u00eds Vasco: prepare sus vacaciones en el Pa\u00eds Vasco","robots":{"index":"index","follow":"follow","max-snippet":"max-snippet:-1","max-image-preview":"max-image-preview:large","max-video-preview":"max-video-preview:-1"},"canonical":"https:\/\/www.campingsuhiberry.com\/es\/actividades-camping-urrugne\/","og_locale":"es_ES","og_type":"article","og_title":"Vacaciones deportivas en Urrugne: actividades deportivas y de ocio en el camping","og_description":"M\u00e1s informaci\u00f3n sobre las actividades en el Pa\u00eds Vasco: prepare sus vacaciones en el Pa\u00eds Vasco","og_url":"https:\/\/www.campingsuhiberry.com\/es\/actividades-camping-urrugne\/","og_site_name":"Camping Suhiberry","article_modified_time":"2022-02-23T13:06:11+00:00","og_image":[{"width":1900,"height":700,"url":"https:\/\/www.campingsuhiberry.com\/wp-content\/uploads\/2022\/01\/camping-activites-sportives-urrugne.jpg","type":"image\/jpeg"}],"twitter_card":"summary_large_image","twitter_misc":{"Tiempo de lectura":"2 minutos"},"schema":{"@context":"https:\/\/schema.org","@graph":[{"@type":"WebPage","@id":"https:\/\/www.campingsuhiberry.com\/es\/actividades-camping-urrugne\/","url":"https:\/\/www.campingsuhiberry.com\/es\/actividades-camping-urrugne\/","name":"Vacaciones deportivas en Urrugne: actividades deportivas y de ocio en el camping","isPartOf":{"@id":"https:\/\/www.campingsuhiberry.com\/es\/#website"},"primaryImageOfPage":{"@id":"https:\/\/www.campingsuhiberry.com\/es\/actividades-camping-urrugne\/#primaryimage"},"image":{"@id":"https:\/\/www.campingsuhiberry.com\/es\/actividades-camping-urrugne\/#primaryimage"},"thumbnailUrl":"https:\/\/www.campingsuhiberry.com\/wp-content\/uploads\/2022\/01\/camping-activites-sportives-urrugne.jpg","datePublished":"2022-01-06T15:45:12+00:00","dateModified":"2022-02-23T13:06:11+00:00","description":"M\u00e1s informaci\u00f3n sobre las actividades en el Pa\u00eds Vasco: prepare sus vacaciones en el Pa\u00eds Vasco","breadcrumb":{"@id":"https:\/\/www.campingsuhiberry.com\/es\/actividades-camping-urrugne\/#breadcrumb"},"inLanguage":"es","potentialAction":[{"@type":"ReadAction","target":["https:\/\/www.campingsuhiberry.com\/es\/actividades-camping-urrugne\/"]}]},{"@type":"ImageObject","inLanguage":"es","@id":"https:\/\/www.campingsuhiberry.com\/es\/actividades-camping-urrugne\/#primaryimage","url":"https:\/\/www.campingsuhiberry.com\/wp-content\/uploads\/2022\/01\/camping-activites-sportives-urrugne.jpg","contentUrl":"https:\/\/www.campingsuhiberry.com\/wp-content\/uploads\/2022\/01\/camping-activites-sportives-urrugne.jpg","width":1900,"height":700,"caption":"camping activites sportives urrugne"},{"@type":"BreadcrumbList","@id":"https:\/\/www.campingsuhiberry.com\/es\/actividades-camping-urrugne\/#breadcrumb","itemListElement":[{"@type":"ListItem","position":1,"name":"Camping Pa\u00eds Vasco","item":"https:\/\/www.campingsuhiberry.com\/es\/"},{"@type":"ListItem","position":2,"name":"Camping Urrugne, Pa\u00eds Vasco","item":"https:\/\/www.campingsuhiberry.com\/es\/camping-pais-vasco\/"},{"@type":"ListItem","position":3,"name":"Actividades l\u00fadicas y deportivas"}]},{"@type":"WebSite","@id":"https:\/\/www.campingsuhiberry.com\/es\/#website","url":"https:\/\/www.campingsuhiberry.com\/es\/","name":"Camping Suhiberry","description":"","publisher":{"@id":"https:\/\/www.campingsuhiberry.com\/es\/#organization"},"potentialAction":[{"@type":"SearchAction","target":{"@type":"EntryPoint","urlTemplate":"https:\/\/www.campingsuhiberry.com\/es\/?s={search_term_string}"},"query-input":{"@type":"PropertyValueSpecification","valueRequired":true,"valueName":"search_term_string"}}],"inLanguage":"es"},{"@type":"Organization","@id":"https:\/\/www.campingsuhiberry.com\/es\/#organization","name":"Camping Suhiberry","url":"https:\/\/www.campingsuhiberry.com\/es\/","logo":{"@type":"ImageObject","inLanguage":"es","@id":"https:\/\/www.campingsuhiberry.com\/es\/#\/schema\/logo\/image\/","url":"https:\/\/www.campingsuhiberry.com\/wp-content\/uploads\/2022\/02\/26EF22B2-D6C4-4E69-88A8-12AE8EB90411.jpg","contentUrl":"https:\/\/www.campingsuhiberry.com\/wp-content\/uploads\/2022\/02\/26EF22B2-D6C4-4E69-88A8-12AE8EB90411.jpg","width":600,"height":400,"caption":"Camping Suhiberry"},"image":{"@id":"https:\/\/www.campingsuhiberry.com\/es\/#\/schema\/logo\/image\/"}}]}},"_links":{"self":[{"href":"https:\/\/www.campingsuhiberry.com\/es\/wp-json\/wp\/v2\/pages\/3098","targetHints":{"allow":["GET"]}}],"collection":[{"href":"https:\/\/www.campingsuhiberry.com\/es\/wp-json\/wp\/v2\/pages"}],"about":[{"href":"https:\/\/www.campingsuhiberry.com\/es\/wp-json\/wp\/v2\/types\/page"}],"author":[{"embeddable":true,"href":"https:\/\/www.campingsuhiberry.com\/es\/wp-json\/wp\/v2\/users\/1"}],"replies":[{"embeddable":true,"href":"https:\/\/www.campingsuhiberry.com\/es\/wp-json\/wp\/v2\/comments?post=3098"}],"version-history":[{"count":10,"href":"https:\/\/www.campingsuhiberry.com\/es\/wp-json\/wp\/v2\/pages\/3098\/revisions"}],"predecessor-version":[{"id":3737,"href":"https:\/\/www.campingsuhiberry.com\/es\/wp-json\/wp\/v2\/pages\/3098\/revisions\/3737"}],"wp:featuredmedia":[{"embeddable":true,"href":"https:\/\/www.campingsuhiberry.com\/es\/wp-json\/wp\/v2\/media\/1135"}],"wp:attachment":[{"href":"https:\/\/www.campingsuhiberry.com\/es\/wp-json\/wp\/v2\/media?parent=3098"}],"wp:term":[{"taxonomy":"sujet","embeddable":true,"href":"https:\/\/www.campingsuhiberry.com\/es\/wp-json\/wp\/v2\/sujet?post=3098"}],"curies":[{"name":"wp","href":"https:\/\/api.w.org\/{rel}","templated":true}]}}