{"id":3092,"date":"2022-02-01T10:24:35","date_gmt":"2022-02-01T09:24:35","guid":{"rendered":"https:\/\/www.campingsuhiberry.com\/faq-camping-pays-basque\/"},"modified":"2025-08-08T15:17:20","modified_gmt":"2025-08-08T13:17:20","slug":"preguntas-frecuentes-camping-pays-basque","status":"publish","type":"page","link":"https:\/\/www.campingsuhiberry.com\/es\/preguntas-frecuentes-camping-pays-basque\/","title":{"rendered":"FAQ"},"content":{"rendered":"<section id=\"ls-section-block_984480c1298d7204637257e249638753\" class=\"ls-section  page-one\" >\r\n        <div class=\"container \">\r\n        \n\n<h1 class=\"ls__heading wp-block-heading has-text-align-center\" id=\"faq\">PREGUNTAS FRECUENTES<\/h1>\n\n\r\n    <\/div>\r\n<\/section>\n\n<section id=\"ls-section-block_b10b59567adb518928843bf386152487\" class=\"ls-section \" >\r\n        <div class=\"container \">\r\n        \n\n<h2 class=\"ls-heading m-b-5\" id=\"thematiques\">Temas<\/h2>\n\n\r\n    <\/div>\r\n<\/section>\n\n<section id=\"ls-section-block_7226a18c43560f9e8fa49fd208cfcb9d\" class=\"ls-section  page-five\" >\r\n        <div class=\"container container--wide\">\r\n        \n\n<div class=\"wp-block-columns is-layout-flex wp-container-core-columns-is-layout-9d6595d7 wp-block-columns-is-layout-flex\">\n<div class=\"wp-block-column is-layout-flow wp-block-column-is-layout-flow\" style=\"flex-basis:100%\" id=\"topic1\">\n<h2 class=\"ls__heading wp-block-heading has-color-4-color m-b-7\" id=\"1-situer-le-camping-suhiberry\"><strong>1. LOCALIZA EL CAMPING SUHIBERRY :<\/strong><\/h2>\n\n\n\n<details style=\"color: white\">\n<summary style=\"font-weight: bold\">\u00bfD\u00f3nde se encuentra el camping? <\/summary>\n<p>El camping est\u00e1 situado cerca del mar, entre las ciudades de San Juan de Luz\/Ciboure y Hendaya. Puede llegar al camping por una peque\u00f1a carretera (1575 route de Socoa), a 2 km de la salida de la autopista (salida n\u00b02 Saint-Jean-de-Luz Sud), en Urrugne (64122).<\/p>\n<\/details>\n\n\n\n<details style=\"color: white\">\n<summary style=\"font-weight: bold\">\u00bfA qu\u00e9 distancia est\u00e1 el camping de las playas?<\/summary>\n<p>Las playas m\u00e1s cercanas son Socoa (1,6 km) y San Juan de Luz (3 km).\nLa playa de Hendaya est\u00e1 a 7 km.<\/p>\n<\/details>\n\n\n\n<details style=\"color: white\">\n<summary style=\"font-weight: bold\">\u00bfA qu\u00e9 distancia est\u00e1n las tiendas m\u00e1s cercanas?<\/summary>\n<p>Los comercios m\u00e1s cercanos est\u00e1n a 600 m del camping con una panader\u00eda, restaurantes, un taller de chocolates, un supermercado Lidl, una tienda Briconaute y un&#8230;\nEl centro comercial m\u00e1s cercano es Leclerc, a s\u00f3lo 2 km del camping.\nLas tiendas libres de impuestos y los peque\u00f1os supermercados del puerto de Ibardin se encuentran a 5 km en direcci\u00f3n a la rotonda de Urrugne (el pueblo), y luego hacia Olhette, el \u00faltimo barrio de Urrugne antes del pueblo de Ascain.<\/p>\n<\/details>\n\n\n\n<details style=\"color: white\">\n<summary style=\"font-weight: bold\">\u00bfA qu\u00e9 distancia est\u00e1n los carriles bici?<\/summary>\n<p>A 600 m del camping hay un sendero ciclista y peatonal a lo largo del r\u00edo Untxin que lleva a la playa de Socoa (1,6 km).\nDesde all\u00ed, puede unirse al sendero ciclista y peatonal que domina la bah\u00eda de Socoa-Ciboure-Saint Jean de Luz (a 3 km del camping de Saint Jean de Luz). Es una excursi\u00f3n f\u00e1cil e ideal para las familias, ya que los m\u00e1s peque\u00f1os pueden seguir el ritmo; \u00a1es uno de los pocos lugares del Pa\u00eds Vasco donde es llano! As\u00ed que vete a los mercados de los alrededores sin coger el coche.\nEl paseo peatonal tambi\u00e9n es muy agradable.<\/p>\n<\/details>\n<\/div>\n<\/div>\n\n\r\n    <\/div>\r\n<\/section>\n\n<section id=\"ls-section-block_40384c6897581295b4fce94bda0e8975\" class=\"ls-section  page-two has-background has-color-white-background-color has-text-color has-color-1-color\" >\r\n        <div class=\"container \">\r\n        \n\n<h2 class=\"ls__heading wp-block-heading has-color-1-color m-b-7\" id=\"2-sejourner-au-camping-suhiberry-en-locations-mobil-homes-au-coeur-du-pays-basque\"><strong>2. ESTANCIA EN EL CAMPING SUHIBERRY EN CASAS M\u00d3VILES EN EL CORAZ\u00d3N DEL PA\u00cdS VASCO :<\/strong><\/h2>\n\n\n\n<details>\n<summary style=\"font-weight: bold\">\u00bfEn qu\u00e9 momento puedo tomar posesi\u00f3n del inmueble? <\/summary>\n<p>Las llegadas son posibles a partir de las 16:00 horas y las salidas antes de las 10:00 horas.<\/p>\n<\/details>\n\n\n\n<details>\n<summary style=\"font-weight: bold\">\u00bfCu\u00e1les son los posibles d\u00edas de llegada?<\/summary>\n<p>En temporada baja los d\u00edas de llegada son libres. En julio y agosto nuestros alquileres son posibles de s\u00e1bado a s\u00e1bado.<\/p>\n<\/details>\n\n\n\n<details>\n<summary style=\"font-weight: bold\">\u00bfSe alquila por una noche en temporada baja?<\/summary>\n<p>No. El alquiler es por un m\u00ednimo de 2 noches (excluyendo julio y agosto).<\/p>\n<\/details>\n\n\r\n    <\/div>\r\n<\/section>\n\n<section id=\"ls-section-block_e2ebda45e0a28f85bfd6a09f3b443140\" class=\"ls-section  has-background has-color-4-background-color has-text-color has-color-1-color\" >\r\n        <div class=\"container container--wide\">\r\n        \n\n<div class=\"wp-block-columns m-t-10 is-layout-flex wp-container-core-columns-is-layout-9d6595d7 wp-block-columns-is-layout-flex\">\n<div class=\"wp-block-column is-vertically-aligned-top is-layout-flow wp-block-column-is-layout-flow\" style=\"flex-basis:100%\" id=\"topic3\">\n<h2 class=\"ls__heading wp-block-heading has-color-1-color m-b-7\" id=\"3-reserver-au-camping-suhiberry\"><strong>3. RESERVE EN EL CAMPING SUHIBERRY :<\/strong><\/h2>\n\n\n\n<details>\n<summary style=\"font-weight: bold\">\u00bfC\u00f3mo podemos reservar? <\/summary>\n<p>Puede hacer su reserva directamente en l\u00ednea haciendo clic en la pesta\u00f1a \u00abReservo\u00bb. A continuaci\u00f3n, indicar\u00e1 su modelo de alojamiento, las fechas de su estancia y sus datos de contacto antes de pagar el dep\u00f3sito con tarjeta de cr\u00e9dito.<\/p>\n<\/details>\n\n\n\n<details>\n<summary style=\"font-weight: bold\">\u00bfCu\u00e1ndo tengo que pagar el saldo de la estancia?<\/summary>\n<p>El saldo debe pagarse 30 d\u00edas antes de su llegada para todas las reservas de alquiler y 15 d\u00edas antes de su llegada para las reservas de parcelas de camping. Para todas las reservas de alojamientos de alquiler realizadas con menos de 30 d\u00edas de antelaci\u00f3n a la llegada, se requiere el importe total del saldo. A continuaci\u00f3n, recibir\u00e1 una confirmaci\u00f3n de nuestro equipo por correo electr\u00f3nico.\nEn el caso de las parcelas de acampada, el saldo se exige el d\u00eda de la llegada.<\/p>\n<\/details>\n\n\n\n<details>\n<summary style=\"font-weight: bold\">\u00bfHay que dar una fianza?<\/summary>\n<p>La fianza para el alojamiento es de 300 euros. Puede hacerse en forma de huella bancaria o de cheque. Puede cobrarse parcial o totalmente en caso de da\u00f1os en el alojamiento, de escasez o utilizarse para cobrar la tasa de limpieza (ver tarifas vigentes).<\/p>\n<\/details>\n\n\n\n<details>\n<summary style=\"font-weight: bold\">\u00bfAceptan vales de vacaciones?<\/summary>\n<p>S\u00ed, el camping Pa\u00eds Vasco acepta cheques de vacaciones, tanto para la fianza como para el resto de la estancia. No obstante, le aconsejamos que los env\u00ede por correo certificado.<\/p>\n<\/details>\n\n\n\n<details>\n<summary style=\"font-weight: bold\">\u00bfSe acepta el animal (perro y gato)?<\/summary>\n<p>Los animales de compa\u00f1\u00eda s\u00f3lo se admiten en las parcelas de camping, no se admiten en alojamientos. \nDeben estar tatuados, tener las vacunas al d\u00eda y la cartilla sanitaria al d\u00eda. No se les puede dejar solos en las parcelas en ausencia de su amo y deben ir siempre con correa.\nLos perros clasificados como de 1\u00aa y 2\u00aa categor\u00eda no est\u00e1n permitidos en el camping en general.<\/p>\n<\/details>\n\n\n\n<details>\n<summary style=\"font-weight: bold\">\u00bfPuedo elegir mi parcela o n\u00famero de alquiler?<\/summary>\n<p>Si ya ha estado en el camping y conoce un n\u00famero de parcela concreto, s\u00ed, puede ped\u00edrnoslo y haremos todo lo posible por asign\u00e1rselo.<\/p>\n<\/details>\n<\/div>\n<\/div>\n\n\r\n    <\/div>\r\n<\/section>\n\n<section id=\"ls-section-block_1591d92cecf9067aa8f546df7501e0e1\" class=\"ls-section  page-two has-background has-color-1-background-color has-text-color has-color-white-color\" >\r\n        <div class=\"container \">\r\n        \n\n<h2 class=\"ls__heading wp-block-heading has-color-4-color m-b-7\" id=\"4-sejourner-au-suhiberry-en-emplacement-camping-sur-la-cote-basque\"><strong>4. ESTANCIA EN SUHIBERRY EN UNA PARCELA DE CAMPING EN LA COSTA VASCA :<\/strong><\/h2>\n\n\n\n<details>\n<summary style=\"font-weight: bold\">\u00bfC\u00f3mo est\u00e1n dispuestas las sedes?<\/summary>\n<p>Las parcelas est\u00e1n situadas en caminos escalonados desde la parte inferior hasta la superior del camping, lo que da una sensaci\u00f3n de amplitud y de ausencia de vistas.\nEst\u00e1n delimitadas por hitos y setos numerados.<\/p>\n<\/details>\n\n\n\n<details>\n<summary style=\"font-weight: bold\">\u00bfQu\u00e9 tipo de conexi\u00f3n el\u00e9ctrica hay para las parcelas de camping?<\/summary>\n<p>Nuestros terminales el\u00e9ctricos se fabrican en su mayor parte con tomas de corriente europeas y en otras con tomas de corriente francesas. Por ello, le aconsejamos que utilice un adaptador (enchufe) europeo.<\/p>\n<\/details>\n\n\n\n<details>\n<summary style=\"font-weight: bold\">\u00bfNecesito un alargador?<\/summary>\n<p>Nuestras tomas de corriente son colectivas y abarcan varias parcelas, por lo que es mejor traer un alargador de unos 25 metros.<\/p>\n<\/details>\n\n\n\n<details>\n<summary style=\"font-weight: bold\">\u00bfQu\u00e9 tipo de equipamiento se puede instalar en los terrenos de juego?<\/summary>\n<p>Son posibles varios casos:\n&gt; Tienda familiar de 2 habitaciones\n&gt; Caravana con toldo\n&gt; Autocaravana\nEn todos estos casos, se puede a\u00f1adir una peque\u00f1a tienda de 2 plazas a la parcela si es necesario y no se cobrar\u00e1 ning\u00fan suplemento. Simplemente le pedimos que lo mencione en el contrato al hacer la reserva o en el campo \u00abequipo de camping\u00bb al reservar en l\u00ednea.<\/p>\n<\/details>\n\n\r\n    <\/div>\r\n<\/section>\n\n<section id=\"ls-section-block_59ebbe479e4a158082408fdb4dc3c43b\" class=\"ls-section  page-two has-background has-color-white-background-color has-text-color has-color-1-color\" >\r\n        <div class=\"container container--wide\">\r\n        \n\n<h2 class=\"ls__heading wp-block-heading has-color-1-color m-b-7\" id=\"5-questions-diverses\"><strong>5. OTROS ASUNTOS :<\/strong><\/h2>\n\n\n\n<details>\n<summary style=\"font-weight: bold\">\u00bfCu\u00e1l es el horario de apertura del camping? <\/summary>\n<p>Fuera de julio y agosto, el camping est\u00e1 abierto los 7 d\u00edas de la semana, de 9 a 12.30 y de 13.30 a 19.30.\nEn julio y agosto la oficina est\u00e1 abierta los 7 d\u00edas de la semana, de 8.30 a 19.30 horas.<\/p>\n<\/details>\n\n\n\n<details>\n<summary style=\"font-weight: bold\">\u00bfHay una lavander\u00eda en el camping?<\/summary>\n<p>S\u00ed, el camping dispone de una lavander\u00eda con lavadoras y secadoras y una tabla de planchar. El lavado cuesta 5 euros y el secado 4 euros, que se pagan en efectivo o con tarjeta, a trav\u00e9s del terminal de autoservicio. Tambi\u00e9n puede pedir prestada la plancha en la recepci\u00f3n.<\/p>\n<\/details>\n\n\n\n<details>\n<summary style=\"font-weight: bold\">\u00bfEst\u00e1 la piscina vigilada?<\/summary>\n<p>La piscina no est\u00e1 vigilada, ni siquiera en julio y agosto. Por tanto, es responsabilidad de los padres con sus hijos. M\u00e1s informaci\u00f3n en la p\u00e1gina del camping Pays Basque con piscina.<\/p>\n<\/details>\n\n\n\n<details>\n<summary style=\"font-weight: bold\">\u00bfEst\u00e1n permitidas las barbacoas?<\/summary>\n<p>S\u00ed, las barbacoas de gas y carb\u00f3n est\u00e1n permitidas en el camping.\nTambi\u00e9n hay una barbacoa comunitaria cerca de una gran zona protegida con mesas de picnic disponibles. Hay que vaciar y limpiar el compartimento del carb\u00f3n, as\u00ed como la rejilla que le proporcionamos. Este lugar amigable estar\u00e1 listo para que otros lo usen despu\u00e9s de ti.\nATENCI\u00d3N:\n&gt; Les pedimos que permanezcan muy atentos hasta que las brasas se extingan por completo.\n&gt; No se recomiendan las barbacoas el\u00e9ctricas o las parrillas de plancha, ya que pueden inutilizar el suministro el\u00e9ctrico.<\/p>\n<\/details>\n\n\n\n<details>\n<summary style=\"font-weight: bold\">\u00bfHay una tienda de comestibles en su camping en el Pa\u00eds Vasco?<\/summary>\n<p>No. La tienda de comestibles m\u00e1s cercana est\u00e1 a 600 m en el centro del pueblo. El supermercado m\u00e1s cercano tambi\u00e9n est\u00e1 a 600 metros.<\/p>\n<\/details>\n\n\r\n    <\/div>\r\n<\/section>\n\n<p><!-- \/wp:post-content --><br \/><!-- \/wp:acf\/section --><\/p>\n<p><!-- wp:acf\/section {\"id\":\"block_61f1497eaf5e6\",\"name\":\"acf\/section\",\"data\":{\"container_width\":\"wide\",\"_container_width\":\"field_60ed62ec5395d\",\"background_image\":\"\",\"_background_image\":\"field_60ed6fe2539ea\",\"background_image_opactity\":\"50\",\"_background_image_opactity\":\"field_60ed720225eb7\",\"background_parallax\":\"0\",\"_background_parallax\":\"field_617647d24220c\",\"add_to_submenu\":\"0\",\"_add_to_submenu\":\"field_616fb7165308d\",\"color\":\"\",\"_color\":\"field_60ed56bd87924\",\"background_color\":\"\",\"_background_color\":\"field_60ed57386fee4\",\"margin_top\":\"-1\",\"_margin_top\":\"field_60ed6a9fbc8a2\",\"margin_bottom\":\"-1\",\"_margin_bottom\":\"field_60ed6afc4f8e7\",\"margin_left\":\"-1\",\"_margin_left\":\"field_60ed6b0f4f8e8\",\"margin_right\":\"-1\",\"_margin_right\":\"field_60ed6b1a4f8e9\",\"padding_top\":\"-1\",\"_padding_top\":\"field_60ed6cf84c590\",\"padding_bottom\":\"-1\",\"_padding_bottom\":\"field_60ed6d044c591\",\"padding_left\":\"-1\",\"_padding_left\":\"field_60ed6d0b4c592\",\"padding_right\":\"-1\",\"_padding_right\":\"field_60ed6d124c593\"},\"align\":\"\",\"mode\":\"preview\",\"className\":\"page-six\"} --><br \/><!-- wp:acf\/titre-div {\"id\":\"block_61f1498aaf5e7\",\"name\":\"acf\/titre-div\",\"data\":{\"texte\":\"D\u00e9couvrez les autres services et animations de notre camping au Pays Basque\",\"_texte\":\"field_613b7121eb97a\",\"selecteur\":\"h2\",\"_selecteur\":\"field_613b712aeb97b\",\"color\":\"\",\"_color\":\"field_60ed56bd87924\",\"background_color\":\"\",\"_background_color\":\"field_60ed57386fee4\",\"margin_top\":\"-1\",\"_margin_top\":\"field_60ed6a9fbc8a2\",\"margin_bottom\":\"-1\",\"_margin_bottom\":\"field_60ed6afc4f8e7\",\"margin_left\":\"-1\",\"_margin_left\":\"field_60ed6b0f4f8e8\",\"margin_right\":\"-1\",\"_margin_right\":\"field_60ed6b1a4f8e9\",\"padding_top\":\"-1\",\"_padding_top\":\"field_60ed6cf84c590\",\"padding_bottom\":\"-1\",\"_padding_bottom\":\"field_60ed6d044c591\",\"padding_left\":\"-1\",\"_padding_left\":\"field_60ed6d0b4c592\",\"padding_right\":\"-1\",\"_padding_right\":\"field_60ed6d124c593\"},\"align\":\"center\",\"mode\":\"edit\",\"className\":\"ls__heading\"} \/--><\/p>\n<p><!-- wp:columns --><\/p>\n<div class=\"wp-block-columns\"><!-- wp:column -->\n<div class=\"wp-block-column\"><!-- wp:acf\/maillage {\"id\":\"block_61f149c2af5e8\",\"name\":\"acf\/maillage\",\"data\":{\"cta_style\":\"normal\",\"_cta_style\":\"field_615594511af6e\",\"type\":\"selection\",\"_type\":\"field_60edab6e57664\",\"selection\":[\"205\"],\"_selection\":\"field_60edac91aa72c\",\"display_description\":\"0\",\"_display_description\":\"field_60edad00f8bd3\",\"posts_per_row\":\"3\",\"_posts_per_row\":\"field_60ef16cd2d285\",\"is_slider\":\"0\",\"_is_slider\":\"field_615594381af6d\",\"color\":\"\",\"_color\":\"field_60ed56bd87924\",\"background_color\":\"\",\"_background_color\":\"field_60ed57386fee4\",\"margin_top\":\"-1\",\"_margin_top\":\"field_60ed6a9fbc8a2\",\"margin_bottom\":\"-1\",\"_margin_bottom\":\"field_60ed6afc4f8e7\",\"margin_left\":\"-1\",\"_margin_left\":\"field_60ed6b0f4f8e8\",\"margin_right\":\"-1\",\"_margin_right\":\"field_60ed6b1a4f8e9\",\"padding_top\":\"-1\",\"_padding_top\":\"field_60ed6cf84c590\",\"padding_bottom\":\"-1\",\"_padding_bottom\":\"field_60ed6d044c591\",\"padding_left\":\"-1\",\"_padding_left\":\"field_60ed6d0b4c592\",\"padding_right\":\"-1\",\"_padding_right\":\"field_60ed6d124c593\"},\"align\":\"\",\"mode\":\"edit\"} \/--><\/div>\n<p><!-- \/wp:column --><\/p>\n<p><!-- wp:column --><\/p>\n<div class=\"wp-block-column\"><!-- wp:acf\/maillage {\"id\":\"block_61f149cbaf5e9\",\"name\":\"acf\/maillage\",\"data\":{\"cta_style\":\"normal\",\"_cta_style\":\"field_615594511af6e\",\"type\":\"selection\",\"_type\":\"field_60edab6e57664\",\"selection\":[\"208\"],\"_selection\":\"field_60edac91aa72c\",\"display_description\":\"0\",\"_display_description\":\"field_60edad00f8bd3\",\"posts_per_row\":\"3\",\"_posts_per_row\":\"field_60ef16cd2d285\",\"is_slider\":\"0\",\"_is_slider\":\"field_615594381af6d\",\"color\":\"\",\"_color\":\"field_60ed56bd87924\",\"background_color\":\"\",\"_background_color\":\"field_60ed57386fee4\",\"margin_top\":\"-1\",\"_margin_top\":\"field_60ed6a9fbc8a2\",\"margin_bottom\":\"-1\",\"_margin_bottom\":\"field_60ed6afc4f8e7\",\"margin_left\":\"-1\",\"_margin_left\":\"field_60ed6b0f4f8e8\",\"margin_right\":\"-1\",\"_margin_right\":\"field_60ed6b1a4f8e9\",\"padding_top\":\"-1\",\"_padding_top\":\"field_60ed6cf84c590\",\"padding_bottom\":\"-1\",\"_padding_bottom\":\"field_60ed6d044c591\",\"padding_left\":\"-1\",\"_padding_left\":\"field_60ed6d0b4c592\",\"padding_right\":\"-1\",\"_padding_right\":\"field_60ed6d124c593\"},\"align\":\"\",\"mode\":\"edit\"} \/--><\/div>\n<p><!-- \/wp:column --><\/p>\n<p><!-- wp:column --><\/p>\n<div class=\"wp-block-column\"><!-- wp:acf\/maillage {\"id\":\"block_61f149d0af5ea\",\"name\":\"acf\/maillage\",\"data\":{\"cta_style\":\"normal\",\"_cta_style\":\"field_615594511af6e\",\"type\":\"selection\",\"_type\":\"field_60edab6e57664\",\"selection\":[\"215\"],\"_selection\":\"field_60edac91aa72c\",\"display_description\":\"0\",\"_display_description\":\"field_60edad00f8bd3\",\"posts_per_row\":\"3\",\"_posts_per_row\":\"field_60ef16cd2d285\",\"is_slider\":\"0\",\"_is_slider\":\"field_615594381af6d\",\"color\":\"\",\"_color\":\"field_60ed56bd87924\",\"background_color\":\"\",\"_background_color\":\"field_60ed57386fee4\",\"margin_top\":\"-1\",\"_margin_top\":\"field_60ed6a9fbc8a2\",\"margin_bottom\":\"-1\",\"_margin_bottom\":\"field_60ed6afc4f8e7\",\"margin_left\":\"-1\",\"_margin_left\":\"field_60ed6b0f4f8e8\",\"margin_right\":\"-1\",\"_margin_right\":\"field_60ed6b1a4f8e9\",\"padding_top\":\"-1\",\"_padding_top\":\"field_60ed6cf84c590\",\"padding_bottom\":\"-1\",\"_padding_bottom\":\"field_60ed6d044c591\",\"padding_left\":\"-1\",\"_padding_left\":\"field_60ed6d0b4c592\",\"padding_right\":\"-1\",\"_padding_right\":\"field_60ed6d124c593\"},\"align\":\"\",\"mode\":\"edit\"} \/--><\/div>\n<p><!-- \/wp:column --><\/p>\n<\/div>\n<p><!-- \/wp:columns --><br \/><!-- \/wp:acf\/section --><\/p>","protected":false},"excerpt":{"rendered":"","protected":false},"author":1,"featured_media":0,"parent":0,"menu_order":0,"comment_status":"closed","ping_status":"closed","template":"","meta":{"_acf_changed":false,"footnotes":""},"sujet":[],"class_list":["post-3092","page","type-page","status-publish","hentry"],"acf":[],"yoast_head":"<!-- This site is optimized with the Yoast SEO plugin v23.4 - https:\/\/yoast.com\/wordpress\/plugins\/seo\/ -->\n<title>Preguntas frecuentes sobre el camping | Preguntas frecuentes sobre el camping<\/title>\n<meta name=\"description\" content=\"M\u00e1s informaci\u00f3n sobre las preguntas frecuentes del camping Suhiberry en el Pa\u00eds Vasco: Preguntas frecuentes para saberlo todo antes de las vacaciones\" \/>\n<meta name=\"robots\" content=\"index, follow, max-snippet:-1, max-image-preview:large, max-video-preview:-1\" \/>\n<link rel=\"canonical\" href=\"https:\/\/www.campingsuhiberry.com\/es\/preguntas-frecuentes-camping-pays-basque\/\" \/>\n<meta property=\"og:locale\" content=\"es_ES\" \/>\n<meta property=\"og:type\" content=\"article\" \/>\n<meta property=\"og:title\" content=\"Preguntas frecuentes sobre el camping | Preguntas frecuentes sobre el camping\" \/>\n<meta property=\"og:description\" content=\"M\u00e1s informaci\u00f3n sobre las preguntas frecuentes del camping Suhiberry en el Pa\u00eds Vasco: Preguntas frecuentes para saberlo todo antes de las vacaciones\" \/>\n<meta property=\"og:url\" content=\"https:\/\/www.campingsuhiberry.com\/es\/preguntas-frecuentes-camping-pays-basque\/\" \/>\n<meta property=\"og:site_name\" content=\"Camping Suhiberry\" \/>\n<meta property=\"article:modified_time\" content=\"2025-08-08T13:17:20+00:00\" \/>\n<meta name=\"twitter:card\" content=\"summary_large_image\" \/>\n<meta name=\"twitter:label1\" content=\"Tiempo de lectura\" \/>\n\t<meta name=\"twitter:data1\" content=\"7 minutos\" \/>\n<!-- \/ Yoast SEO plugin. -->","yoast_head_json":{"title":"Preguntas frecuentes sobre el camping | Preguntas frecuentes sobre el camping","description":"M\u00e1s informaci\u00f3n sobre las preguntas frecuentes del camping Suhiberry en el Pa\u00eds Vasco: Preguntas frecuentes para saberlo todo antes de las vacaciones","robots":{"index":"index","follow":"follow","max-snippet":"max-snippet:-1","max-image-preview":"max-image-preview:large","max-video-preview":"max-video-preview:-1"},"canonical":"https:\/\/www.campingsuhiberry.com\/es\/preguntas-frecuentes-camping-pays-basque\/","og_locale":"es_ES","og_type":"article","og_title":"Preguntas frecuentes sobre el camping | Preguntas frecuentes sobre el camping","og_description":"M\u00e1s informaci\u00f3n sobre las preguntas frecuentes del camping Suhiberry en el Pa\u00eds Vasco: Preguntas frecuentes para saberlo todo antes de las vacaciones","og_url":"https:\/\/www.campingsuhiberry.com\/es\/preguntas-frecuentes-camping-pays-basque\/","og_site_name":"Camping Suhiberry","article_modified_time":"2025-08-08T13:17:20+00:00","twitter_card":"summary_large_image","twitter_misc":{"Tiempo de lectura":"7 minutos"},"schema":{"@context":"https:\/\/schema.org","@graph":[{"@type":"WebPage","@id":"https:\/\/www.campingsuhiberry.com\/es\/preguntas-frecuentes-camping-pays-basque\/","url":"https:\/\/www.campingsuhiberry.com\/es\/preguntas-frecuentes-camping-pays-basque\/","name":"Preguntas frecuentes sobre el camping | Preguntas frecuentes sobre el camping","isPartOf":{"@id":"https:\/\/www.campingsuhiberry.com\/es\/#website"},"datePublished":"2022-02-01T09:24:35+00:00","dateModified":"2025-08-08T13:17:20+00:00","description":"M\u00e1s informaci\u00f3n sobre las preguntas frecuentes del camping Suhiberry en el Pa\u00eds Vasco: Preguntas frecuentes para saberlo todo antes de las vacaciones","breadcrumb":{"@id":"https:\/\/www.campingsuhiberry.com\/es\/preguntas-frecuentes-camping-pays-basque\/#breadcrumb"},"inLanguage":"es","potentialAction":[{"@type":"ReadAction","target":["https:\/\/www.campingsuhiberry.com\/es\/preguntas-frecuentes-camping-pays-basque\/"]}]},{"@type":"BreadcrumbList","@id":"https:\/\/www.campingsuhiberry.com\/es\/preguntas-frecuentes-camping-pays-basque\/#breadcrumb","itemListElement":[{"@type":"ListItem","position":1,"name":"Camping Pa\u00eds Vasco","item":"https:\/\/www.campingsuhiberry.com\/es\/"},{"@type":"ListItem","position":2,"name":"PREGUNTAS FRECUENTES"}]},{"@type":"WebSite","@id":"https:\/\/www.campingsuhiberry.com\/es\/#website","url":"https:\/\/www.campingsuhiberry.com\/es\/","name":"Camping Suhiberry","description":"","publisher":{"@id":"https:\/\/www.campingsuhiberry.com\/es\/#organization"},"potentialAction":[{"@type":"SearchAction","target":{"@type":"EntryPoint","urlTemplate":"https:\/\/www.campingsuhiberry.com\/es\/?s={search_term_string}"},"query-input":{"@type":"PropertyValueSpecification","valueRequired":true,"valueName":"search_term_string"}}],"inLanguage":"es"},{"@type":"Organization","@id":"https:\/\/www.campingsuhiberry.com\/es\/#organization","name":"Camping Suhiberry","url":"https:\/\/www.campingsuhiberry.com\/es\/","logo":{"@type":"ImageObject","inLanguage":"es","@id":"https:\/\/www.campingsuhiberry.com\/es\/#\/schema\/logo\/image\/","url":"https:\/\/www.campingsuhiberry.com\/wp-content\/uploads\/2022\/02\/26EF22B2-D6C4-4E69-88A8-12AE8EB90411.jpg","contentUrl":"https:\/\/www.campingsuhiberry.com\/wp-content\/uploads\/2022\/02\/26EF22B2-D6C4-4E69-88A8-12AE8EB90411.jpg","width":600,"height":400,"caption":"Camping Suhiberry"},"image":{"@id":"https:\/\/www.campingsuhiberry.com\/es\/#\/schema\/logo\/image\/"}}]}},"_links":{"self":[{"href":"https:\/\/www.campingsuhiberry.com\/es\/wp-json\/wp\/v2\/pages\/3092","targetHints":{"allow":["GET"]}}],"collection":[{"href":"https:\/\/www.campingsuhiberry.com\/es\/wp-json\/wp\/v2\/pages"}],"about":[{"href":"https:\/\/www.campingsuhiberry.com\/es\/wp-json\/wp\/v2\/types\/page"}],"author":[{"embeddable":true,"href":"https:\/\/www.campingsuhiberry.com\/es\/wp-json\/wp\/v2\/users\/1"}],"replies":[{"embeddable":true,"href":"https:\/\/www.campingsuhiberry.com\/es\/wp-json\/wp\/v2\/comments?post=3092"}],"version-history":[{"count":5,"href":"https:\/\/www.campingsuhiberry.com\/es\/wp-json\/wp\/v2\/pages\/3092\/revisions"}],"predecessor-version":[{"id":6795,"href":"https:\/\/www.campingsuhiberry.com\/es\/wp-json\/wp\/v2\/pages\/3092\/revisions\/6795"}],"wp:attachment":[{"href":"https:\/\/www.campingsuhiberry.com\/es\/wp-json\/wp\/v2\/media?parent=3092"}],"wp:term":[{"taxonomy":"sujet","embeddable":true,"href":"https:\/\/www.campingsuhiberry.com\/es\/wp-json\/wp\/v2\/sujet?post=3092"}],"curies":[{"name":"wp","href":"https:\/\/api.w.org\/{rel}","templated":true}]}}