{"id":3089,"date":"2022-01-06T16:56:46","date_gmt":"2022-01-06T15:56:46","guid":{"rendered":"https:\/\/www.campingsuhiberry.com\/emplacement-camping-pays-basque\/"},"modified":"2026-01-05T10:25:41","modified_gmt":"2026-01-05T09:25:41","slug":"ubicacion-camping-pais-vasco","status":"publish","type":"page","link":"https:\/\/www.campingsuhiberry.com\/es\/ubicacion-camping-pais-vasco\/","title":{"rendered":"Emplacement"},"content":{"rendered":"<section id=\"ls-section-block_e295d64a2609928c925fa47d64b9c1ea\" class=\"ls-section  page-one has-p-b\" >\r\n        <div class=\"container container--wide\">\r\n        \n\n<h1 class=\"ls__heading wp-block-heading has-text-align-center\" id=\"emplacement-camping-caravaning-au-pays-basque\">Parcelas de camping y caravanas en el Pa\u00eds Vasco<\/h1>\n\n\n\n<p class=\"ls-paragraph has-text-align-center\">Para sus vacaciones en familia o en pareja en el Pa\u00eds Vasco, <a href=\"https:\/\/www.campingsuhiberry.com\/es\/\">el Camping Suhiberry****<\/a> le ofrece amplias parcelas para caravanas en un entorno id\u00edlico a la sombra de robles y \u00e1lamos.<\/p>\n\n\r\n    <\/div>\r\n<\/section>\n\n<section id=\"ls-section-block_35dee0ae95ccbdecdc5fda9f806440ac\" class=\"ls-section \" >\r\n        <div class=\"container container--wide\">\r\n        \n\n<div class=\"wp-block-columns is-layout-flex wp-container-core-columns-is-layout-9d6595d7 wp-block-columns-is-layout-flex\">\n<div class=\"wp-block-column is-vertically-aligned-center is-layout-flow wp-block-column-is-layout-flow\" style=\"flex-basis:100%\">\n<figure class=\"wp-block-gallery has-nested-images columns-default is-cropped wp-block-gallery-1 is-layout-flex wp-block-gallery-is-layout-flex\">\n<figure class=\"wp-block-image size-large\"><a href=\"https:\/\/www.campingsuhiberry.com\/wp-content\/uploads\/2022\/02\/categg_1_5.jpg\"><img decoding=\"async\" width=\"800\" height=\"533\" data-id=\"2938\" src=\"https:\/\/www.campingsuhiberry.com\/wp-content\/uploads\/2022\/02\/categg_1_5.jpg\" alt=\"tienda de campa\u00f1a suhiberry para acampar\" class=\"wp-image-2938\" srcset=\"https:\/\/www.campingsuhiberry.com\/wp-content\/uploads\/2022\/02\/categg_1_5.jpg 800w, https:\/\/www.campingsuhiberry.com\/wp-content\/uploads\/2022\/02\/categg_1_5-300x200.jpg 300w, https:\/\/www.campingsuhiberry.com\/wp-content\/uploads\/2022\/02\/categg_1_5-150x100.jpg 150w, https:\/\/www.campingsuhiberry.com\/wp-content\/uploads\/2022\/02\/categg_1_5-768x512.jpg 768w\" sizes=\"(max-width: 800px) 100vw, 800px\" \/><\/a><\/figure>\n\n\n\n<figure class=\"wp-block-image size-large\"><a href=\"https:\/\/www.campingsuhiberry.com\/wp-content\/uploads\/2022\/02\/categg_1_4.jpg\"><img decoding=\"async\" width=\"800\" height=\"533\" data-id=\"2935\" src=\"https:\/\/www.campingsuhiberry.com\/wp-content\/uploads\/2022\/02\/categg_1_4.jpg\" alt=\"camping suhiberry location van\" class=\"wp-image-2935\" srcset=\"https:\/\/www.campingsuhiberry.com\/wp-content\/uploads\/2022\/02\/categg_1_4.jpg 800w, https:\/\/www.campingsuhiberry.com\/wp-content\/uploads\/2022\/02\/categg_1_4-300x200.jpg 300w, https:\/\/www.campingsuhiberry.com\/wp-content\/uploads\/2022\/02\/categg_1_4-150x100.jpg 150w, https:\/\/www.campingsuhiberry.com\/wp-content\/uploads\/2022\/02\/categg_1_4-768x512.jpg 768w\" sizes=\"(max-width: 800px) 100vw, 800px\" \/><\/a><\/figure>\n\n\n\n<figure class=\"wp-block-image size-large\"><a href=\"https:\/\/www.campingsuhiberry.com\/wp-content\/uploads\/2022\/02\/categg_1_3.jpg\"><img decoding=\"async\" width=\"800\" height=\"533\" data-id=\"2931\" src=\"https:\/\/www.campingsuhiberry.com\/wp-content\/uploads\/2022\/02\/categg_1_3.jpg\" alt=\"camping suhiberry terreno barato\" class=\"wp-image-2931\" srcset=\"https:\/\/www.campingsuhiberry.com\/wp-content\/uploads\/2022\/02\/categg_1_3.jpg 800w, https:\/\/www.campingsuhiberry.com\/wp-content\/uploads\/2022\/02\/categg_1_3-300x200.jpg 300w, https:\/\/www.campingsuhiberry.com\/wp-content\/uploads\/2022\/02\/categg_1_3-150x100.jpg 150w, https:\/\/www.campingsuhiberry.com\/wp-content\/uploads\/2022\/02\/categg_1_3-768x512.jpg 768w\" sizes=\"(max-width: 800px) 100vw, 800px\" \/><\/a><\/figure>\n\n\n\n<figure class=\"wp-block-image size-large\"><a href=\"https:\/\/www.campingsuhiberry.com\/wp-content\/uploads\/2022\/02\/categg_1_2.jpg\"><img decoding=\"async\" width=\"800\" height=\"533\" data-id=\"2940\" src=\"https:\/\/www.campingsuhiberry.com\/wp-content\/uploads\/2022\/02\/categg_1_2.jpg\" alt=\"camping pa\u00eds vasco\" class=\"wp-image-2940\" srcset=\"https:\/\/www.campingsuhiberry.com\/wp-content\/uploads\/2022\/02\/categg_1_2.jpg 800w, https:\/\/www.campingsuhiberry.com\/wp-content\/uploads\/2022\/02\/categg_1_2-300x200.jpg 300w, https:\/\/www.campingsuhiberry.com\/wp-content\/uploads\/2022\/02\/categg_1_2-150x100.jpg 150w, https:\/\/www.campingsuhiberry.com\/wp-content\/uploads\/2022\/02\/categg_1_2-768x512.jpg 768w\" sizes=\"(max-width: 800px) 100vw, 800px\" \/><\/a><\/figure>\n\n\n\n<figure class=\"wp-block-image size-large\"><a href=\"https:\/\/www.campingsuhiberry.com\/wp-content\/uploads\/2022\/02\/camping-suhiberry-emplacement.jpg\"><img decoding=\"async\" width=\"800\" height=\"533\" data-id=\"2932\" src=\"https:\/\/www.campingsuhiberry.com\/wp-content\/uploads\/2022\/02\/camping-suhiberry-emplacement.jpg\" alt=\"acampar en la parcela de suhiberry\" class=\"wp-image-2932\" srcset=\"https:\/\/www.campingsuhiberry.com\/wp-content\/uploads\/2022\/02\/camping-suhiberry-emplacement.jpg 800w, https:\/\/www.campingsuhiberry.com\/wp-content\/uploads\/2022\/02\/camping-suhiberry-emplacement-300x200.jpg 300w, https:\/\/www.campingsuhiberry.com\/wp-content\/uploads\/2022\/02\/camping-suhiberry-emplacement-150x100.jpg 150w, https:\/\/www.campingsuhiberry.com\/wp-content\/uploads\/2022\/02\/camping-suhiberry-emplacement-768x512.jpg 768w\" sizes=\"(max-width: 800px) 100vw, 800px\" \/><\/a><\/figure>\n<\/figure>\n<\/div>\n<\/div>\n\n\r\n    <\/div>\r\n<\/section>\n\n<section id=\"ls-section-block_ce75afad90fe24cb07aa52dfd1485adb\" class=\"ls-section \" >\r\n        <div class=\"container \">\r\n        \n\n<script>\n    window.ctoutvert = {\n\t\tid: 4978, \n\t\tlang: 'es', \n\t\turl: 'https:\/\/reservation.secureholiday.net\/widgets\/'\n    };\n    (function (w, d, s, ctv, r, js, fjs) {\n        r=new XMLHttpRequest();r.open('GET',w[ctv].url+'js\/src.json');\n        r.responseType='json';r.json=true;r.send();\n        r.onload=function(){w[ctv].src=r.responseType=='json'?r.response:JSON.parse(r.response);\n        js.src=w[ctv].src[0];fjs.parentNode.insertBefore(js, fjs);}\n        js=d.createElement(s),fjs=d.getElementsByTagName(s)[0];\n        js.id='ctvwidget';js.async=1;\n    }(window, document, 'script', 'ctoutvert'));\n<\/script>\n<ctv-availability data-product-type=\"pitch\" data-background-color=\"#FFFFFFFF\" ><\/ctv-availability>\n\n\r\n    <\/div>\r\n<\/section>\n\n<section id=\"ls-section-block_39f2ce3a25e2c17053441b69256e137e\" class=\"ls-section  has-background-image has-background has-color-1-background-color has-text-color has-color-white-color\" >\r\n    <div class=\"ls-section__background-image opacity-33\"><img decoding=\"async\" src=\"https:\/\/www.campingsuhiberry.com\/wp-content\/uploads\/2022\/02\/emplacement-tente-camping-suhiberry.jpg\" alt=\"emplacement tente camping suhiberry\"><\/div>    <div class=\"container container--wide\">\r\n        \n\n<div class=\"wp-block-columns is-layout-flex wp-container-core-columns-is-layout-9d6595d7 wp-block-columns-is-layout-flex\">\n<div class=\"wp-block-column is-layout-flow wp-block-column-is-layout-flow\">\n<p class=\"ls-paragraph has-text-align-left\">En nuestro dominio certificado \u00abCamping Qualit\u00e9\u00bb, disponemos de un total de <strong>168 parcelas, 113 de ellas libres<\/strong>, para satisfacer a todos los amantes del camping tradicional.<\/p>\n\n\n\n<p class=\"ls-paragraph has-text-align-left\">Tanto si quieres alojarte en una <strong>tienda<\/strong>de campa\u00f1a como si vienes en <strong>caravana<\/strong>, ser\u00e1s feliz en nuestro <strong>camping de Urrugne<\/strong>. Dispuestas en forma de terraza, cada una de estas <strong>parcelas de camping en el Pa\u00eds Vasco<\/strong> est\u00e1 delimitada por setos, <strong>lo que garantiza su total privacidad<\/strong>. El ambiente en<strong>este camping<\/strong>es siempre de primera categor\u00eda, al igual que el entorno. Tienes un c\u00e9sped bien cuidado para tomar el sol o para entretener a tus hijos en el campo.<\/p>\n\n\n\n<p class=\"ls-paragraph has-text-align-left\">Para que su estancia en uncamping barato en el Pa\u00eds Vasco cuente con todas las comodidades, se han habilitado <strong>tres bloques de aseos<\/strong> cerca de las parcelas descubiertas. Como la limpieza y la higiene forman parte de nuestros principios, un equipo se encarga del<strong>mantenimiento constante de estas instalaciones<\/strong>.<\/p>\n\n\n\n<p class=\"ls-paragraph has-text-align-left\">Tambi\u00e9n hay una <strong>variedad de servicios de alquiler<\/strong> para que pueda obtener todo lo que necesita sin tener que empacar su coche.<\/p>\n<\/div>\n<\/div>\n\n\r\n    <\/div>\r\n<\/section>\n\n<section id=\"ls-section-block_f46907cb1b413f0b024909be6f854d83\" class=\"ls-section  page-six has-text-color has-color-1-color\" >\r\n        <div class=\"container container--wide\">\r\n        \n\n<div id=\"ls-heading ls-titre-div-block_16d7e3ae9b40d05d661ce19968d7e7c8\" class=\"ls-titre-div ls-titre-div aligncenter h2-like h2-like\" >\n    DESCUBRA NUESTROS OTROS ALOJAMIENTOS EN EL PA\u00cdS VASCO<\/div>\n\n\n\n<div class=\"wp-block-columns is-layout-flex wp-container-core-columns-is-layout-9d6595d7 wp-block-columns-is-layout-flex\">\n<div class=\"wp-block-column is-layout-flow wp-block-column-is-layout-flow\"><div id=\"ls-maillage-block_327c0bee83bc8f85dbc92389f8c2f006\" class=\"ls-maillage cta-style-normal\" data-rows=\"3\">\r\n    <div class=\"wp-block-columns\"><div class=\"wp-block-column\">\n\n<a href=\"https:\/\/www.campingsuhiberry.com\/es\/ubicacion-movil-casa-pais-vasco\/\" target=\"\" rel=\"noopener\" class=\"ls-cta__link\">\n\n\t<div class=\"ls-cta__image\"><img decoding=\"async\" src=\"https:\/\/www.campingsuhiberry.com\/wp-content\/uploads\/2022\/01\/camping-location-mobil-home-pays-basque.jpg\" alt=\"camping location mobil home pays basque\"><\/div>\n\t<div class=\"ls-cta__title\">\n\t\tCasa m\u00f3vil\t<\/div>\n\n\t\t\n<\/a><\/div><\/div><\/div><\/div>\n\n\n\n<div class=\"wp-block-column is-layout-flow wp-block-column-is-layout-flow\"><div id=\"ls-maillage-block_245485737a97fbf5b2596e88aa7addd1\" class=\"ls-maillage cta-style-normal\" data-rows=\"3\">\r\n    <div class=\"wp-block-columns\"><div class=\"wp-block-column\">\n\n<a href=\"https:\/\/www.campingsuhiberry.com\/es\/camping-pais-vasco-con-piscina\/\" target=\"\" rel=\"noopener\" class=\"ls-cta__link\">\n\n\t<div class=\"ls-cta__image\"><img decoding=\"async\" src=\"https:\/\/www.campingsuhiberry.com\/wp-content\/uploads\/2022\/02\/B74C624B-6755-4A60-9837-368E49A97163-2-768x512.jpg\" alt=\"camping suhiberry piscine chauffee\"><\/div>\n\t<div class=\"ls-cta__title\">\n\t\tPiscina\t<\/div>\n\n\t\t\n<\/a><\/div><\/div><\/div><\/div>\n\n\n\n<div class=\"wp-block-column is-layout-flow wp-block-column-is-layout-flow\"><div id=\"ls-maillage-block_fc4d2d8e7a299f60250e4641fdc6911f\" class=\"ls-maillage cta-style-normal\" data-rows=\"3\">\r\n    <div class=\"wp-block-columns\"><div class=\"wp-block-column\">\n\n<a href=\"https:\/\/www.campingsuhiberry.com\/es\/restaurante-camping-urrugne\/\" target=\"\" rel=\"noopener\" class=\"ls-cta__link\">\n\n\t<div class=\"ls-cta__image\"><img decoding=\"async\" src=\"https:\/\/www.campingsuhiberry.com\/wp-content\/uploads\/2022\/01\/camping-snack-bar-pays-basque.jpg\" alt=\"camping-snack-bar-pays-basque\"><\/div>\n\t<div class=\"ls-cta__title\">\n\t\tRestaurante y snack bar\t<\/div>\n\n\t\t\n<\/a><\/div><\/div><\/div><\/div>\n<\/div>\n\n\r\n    <\/div>\r\n<\/section>","protected":false},"excerpt":{"rendered":"","protected":false},"author":1,"featured_media":1346,"parent":0,"menu_order":0,"comment_status":"closed","ping_status":"closed","template":"","meta":{"_acf_changed":false,"footnotes":""},"sujet":[],"class_list":["post-3089","page","type-page","status-publish","has-post-thumbnail","hentry"],"acf":[],"yoast_head":"<!-- This site is optimized with the Yoast SEO plugin v23.4 - https:\/\/yoast.com\/wordpress\/plugins\/seo\/ -->\n<title>Parcelas para camping y caravanas en el Pa\u00eds Vasco - Parcelas para tiendas en el Pa\u00eds Vasco<\/title>\n<meta name=\"description\" content=\"Inf\u00f3rmese sobre el alquiler de una parcela de camping-caravana en el Pa\u00eds Vasco en el Camping Suhiberry: parcelas con todas las comodidades\" \/>\n<meta name=\"robots\" content=\"index, follow, max-snippet:-1, max-image-preview:large, max-video-preview:-1\" \/>\n<link rel=\"canonical\" href=\"https:\/\/www.campingsuhiberry.com\/es\/ubicacion-camping-pais-vasco\/\" \/>\n<meta property=\"og:locale\" content=\"es_ES\" \/>\n<meta property=\"og:type\" content=\"article\" \/>\n<meta property=\"og:title\" content=\"Parcelas para camping y caravanas en el Pa\u00eds Vasco - Parcelas para tiendas en el Pa\u00eds Vasco\" \/>\n<meta property=\"og:description\" content=\"Inf\u00f3rmese sobre el alquiler de una parcela de camping-caravana en el Pa\u00eds Vasco en el Camping Suhiberry: parcelas con todas las comodidades\" \/>\n<meta property=\"og:url\" content=\"https:\/\/www.campingsuhiberry.com\/es\/ubicacion-camping-pais-vasco\/\" \/>\n<meta property=\"og:site_name\" content=\"Camping Suhiberry\" \/>\n<meta property=\"article:modified_time\" content=\"2026-01-05T09:25:41+00:00\" \/>\n<meta property=\"og:image\" content=\"https:\/\/www.campingsuhiberry.com\/wp-content\/uploads\/2022\/01\/camping-emplacement-caravaning-pays-basque.jpg\" \/>\n\t<meta property=\"og:image:width\" content=\"1900\" \/>\n\t<meta property=\"og:image:height\" content=\"700\" \/>\n\t<meta property=\"og:image:type\" content=\"image\/jpeg\" \/>\n<meta name=\"twitter:card\" content=\"summary_large_image\" \/>\n<meta name=\"twitter:label1\" content=\"Tiempo de lectura\" \/>\n\t<meta name=\"twitter:data1\" content=\"3 minutos\" \/>\n<!-- \/ Yoast SEO plugin. -->","yoast_head_json":{"title":"Parcelas para camping y caravanas en el Pa\u00eds Vasco - Parcelas para tiendas en el Pa\u00eds Vasco","description":"Inf\u00f3rmese sobre el alquiler de una parcela de camping-caravana en el Pa\u00eds Vasco en el Camping Suhiberry: parcelas con todas las comodidades","robots":{"index":"index","follow":"follow","max-snippet":"max-snippet:-1","max-image-preview":"max-image-preview:large","max-video-preview":"max-video-preview:-1"},"canonical":"https:\/\/www.campingsuhiberry.com\/es\/ubicacion-camping-pais-vasco\/","og_locale":"es_ES","og_type":"article","og_title":"Parcelas para camping y caravanas en el Pa\u00eds Vasco - Parcelas para tiendas en el Pa\u00eds Vasco","og_description":"Inf\u00f3rmese sobre el alquiler de una parcela de camping-caravana en el Pa\u00eds Vasco en el Camping Suhiberry: parcelas con todas las comodidades","og_url":"https:\/\/www.campingsuhiberry.com\/es\/ubicacion-camping-pais-vasco\/","og_site_name":"Camping Suhiberry","article_modified_time":"2026-01-05T09:25:41+00:00","og_image":[{"width":1900,"height":700,"url":"https:\/\/www.campingsuhiberry.com\/wp-content\/uploads\/2022\/01\/camping-emplacement-caravaning-pays-basque.jpg","type":"image\/jpeg"}],"twitter_card":"summary_large_image","twitter_misc":{"Tiempo de lectura":"3 minutos"},"schema":{"@context":"https:\/\/schema.org","@graph":[{"@type":"WebPage","@id":"https:\/\/www.campingsuhiberry.com\/es\/ubicacion-camping-pais-vasco\/","url":"https:\/\/www.campingsuhiberry.com\/es\/ubicacion-camping-pais-vasco\/","name":"Parcelas para camping y caravanas en el Pa\u00eds Vasco - Parcelas para tiendas en el Pa\u00eds Vasco","isPartOf":{"@id":"https:\/\/www.campingsuhiberry.com\/es\/#website"},"primaryImageOfPage":{"@id":"https:\/\/www.campingsuhiberry.com\/es\/ubicacion-camping-pais-vasco\/#primaryimage"},"image":{"@id":"https:\/\/www.campingsuhiberry.com\/es\/ubicacion-camping-pais-vasco\/#primaryimage"},"thumbnailUrl":"https:\/\/www.campingsuhiberry.com\/wp-content\/uploads\/2022\/01\/camping-emplacement-caravaning-pays-basque.jpg","datePublished":"2022-01-06T15:56:46+00:00","dateModified":"2026-01-05T09:25:41+00:00","description":"Inf\u00f3rmese sobre el alquiler de una parcela de camping-caravana en el Pa\u00eds Vasco en el Camping Suhiberry: parcelas con todas las comodidades","breadcrumb":{"@id":"https:\/\/www.campingsuhiberry.com\/es\/ubicacion-camping-pais-vasco\/#breadcrumb"},"inLanguage":"es","potentialAction":[{"@type":"ReadAction","target":["https:\/\/www.campingsuhiberry.com\/es\/ubicacion-camping-pais-vasco\/"]}]},{"@type":"ImageObject","inLanguage":"es","@id":"https:\/\/www.campingsuhiberry.com\/es\/ubicacion-camping-pais-vasco\/#primaryimage","url":"https:\/\/www.campingsuhiberry.com\/wp-content\/uploads\/2022\/01\/camping-emplacement-caravaning-pays-basque.jpg","contentUrl":"https:\/\/www.campingsuhiberry.com\/wp-content\/uploads\/2022\/01\/camping-emplacement-caravaning-pays-basque.jpg","width":1900,"height":700,"caption":"camping emplacement caravaning pays basque"},{"@type":"BreadcrumbList","@id":"https:\/\/www.campingsuhiberry.com\/es\/ubicacion-camping-pais-vasco\/#breadcrumb","itemListElement":[{"@type":"ListItem","position":1,"name":"Camping Pa\u00eds Vasco","item":"https:\/\/www.campingsuhiberry.com\/es\/"},{"@type":"ListItem","position":2,"name":"Parcelas de camping y caravanas en el Pa\u00eds Vasco"}]},{"@type":"WebSite","@id":"https:\/\/www.campingsuhiberry.com\/es\/#website","url":"https:\/\/www.campingsuhiberry.com\/es\/","name":"Camping Suhiberry","description":"","publisher":{"@id":"https:\/\/www.campingsuhiberry.com\/es\/#organization"},"potentialAction":[{"@type":"SearchAction","target":{"@type":"EntryPoint","urlTemplate":"https:\/\/www.campingsuhiberry.com\/es\/?s={search_term_string}"},"query-input":{"@type":"PropertyValueSpecification","valueRequired":true,"valueName":"search_term_string"}}],"inLanguage":"es"},{"@type":"Organization","@id":"https:\/\/www.campingsuhiberry.com\/es\/#organization","name":"Camping Suhiberry","url":"https:\/\/www.campingsuhiberry.com\/es\/","logo":{"@type":"ImageObject","inLanguage":"es","@id":"https:\/\/www.campingsuhiberry.com\/es\/#\/schema\/logo\/image\/","url":"https:\/\/www.campingsuhiberry.com\/wp-content\/uploads\/2022\/02\/26EF22B2-D6C4-4E69-88A8-12AE8EB90411.jpg","contentUrl":"https:\/\/www.campingsuhiberry.com\/wp-content\/uploads\/2022\/02\/26EF22B2-D6C4-4E69-88A8-12AE8EB90411.jpg","width":600,"height":400,"caption":"Camping Suhiberry"},"image":{"@id":"https:\/\/www.campingsuhiberry.com\/es\/#\/schema\/logo\/image\/"}}]}},"_links":{"self":[{"href":"https:\/\/www.campingsuhiberry.com\/es\/wp-json\/wp\/v2\/pages\/3089","targetHints":{"allow":["GET"]}}],"collection":[{"href":"https:\/\/www.campingsuhiberry.com\/es\/wp-json\/wp\/v2\/pages"}],"about":[{"href":"https:\/\/www.campingsuhiberry.com\/es\/wp-json\/wp\/v2\/types\/page"}],"author":[{"embeddable":true,"href":"https:\/\/www.campingsuhiberry.com\/es\/wp-json\/wp\/v2\/users\/1"}],"replies":[{"embeddable":true,"href":"https:\/\/www.campingsuhiberry.com\/es\/wp-json\/wp\/v2\/comments?post=3089"}],"version-history":[{"count":10,"href":"https:\/\/www.campingsuhiberry.com\/es\/wp-json\/wp\/v2\/pages\/3089\/revisions"}],"predecessor-version":[{"id":7467,"href":"https:\/\/www.campingsuhiberry.com\/es\/wp-json\/wp\/v2\/pages\/3089\/revisions\/7467"}],"wp:featuredmedia":[{"embeddable":true,"href":"https:\/\/www.campingsuhiberry.com\/es\/wp-json\/wp\/v2\/media\/1346"}],"wp:attachment":[{"href":"https:\/\/www.campingsuhiberry.com\/es\/wp-json\/wp\/v2\/media?parent=3089"}],"wp:term":[{"taxonomy":"sujet","embeddable":true,"href":"https:\/\/www.campingsuhiberry.com\/es\/wp-json\/wp\/v2\/sujet?post=3089"}],"curies":[{"name":"wp","href":"https:\/\/api.w.org\/{rel}","templated":true}]}}