{"id":3065,"date":"2022-01-11T11:33:36","date_gmt":"2022-01-11T10:33:36","guid":{"rendered":"https:\/\/www.campingsuhiberry.com\/camping-pays-basque-avec-piscine\/"},"modified":"2025-07-05T19:21:32","modified_gmt":"2025-07-05T17:21:32","slug":"camping-pais-vasco-con-piscina","status":"publish","type":"page","link":"https:\/\/www.campingsuhiberry.com\/es\/camping-pais-vasco-con-piscina\/","title":{"rendered":"Piscina"},"content":{"rendered":"<section id=\"ls-section-block_0ad68e1d11a3227152d8ee8cf801619f\" class=\"ls-section  page-one\" >\r\n        <div class=\"container \">\r\n        \n\n<h1 class=\"ls__heading wp-block-heading has-text-align-center\" id=\"camping-avec-piscine-a-urrugne-au-pays-basque\">Camping con piscina en Urrugne en el Pa\u00eds Vasco<\/h1>\n\n\n\n<p class=\"ls-paragraph has-text-align-center\"> En el <strong>Camping Suhiberry, en el Pa\u00eds Vasco<\/strong> **** , las alegr\u00edas del agua son privilegiadas con la zona acu\u00e1tica, un lugar sencillo pero muy privilegiado para relajarse. <\/p>\n\n\r\n    <\/div>\r\n<\/section>\n\n<section id=\"ls-section-block_77f6fa2e31f7cf5951f17e4a1aea0e50\" class=\"ls-section  page-two\" >\r\n        <div class=\"container container--wide\">\r\n        \n\n<h2 class=\"ls__heading wp-block-heading has-text-align-center\" id=\"votre-camping-avec-piscine-exterieure-chauffee-au-pays-basque\">Su camping con piscina exterior climatizada en el Pa\u00eds Vasco<\/h2>\n\n\n\n<div class=\"wp-block-columns is-layout-flex wp-container-core-columns-is-layout-9d6595d7 wp-block-columns-is-layout-flex\">\n<div class=\"wp-block-column is-layout-flow wp-block-column-is-layout-flow\" style=\"flex-basis:60%\">\n<figure class=\"wp-block-image size-full\"><img decoding=\"async\" width=\"1024\" height=\"682\" src=\"https:\/\/www.campingsuhiberry.com\/wp-content\/uploads\/2022\/02\/B74C624B-6755-4A60-9837-368E49A97163-2.jpg\" alt=\"piscina climatizada del camping suhiberry\" class=\"wp-image-2715\" srcset=\"https:\/\/www.campingsuhiberry.com\/wp-content\/uploads\/2022\/02\/B74C624B-6755-4A60-9837-368E49A97163-2.jpg 1024w, https:\/\/www.campingsuhiberry.com\/wp-content\/uploads\/2022\/02\/B74C624B-6755-4A60-9837-368E49A97163-2-300x200.jpg 300w, https:\/\/www.campingsuhiberry.com\/wp-content\/uploads\/2022\/02\/B74C624B-6755-4A60-9837-368E49A97163-2-150x100.jpg 150w, https:\/\/www.campingsuhiberry.com\/wp-content\/uploads\/2022\/02\/B74C624B-6755-4A60-9837-368E49A97163-2-768x512.jpg 768w\" sizes=\"(max-width: 1024px) 100vw, 1024px\" \/><\/figure>\n<\/div>\n\n\n\n<div class=\"wp-block-column is-layout-flow wp-block-column-is-layout-flow\" style=\"flex-basis:40%\">\n<p class=\"ls-paragraph\">Tenemos una piscina exterior climatizada a su disposici\u00f3n para satisfacer su deseo de nadar durante su estancia en el camping Urrugne. De mediados de junio a mediados de septiembre, la temperatura del agua se mantiene en 28\u00b0C, por lo que incluso los m\u00e1s frioleros pueden disfrutar de los placeres del agua.<br><br>Esta gran piscina climatizada de suave pendiente ofrece diferentes profundidades para adaptarse a todos los grupos de edad: 1m en los escalones, 1m60 en el centro y 1m40 en los bordes. As\u00ed, tanto si es usted un habitual como un principiante, encontrar\u00e1 f\u00e1cilmente lo que m\u00e1s le conviene.<br><br>Para los m\u00e1s peque\u00f1os, se ha instalado una piscina infantil para que puedan divertirse con sus amiguitos en esta zona acu\u00e1tica. Incluso pueden llevarse sus juguetes favoritos, en el cofre del tesoro dejado intencionadamente para ellos.<br><br>Si quieres relajarte despu\u00e9s de nadar o vigilar a tu hijo en la piscina infantil, hay tumbonas alrededor.<\/p>\n<\/div>\n<\/div>\n\n\r\n    <\/div>\r\n<\/section>\n\n<section id=\"ls-section-block_9cb8223f45774d228a3aef90db40629a\" class=\"ls-section  page-three has-background-image\" >\r\n    <div class=\"ls-section__background-image opacity-33\"><img decoding=\"async\" src=\"https:\/\/www.campingsuhiberry.com\/wp-content\/uploads\/2022\/01\/camping-suhiberry-piscine-enfant-1.jpg\" alt=\"camping suhiberry piscine enfant\"><\/div>    <div class=\"container \">\r\n        \n\n<h2 class=\"ls__heading wp-block-heading has-text-align-center\" id=\"le-charmant-espace-piscine-et-bien-etre-du-camping-urrugne-vous-permet-de\"><strong>La encantadora piscina y la zona de bienestar del camping Urrugne le permiten :<\/strong><\/h2>\n\n\n\n<p class=\"ls-paragraph has-text-align-left\">Siempre es un placer pasar tiempo con la familia en el parque acu\u00e1tico del <strong>Camping Pa\u00eds Vasco Suhiberry<\/strong> durante unas <a href=\"https:\/\/www.campingsuhiberry.com\/es\/\">vacaciones en el Pa\u00eds Vasco<\/a>.<\/p>\n\n\r\n    <\/div>\r\n<\/section>\n\n<section id=\"ls-section-block_8b0c897086685aaa383b8c6b00a791b8\" class=\"ls-section  page-four\" >\r\n        <div class=\"container container--wide\">\r\n        \n\n<div class=\"wp-block-columns are-vertically-aligned-center m-t-10 is-layout-flex wp-container-core-columns-is-layout-9d6595d7 wp-block-columns-is-layout-flex\">\n<div class=\"wp-block-column is-vertically-aligned-center is-layout-flow wp-block-column-is-layout-flow\" style=\"flex-basis:40%\">\n<h2 class=\"ls__heading wp-block-heading\" id=\"horaires-infos\"> Horarios e informaci\u00f3n <\/h2>\n\n\n\n<p class=\"ls-paragraph\">Durante la temporada alta, es decir, durante los meses de julio y agosto, la <strong>piscina se calienta<\/strong> a 28\u00b0C y est\u00e1 abierta de 10 a 19:30 horas. El resto del a\u00f1o est\u00e1 abierto de 10 a 18:30 horas.<br><br>Prestamos gran atenci\u00f3n a la higiene y la limpieza. Nuestros equipos controlan diariamente la calidad del agua realizando controles antes de cada apertura de nuestras piscinas. Adem\u00e1s, se realizan controles en laboratorios homologados para garantizar una calidad \u00f3ptima de las aguas de ba\u00f1o.<\/p>\n<\/div>\n\n\n\n<div class=\"wp-block-column is-vertically-aligned-center mozaique is-layout-flow wp-block-column-is-layout-flow\" style=\"flex-basis:60%\">\n<div class=\"wp-block-columns first is-layout-flex wp-container-core-columns-is-layout-9d6595d7 wp-block-columns-is-layout-flex\">\n<div class=\"wp-block-column is-layout-flow wp-block-column-is-layout-flow\" style=\"flex-basis:66.66%\">\n<figure class=\"wp-block-image size-full\"><a href=\"https:\/\/www.campingsuhiberry.com\/wp-content\/uploads\/2022\/02\/26EF22B2-D6C4-4E69-88A8-12AE8EB90411.jpg\"><img decoding=\"async\" width=\"600\" height=\"400\" src=\"https:\/\/www.campingsuhiberry.com\/wp-content\/uploads\/2022\/02\/26EF22B2-D6C4-4E69-88A8-12AE8EB90411.jpg\" alt=\"piscina actividad camping suhiberry\" class=\"wp-image-2676\" srcset=\"https:\/\/www.campingsuhiberry.com\/wp-content\/uploads\/2022\/02\/26EF22B2-D6C4-4E69-88A8-12AE8EB90411.jpg 600w, https:\/\/www.campingsuhiberry.com\/wp-content\/uploads\/2022\/02\/26EF22B2-D6C4-4E69-88A8-12AE8EB90411-300x200.jpg 300w, https:\/\/www.campingsuhiberry.com\/wp-content\/uploads\/2022\/02\/26EF22B2-D6C4-4E69-88A8-12AE8EB90411-150x100.jpg 150w\" sizes=\"(max-width: 600px) 100vw, 600px\" \/><\/a><\/figure>\n<\/div>\n\n\n\n<div class=\"wp-block-column is-layout-flow wp-block-column-is-layout-flow\" style=\"flex-basis:33.33%\">\n<figure class=\"wp-block-image size-full\"><a href=\"https:\/\/www.campingsuhiberry.com\/wp-content\/uploads\/2022\/02\/3D3ECA2F-5C48-44D6-9750-8C194546994C.jpg\"><img decoding=\"async\" width=\"400\" height=\"600\" src=\"https:\/\/www.campingsuhiberry.com\/wp-content\/uploads\/2022\/02\/3D3ECA2F-5C48-44D6-9750-8C194546994C.jpg\" alt=\"camping yoga piscina suhiberry\" class=\"wp-image-2685\" srcset=\"https:\/\/www.campingsuhiberry.com\/wp-content\/uploads\/2022\/02\/3D3ECA2F-5C48-44D6-9750-8C194546994C.jpg 400w, https:\/\/www.campingsuhiberry.com\/wp-content\/uploads\/2022\/02\/3D3ECA2F-5C48-44D6-9750-8C194546994C-200x300.jpg 200w, https:\/\/www.campingsuhiberry.com\/wp-content\/uploads\/2022\/02\/3D3ECA2F-5C48-44D6-9750-8C194546994C-100x150.jpg 100w\" sizes=\"(max-width: 400px) 100vw, 400px\" \/><\/a><\/figure>\n<\/div>\n<\/div>\n\n\n\n<div class=\"wp-block-columns is-layout-flex wp-container-core-columns-is-layout-9d6595d7 wp-block-columns-is-layout-flex\">\n<div class=\"wp-block-column is-layout-flow wp-block-column-is-layout-flow\" style=\"flex-basis:40%\">\n<figure class=\"wp-block-image size-full\"><a href=\"https:\/\/www.campingsuhiberry.com\/wp-content\/uploads\/2022\/02\/21430536-C818-4A72-93B0-79C9CF647362.jpg\"><img decoding=\"async\" width=\"600\" height=\"400\" src=\"https:\/\/www.campingsuhiberry.com\/wp-content\/uploads\/2022\/02\/21430536-C818-4A72-93B0-79C9CF647362.jpg\" alt=\"camping piscina ni\u00f1os pa\u00eds vasco\" class=\"wp-image-2691\" srcset=\"https:\/\/www.campingsuhiberry.com\/wp-content\/uploads\/2022\/02\/21430536-C818-4A72-93B0-79C9CF647362.jpg 600w, https:\/\/www.campingsuhiberry.com\/wp-content\/uploads\/2022\/02\/21430536-C818-4A72-93B0-79C9CF647362-300x200.jpg 300w, https:\/\/www.campingsuhiberry.com\/wp-content\/uploads\/2022\/02\/21430536-C818-4A72-93B0-79C9CF647362-150x100.jpg 150w\" sizes=\"(max-width: 600px) 100vw, 600px\" \/><\/a><\/figure>\n<\/div>\n\n\n\n<div class=\"wp-block-column is-layout-flow wp-block-column-is-layout-flow\" style=\"flex-basis:60%\">\n<figure class=\"wp-block-image size-full\"><a href=\"https:\/\/www.campingsuhiberry.com\/wp-content\/uploads\/2022\/02\/79264440-AB18-4AEF-8B97-F27103231F3E.jpg\"><img decoding=\"async\" width=\"600\" height=\"400\" src=\"https:\/\/www.campingsuhiberry.com\/wp-content\/uploads\/2022\/02\/79264440-AB18-4AEF-8B97-F27103231F3E.jpg\" alt=\"piscina para ni\u00f1os camping suhiberry\" class=\"wp-image-2681\" srcset=\"https:\/\/www.campingsuhiberry.com\/wp-content\/uploads\/2022\/02\/79264440-AB18-4AEF-8B97-F27103231F3E.jpg 600w, https:\/\/www.campingsuhiberry.com\/wp-content\/uploads\/2022\/02\/79264440-AB18-4AEF-8B97-F27103231F3E-300x200.jpg 300w, https:\/\/www.campingsuhiberry.com\/wp-content\/uploads\/2022\/02\/79264440-AB18-4AEF-8B97-F27103231F3E-150x100.jpg 150w\" sizes=\"(max-width: 600px) 100vw, 600px\" \/><\/a><\/figure>\n<\/div>\n<\/div>\n<\/div>\n<\/div>\n\n\r\n    <\/div>\r\n<\/section>\n\n<section id=\"ls-section-block_57d84a98349e96aad44da7d287f29943\" class=\"ls-section  page-three has-background-image has-background has-color-1-background-color\" >\r\n    <div class=\"ls-section__background-image opacity-33\"><img decoding=\"async\" src=\"https:\/\/www.campingsuhiberry.com\/wp-content\/uploads\/2022\/02\/camping-piscine-pays-basque-suhiberry-1.jpg\" alt=\"camping piscine pays basque suhiberry\"><\/div>    <div class=\"container \">\r\n        \n\n<h2 class=\"ls__heading wp-block-heading\" id=\"a-noter\">A tener en cuenta<\/h2>\n\n\r\n    <\/div>\r\n<\/section>\n\n<section id=\"ls-section-block_fddb9aa4d6582355e192751fcc2c3986\" class=\"ls-section  page-six\" >\r\n        <div class=\"container container--wide\">\r\n        \n\n<div id=\"ls-heading ls-titre-div-block_a8af74fbc0e3e06d154394efe08eac00\" class=\"ls-titre-div ls__heading aligncenter h2-like\" >\n    Descubra los dem\u00e1s servicios y actividades de nuestro camping en el Pa\u00eds Vasco<\/div>\n\n\n\n<div class=\"wp-block-columns is-layout-flex wp-container-core-columns-is-layout-9d6595d7 wp-block-columns-is-layout-flex\">\n<div class=\"wp-block-column is-layout-flow wp-block-column-is-layout-flow\"><div id=\"ls-maillage-block_d3a11d9639e42e2f54003464281462b9\" class=\"ls-maillage cta-style-normal\" data-rows=\"3\">\r\n    <div class=\"wp-block-columns\"><div class=\"wp-block-column\">\n\n<a href=\"https:\/\/www.campingsuhiberry.com\/es\/actividades-camping-urrugne\/\" target=\"\" rel=\"noopener\" class=\"ls-cta__link\">\n\n\t<div class=\"ls-cta__image\"><img decoding=\"async\" src=\"https:\/\/www.campingsuhiberry.com\/wp-content\/uploads\/2022\/02\/camping-urrugne-activite-sport.jpg\" alt=\"camping urrugne activite sport\"><\/div>\n\t<div class=\"ls-cta__title\">\n\t\tActividades l\u00fadicas y deportivas\t<\/div>\n\n\t\t\n<\/a><\/div><\/div><\/div><\/div>\n\n\n\n<div class=\"wp-block-column is-layout-flow wp-block-column-is-layout-flow\"><div id=\"ls-maillage-block_f62db26f5db22c636385e069f84654a8\" class=\"ls-maillage cta-style-normal\" data-rows=\"3\">\r\n    <div class=\"wp-block-columns\"><div class=\"wp-block-column\">\n\n<a href=\"https:\/\/www.campingsuhiberry.com\/es\/camping-con-animaciones-pais-vasco\/\" target=\"\" rel=\"noopener\" class=\"ls-cta__link\">\n\n\t<div class=\"ls-cta__image\"><img decoding=\"async\" src=\"https:\/\/www.campingsuhiberry.com\/wp-content\/uploads\/2022\/01\/camping-soiree-animee-hendaye-768x512.jpg\" alt=\"camping soiree animee hendaye\"><\/div>\n\t<div class=\"ls-cta__title\">\n\t\tEntretenimiento y fiestas\t<\/div>\n\n\t\t\n<\/a><\/div><\/div><\/div><\/div>\n\n\n\n<div class=\"wp-block-column is-layout-flow wp-block-column-is-layout-flow\"><div id=\"ls-maillage-block_b1773967608c514c50d977cfbbb13ab7\" class=\"ls-maillage cta-style-normal\" data-rows=\"3\">\r\n    <div class=\"wp-block-columns\"><div class=\"wp-block-column\">\n\n<a href=\"https:\/\/www.campingsuhiberry.com\/es\/ubicacion-movil-casa-pais-vasco\/\" target=\"\" rel=\"noopener\" class=\"ls-cta__link\">\n\n\t<div class=\"ls-cta__image\"><img decoding=\"async\" src=\"https:\/\/www.campingsuhiberry.com\/wp-content\/uploads\/2022\/01\/camping-location-mobil-home-pays-basque.jpg\" alt=\"camping location mobil home pays basque\"><\/div>\n\t<div class=\"ls-cta__title\">\n\t\tCasa m\u00f3vil\t<\/div>\n\n\t\t\n<\/a><\/div><\/div><\/div><\/div>\n<\/div>\n\n\r\n    <\/div>\r\n<\/section>","protected":false},"excerpt":{"rendered":"","protected":false},"author":1,"featured_media":4034,"parent":0,"menu_order":0,"comment_status":"closed","ping_status":"closed","template":"","meta":{"_acf_changed":false,"footnotes":""},"sujet":[],"class_list":["post-3065","page","type-page","status-publish","has-post-thumbnail","hentry"],"acf":[],"yoast_head":"<!-- This site is optimized with the Yoast SEO plugin v23.4 - https:\/\/yoast.com\/wordpress\/plugins\/seo\/ -->\n<title>Camping Pa\u00eds Vasco con piscina - Zona acu\u00e1tica camping costa vasca<\/title>\n<meta name=\"description\" content=\"Descubra nuestro camping con parque acu\u00e1tico en el Pa\u00eds Vasco, en Urrugne: piscina para un mayor confort\" \/>\n<meta name=\"robots\" content=\"index, follow, max-snippet:-1, max-image-preview:large, max-video-preview:-1\" \/>\n<link rel=\"canonical\" href=\"https:\/\/www.campingsuhiberry.com\/es\/camping-pais-vasco-con-piscina\/\" \/>\n<meta property=\"og:locale\" content=\"es_ES\" \/>\n<meta property=\"og:type\" content=\"article\" \/>\n<meta property=\"og:title\" content=\"Camping Pa\u00eds Vasco con piscina - Zona acu\u00e1tica camping costa vasca\" \/>\n<meta property=\"og:description\" content=\"Descubra nuestro camping con parque acu\u00e1tico en el Pa\u00eds Vasco, en Urrugne: piscina para un mayor confort\" \/>\n<meta property=\"og:url\" content=\"https:\/\/www.campingsuhiberry.com\/es\/camping-pais-vasco-con-piscina\/\" \/>\n<meta property=\"og:site_name\" content=\"Camping Suhiberry\" \/>\n<meta property=\"article:modified_time\" content=\"2025-07-05T17:21:32+00:00\" \/>\n<meta property=\"og:image\" content=\"https:\/\/www.campingsuhiberry.com\/wp-content\/uploads\/2022\/02\/camping-piscine-pays-basque.jpg\" \/>\n\t<meta property=\"og:image:width\" content=\"1900\" \/>\n\t<meta property=\"og:image:height\" content=\"565\" \/>\n\t<meta property=\"og:image:type\" content=\"image\/jpeg\" \/>\n<meta name=\"twitter:card\" content=\"summary_large_image\" \/>\n<meta name=\"twitter:label1\" content=\"Tiempo de lectura\" \/>\n\t<meta name=\"twitter:data1\" content=\"3 minutos\" \/>\n<!-- \/ Yoast SEO plugin. -->","yoast_head_json":{"title":"Camping Pa\u00eds Vasco con piscina - Zona acu\u00e1tica camping costa vasca","description":"Descubra nuestro camping con parque acu\u00e1tico en el Pa\u00eds Vasco, en Urrugne: piscina para un mayor confort","robots":{"index":"index","follow":"follow","max-snippet":"max-snippet:-1","max-image-preview":"max-image-preview:large","max-video-preview":"max-video-preview:-1"},"canonical":"https:\/\/www.campingsuhiberry.com\/es\/camping-pais-vasco-con-piscina\/","og_locale":"es_ES","og_type":"article","og_title":"Camping Pa\u00eds Vasco con piscina - Zona acu\u00e1tica camping costa vasca","og_description":"Descubra nuestro camping con parque acu\u00e1tico en el Pa\u00eds Vasco, en Urrugne: piscina para un mayor confort","og_url":"https:\/\/www.campingsuhiberry.com\/es\/camping-pais-vasco-con-piscina\/","og_site_name":"Camping Suhiberry","article_modified_time":"2025-07-05T17:21:32+00:00","og_image":[{"width":1900,"height":565,"url":"https:\/\/www.campingsuhiberry.com\/wp-content\/uploads\/2022\/02\/camping-piscine-pays-basque.jpg","type":"image\/jpeg"}],"twitter_card":"summary_large_image","twitter_misc":{"Tiempo de lectura":"3 minutos"},"schema":{"@context":"https:\/\/schema.org","@graph":[{"@type":"WebPage","@id":"https:\/\/www.campingsuhiberry.com\/es\/camping-pais-vasco-con-piscina\/","url":"https:\/\/www.campingsuhiberry.com\/es\/camping-pais-vasco-con-piscina\/","name":"Camping Pa\u00eds Vasco con piscina - Zona acu\u00e1tica camping costa vasca","isPartOf":{"@id":"https:\/\/www.campingsuhiberry.com\/es\/#website"},"primaryImageOfPage":{"@id":"https:\/\/www.campingsuhiberry.com\/es\/camping-pais-vasco-con-piscina\/#primaryimage"},"image":{"@id":"https:\/\/www.campingsuhiberry.com\/es\/camping-pais-vasco-con-piscina\/#primaryimage"},"thumbnailUrl":"https:\/\/www.campingsuhiberry.com\/wp-content\/uploads\/2022\/02\/camping-piscine-pays-basque.jpg","datePublished":"2022-01-11T10:33:36+00:00","dateModified":"2025-07-05T17:21:32+00:00","description":"Descubra nuestro camping con parque acu\u00e1tico en el Pa\u00eds Vasco, en Urrugne: piscina para un mayor confort","breadcrumb":{"@id":"https:\/\/www.campingsuhiberry.com\/es\/camping-pais-vasco-con-piscina\/#breadcrumb"},"inLanguage":"es","potentialAction":[{"@type":"ReadAction","target":["https:\/\/www.campingsuhiberry.com\/es\/camping-pais-vasco-con-piscina\/"]}]},{"@type":"ImageObject","inLanguage":"es","@id":"https:\/\/www.campingsuhiberry.com\/es\/camping-pais-vasco-con-piscina\/#primaryimage","url":"https:\/\/www.campingsuhiberry.com\/wp-content\/uploads\/2022\/02\/camping-piscine-pays-basque.jpg","contentUrl":"https:\/\/www.campingsuhiberry.com\/wp-content\/uploads\/2022\/02\/camping-piscine-pays-basque.jpg","width":1900,"height":565,"caption":"camping piscine pays basque"},{"@type":"BreadcrumbList","@id":"https:\/\/www.campingsuhiberry.com\/es\/camping-pais-vasco-con-piscina\/#breadcrumb","itemListElement":[{"@type":"ListItem","position":1,"name":"Camping Pa\u00eds Vasco","item":"https:\/\/www.campingsuhiberry.com\/es\/"},{"@type":"ListItem","position":2,"name":"Camping con piscina en el Pa\u00eds Vasco"}]},{"@type":"WebSite","@id":"https:\/\/www.campingsuhiberry.com\/es\/#website","url":"https:\/\/www.campingsuhiberry.com\/es\/","name":"Camping Suhiberry","description":"","publisher":{"@id":"https:\/\/www.campingsuhiberry.com\/es\/#organization"},"potentialAction":[{"@type":"SearchAction","target":{"@type":"EntryPoint","urlTemplate":"https:\/\/www.campingsuhiberry.com\/es\/?s={search_term_string}"},"query-input":{"@type":"PropertyValueSpecification","valueRequired":true,"valueName":"search_term_string"}}],"inLanguage":"es"},{"@type":"Organization","@id":"https:\/\/www.campingsuhiberry.com\/es\/#organization","name":"Camping Suhiberry","url":"https:\/\/www.campingsuhiberry.com\/es\/","logo":{"@type":"ImageObject","inLanguage":"es","@id":"https:\/\/www.campingsuhiberry.com\/es\/#\/schema\/logo\/image\/","url":"https:\/\/www.campingsuhiberry.com\/wp-content\/uploads\/2022\/02\/26EF22B2-D6C4-4E69-88A8-12AE8EB90411.jpg","contentUrl":"https:\/\/www.campingsuhiberry.com\/wp-content\/uploads\/2022\/02\/26EF22B2-D6C4-4E69-88A8-12AE8EB90411.jpg","width":600,"height":400,"caption":"Camping Suhiberry"},"image":{"@id":"https:\/\/www.campingsuhiberry.com\/es\/#\/schema\/logo\/image\/"}}]}},"_links":{"self":[{"href":"https:\/\/www.campingsuhiberry.com\/es\/wp-json\/wp\/v2\/pages\/3065","targetHints":{"allow":["GET"]}}],"collection":[{"href":"https:\/\/www.campingsuhiberry.com\/es\/wp-json\/wp\/v2\/pages"}],"about":[{"href":"https:\/\/www.campingsuhiberry.com\/es\/wp-json\/wp\/v2\/types\/page"}],"author":[{"embeddable":true,"href":"https:\/\/www.campingsuhiberry.com\/es\/wp-json\/wp\/v2\/users\/1"}],"replies":[{"embeddable":true,"href":"https:\/\/www.campingsuhiberry.com\/es\/wp-json\/wp\/v2\/comments?post=3065"}],"version-history":[{"count":9,"href":"https:\/\/www.campingsuhiberry.com\/es\/wp-json\/wp\/v2\/pages\/3065\/revisions"}],"predecessor-version":[{"id":7480,"href":"https:\/\/www.campingsuhiberry.com\/es\/wp-json\/wp\/v2\/pages\/3065\/revisions\/7480"}],"wp:featuredmedia":[{"embeddable":true,"href":"https:\/\/www.campingsuhiberry.com\/es\/wp-json\/wp\/v2\/media\/4034"}],"wp:attachment":[{"href":"https:\/\/www.campingsuhiberry.com\/es\/wp-json\/wp\/v2\/media?parent=3065"}],"wp:term":[{"taxonomy":"sujet","embeddable":true,"href":"https:\/\/www.campingsuhiberry.com\/es\/wp-json\/wp\/v2\/sujet?post=3065"}],"curies":[{"name":"wp","href":"https:\/\/api.w.org\/{rel}","templated":true}]}}